{"id":18157,"date":"2021-10-22T12:12:44","date_gmt":"2021-10-22T12:12:44","guid":{"rendered":"https:\/\/cultivers.es\/abonos\/fertilizante-organico-para-plantas-ornamentais\/"},"modified":"2025-09-22T05:14:36","modified_gmt":"2025-09-22T05:14:36","slug":"fertilizante-organico-para-plantas-ornamentais","status":"publish","type":"product","link":"https:\/\/cultivers.es\/pt-pt\/fertilizantes\/fertilizante-organico-para-plantas-ornamentais\/","title":{"rendered":"Fertilizante org\u00e2nico para plantas ornamentais"},"content":{"rendered":"<p>O nosso Fertilizante Org\u00e2nico para Plantas Ornamentais tem uma formula\u00e7\u00e3o especial para plantas ornamentais, 100% natural e org\u00e2nica. \u00c9 de origem vegetal e tem a forma de uma p\u00e9rola para facilitar a sua utiliza\u00e7\u00e3o. Alto teor de mat\u00e9ria org\u00e2nica, com uma excelente rela\u00e7\u00e3o carbono\/nitrog\u00e9nio que facilita a absor\u00e7\u00e3o de nutrientes pela planta.<\/p>\n<p>Uma parte do azoto est\u00e1 dispon\u00edvel desde o momento da aplica\u00e7\u00e3o e o resto \u00e9 libertado progressivamente para evitar d\u00e9fices de fertiliza\u00e7\u00e3o. O pot\u00e1ssio evita o stress e facilita a absor\u00e7\u00e3o de \u00e1gua pelas plantas. Aumenta o tamanho e a cor das flores, contribui para um fornecimento equilibrado dos principais elementos, melhora o arejamento e a reten\u00e7\u00e3o de \u00e1gua.<\/p>\n<p>O Fertilizante Org\u00e2nico para Plantas Ornamentais \u00e9 de origem vegetal e apresenta-se em forma de p\u00e9rola para facilitar a sua utiliza\u00e7\u00e3o. Adubo org\u00e2nico rico em mat\u00e9ria org\u00e2nica, com uma excelente rela\u00e7\u00e3o carbono\/nitrog\u00e9nio que facilita a absor\u00e7\u00e3o de nutrientes pela planta.<\/p>\n","protected":false},"excerpt":{"rendered":"<div id=\"featurebullets_feature_div\" class=\"celwidget\" data-feature-name=\"featurebullets\" data-csa-c-id=\"k06zpm-578otj-s52u0w-7dnm79\" data-cel-widget=\"featurebullets_feature_div\">\n<div id=\"feature-bullets\" class=\"a-section a-spacing-medium a-spacing-top-small\">\n<ul class=\"a-unordered-list a-vertical a-spacing-mini\">\n<li><span class=\"a-list-item\">Plantas saud\u00e1veis e fortes. Aumenta a flora\u00e7\u00e3o e intensifica a cor <\/span><\/li>\n<li><span class=\"a-list-item\">Liberta\u00e7\u00e3o controlada \u00f3ptima durante um per\u00edodo de tempo mais longo, maximizando a efic\u00e1cia de cada nutriente e evitando a indesej\u00e1vel sobre-fertiliza\u00e7\u00e3o.<\/span><\/li>\n<li><span class=\"a-list-item\">Estimula o crescimento das ra\u00edzes e evita problemas de car\u00eancia. Fertilizante de f\u00e1cil absor\u00e7\u00e3o e melhora a estrutura do solo. Ajuda na reten\u00e7\u00e3o de l\u00edquidos e poupa \u00e1gua.  <\/span><\/li>\n<li><span class=\"a-list-item\">100% Org\u00e2nico e Vegan Fertilizante Granulado<\/span><\/li>\n<li><span class=\"a-list-item\">Plantas mais fortes e resistentes<\/span><\/li>\n<li><span class=\"a-list-item\">Adubo org\u00e2nico granulado sob a forma de microesferas de liberta\u00e7\u00e3o lenta e controlada.<\/span><\/li>\n<\/ul>\n<\/div>\n<\/div>\n<div id=\"bissProductSpecification_feature_div\" class=\"celwidget\" data-feature-name=\"bissProductSpecification\" data-csa-c-id=\"wd687s-f2isls-pb65gz-13vpr8\" data-cel-widget=\"bissProductSpecification_feature_div\"><\/div>\n","protected":false},"featured_media":11776,"comment_status":"open","ping_status":"closed","template":"","meta":{"_acf_changed":false},"product_brand":[],"product_cat":[325,323],"product_tag":[1411],"class_list":{"0":"post-18157","1":"product","2":"type-product","3":"status-publish","4":"has-post-thumbnail","6":"product_cat-fertilizantes","7":"product_cat-fertilizantes-solidos","8":"product_tag-caae-pt-pt","10":"first","11":"instock","12":"taxable","13":"shipping-taxable","14":"purchasable","15":"product-type-variable"},"acf":[],"_links":{"self":[{"href":"https:\/\/cultivers.es\/pt-pt\/wp-json\/wp\/v2\/product\/18157","targetHints":{"allow":["GET"]}}],"collection":[{"href":"https:\/\/cultivers.es\/pt-pt\/wp-json\/wp\/v2\/product"}],"about":[{"href":"https:\/\/cultivers.es\/pt-pt\/wp-json\/wp\/v2\/types\/product"}],"replies":[{"embeddable":true,"href":"https:\/\/cultivers.es\/pt-pt\/wp-json\/wp\/v2\/comments?post=18157"}],"wp:featuredmedia":[{"embeddable":true,"href":"https:\/\/cultivers.es\/pt-pt\/wp-json\/wp\/v2\/media\/11776"}],"wp:attachment":[{"href":"https:\/\/cultivers.es\/pt-pt\/wp-json\/wp\/v2\/media?parent=18157"}],"wp:term":[{"taxonomy":"product_brand","embeddable":true,"href":"https:\/\/cultivers.es\/pt-pt\/wp-json\/wp\/v2\/product_brand?post=18157"},{"taxonomy":"product_cat","embeddable":true,"href":"https:\/\/cultivers.es\/pt-pt\/wp-json\/wp\/v2\/product_cat?post=18157"},{"taxonomy":"product_tag","embeddable":true,"href":"https:\/\/cultivers.es\/pt-pt\/wp-json\/wp\/v2\/product_tag?post=18157"}],"curies":[{"name":"wp","href":"https:\/\/api.w.org\/{rel}","templated":true}]}}