{"id":18159,"date":"2021-10-22T12:12:44","date_gmt":"2021-10-22T12:12:44","guid":{"rendered":"https:\/\/cultivers.es\/abonos\/fertilizante-organico-para-hortensias\/"},"modified":"2025-09-22T05:30:18","modified_gmt":"2025-09-22T05:30:18","slug":"fertilizante-ecologico-hortensia-fertilizante","status":"publish","type":"product","link":"https:\/\/cultivers.es\/pt-pt\/fertilizantes\/fertilizante-ecologico-hortensia-fertilizante\/","title":{"rendered":"Fertilizante org\u00e2nico para hort\u00eansias"},"content":{"rendered":"<p>Fertilizante org\u00e2nico para hort\u00eansias. O adubo org\u00e2nico para hort\u00eansias e outras plantas \u00e1cidas \u00e9 uma formula\u00e7\u00e3o org\u00e2nica l\u00edquida que fornece um equil\u00edbrio nutricional desenvolvido para manter o pH do solo mais baixo. Facilita a absor\u00e7\u00e3o de nutrientes pela planta. Recomendado para estimular a flora\u00e7\u00e3o e o crescimento controlado. Cont\u00e9m ferro quelatado para manter o verde intenso das folhas.<\/p>\n","protected":false},"excerpt":{"rendered":"<div id=\"featurebullets_feature_div\" class=\"celwidget\" data-feature-name=\"featurebullets\" data-csa-c-id=\"1hl9t2-oj47c8-7b56s0-1pa7hz\" data-cel-widget=\"featurebullets_feature_div\">\n<div id=\"feature-bullets\" class=\"a-section a-spacing-medium a-spacing-top-small\">\n<ul class=\"a-unordered-list a-vertical a-spacing-mini\">\n<li><span class=\"a-list-item\">Adubo org\u00e2nico especial para hort\u00eansias e cam\u00e9lias<\/span><\/li>\n<li><span class=\"a-list-item\">Aumenta a flora\u00e7\u00e3o e ativa a cor das flores<\/span><\/li>\n<li><span class=\"a-list-item\">100% org\u00e2nico e de origem vegana; altamente assimil\u00e1vel com npk 8-1-5 74% de mat\u00e9ria org\u00e2nica e \u00e1cidos h\u00famicos<\/span><\/li>\n<li><span class=\"a-list-item\">Formula\u00e7\u00e3o controlada de a\u00e7\u00e3o lenta de origem vegetal; aumenta a resist\u00eancia \u00e0s doen\u00e7as<\/span><\/li>\n<li><span class=\"a-list-item\">Produto 100% natural e amigo dos animais, amigo do ambiente.<\/span><\/li>\n<\/ul>\n<\/div>\n<\/div>\n","protected":false},"featured_media":12482,"comment_status":"open","ping_status":"closed","template":"","meta":{"_acf_changed":false},"product_brand":[],"product_cat":[325,323,545],"product_tag":[1411],"class_list":{"0":"post-18159","1":"product","2":"type-product","3":"status-publish","4":"has-post-thumbnail","6":"product_cat-fertilizantes","7":"product_cat-fertilizantes-solidos","8":"product_cat-hortensias-pt-pt","9":"product_tag-caae-pt-pt","11":"first","12":"instock","13":"taxable","14":"shipping-taxable","15":"purchasable","16":"product-type-variable"},"acf":[],"_links":{"self":[{"href":"https:\/\/cultivers.es\/pt-pt\/wp-json\/wp\/v2\/product\/18159","targetHints":{"allow":["GET"]}}],"collection":[{"href":"https:\/\/cultivers.es\/pt-pt\/wp-json\/wp\/v2\/product"}],"about":[{"href":"https:\/\/cultivers.es\/pt-pt\/wp-json\/wp\/v2\/types\/product"}],"replies":[{"embeddable":true,"href":"https:\/\/cultivers.es\/pt-pt\/wp-json\/wp\/v2\/comments?post=18159"}],"wp:featuredmedia":[{"embeddable":true,"href":"https:\/\/cultivers.es\/pt-pt\/wp-json\/wp\/v2\/media\/12482"}],"wp:attachment":[{"href":"https:\/\/cultivers.es\/pt-pt\/wp-json\/wp\/v2\/media?parent=18159"}],"wp:term":[{"taxonomy":"product_brand","embeddable":true,"href":"https:\/\/cultivers.es\/pt-pt\/wp-json\/wp\/v2\/product_brand?post=18159"},{"taxonomy":"product_cat","embeddable":true,"href":"https:\/\/cultivers.es\/pt-pt\/wp-json\/wp\/v2\/product_cat?post=18159"},{"taxonomy":"product_tag","embeddable":true,"href":"https:\/\/cultivers.es\/pt-pt\/wp-json\/wp\/v2\/product_tag?post=18159"}],"curies":[{"name":"wp","href":"https:\/\/api.w.org\/{rel}","templated":true}]}}