{"id":18161,"date":"2021-10-22T12:12:44","date_gmt":"2021-10-22T12:12:44","guid":{"rendered":"https:\/\/cultivers.es\/abonos\/fertilizante-organico-de-guano\/"},"modified":"2025-10-31T09:56:59","modified_gmt":"2025-10-31T09:56:59","slug":"adubo-com-guano","status":"publish","type":"product","link":"https:\/\/cultivers.es\/pt-pt\/fertilizantes\/adubo-com-guano\/","title":{"rendered":"Fertilizante org\u00e2nico de guano"},"content":{"rendered":"<div id=\"dpx-product-description_feature_div\">\n<div class=\"celwidget\" data-csa-c-id=\"5jyizg-4o2ji4-od18pl-sv9ler\" data-cel-widget=\"dpx-product-description_csm_instrumentation_wrapper\">\n<div id=\"descriptionAndDetails\" class=\"a-section a-spacing-extra-large\">\n<div id=\"productDescription_feature_div\" class=\"celwidget\" data-feature-name=\"productDescription\" data-csa-c-id=\"jg15ak-vfn0hs-n6a0uj-smv9th\" data-cel-widget=\"productDescription_feature_div\">\n<div>\n<div id=\"productDescription_feature_div\" class=\"a-row feature\" data-feature-name=\"productDescription\" data-template-name=\"productDescription\" data-cel-widget=\"productDescription_feature_div\">\n<div id=\"productDescription\" class=\"a-section a-spacing-small\">\n<p>O nosso adubo org\u00e2nico de guano aumenta o tamanho dos frutos, aumentando o rendimento da colheita. Estimula as defesas naturais. Adubo org\u00e2nico ecol\u00f3gico com uma alta concentra\u00e7\u00e3o de NPK. 100% natural e inofensivo para animais e plantas. Alto teor de mat\u00e9ria org\u00e2nica e subst\u00e2ncias h\u00famicas, que t\u00eam um efeito ben\u00e9fico nas propriedades f\u00edsicas, qu\u00edmicas e biol\u00f3gicas do solo, melhorando o desenvolvimento das ra\u00edzes das plantas e a absor\u00e7\u00e3o de nutrientes. Adubo ecol\u00f3gico com guano. Fertilizante universal de origem 100% org\u00e2nica e natural para jardim e horta.      <\/p>\n<\/div>\n<\/div>\n<\/div>\n<\/div>\n<\/div>\n<\/div>\n<\/div>\n","protected":false},"excerpt":{"rendered":"<ul class=\"a-unordered-list a-vertical a-spacing-mini\">\n<li><span class=\"a-list-item\">Aumenta o tamanho dos frutos, aumenta o rendimento da colheita.<\/span><\/li>\n<li><span class=\"a-list-item\">Estimula as defesas naturais.<\/span><\/li>\n<li><span class=\"a-list-item\">Fertilizante org\u00e2nico ecol\u00f3gico com uma elevada concentra\u00e7\u00e3o de NPK<\/span><\/li>\n<li><span class=\"a-list-item\">100% natural e inofensivo para animais e plantas.<\/span><\/li>\n<li><span class=\"a-list-item\">Alto teor de mat\u00e9ria org\u00e2nica e subst\u00e2ncias h\u00famicas, que t\u00eam um efeito ben\u00e9fico nas propriedades f\u00edsicas, qu\u00edmicas e biol\u00f3gicas do solo, melhorando o desenvolvimento das ra\u00edzes das plantas e a absor\u00e7\u00e3o de nutrientes.<\/span><\/li>\n<\/ul>\n","protected":false},"featured_media":12502,"comment_status":"open","ping_status":"closed","template":"","meta":{"_acf_changed":false},"product_brand":[],"product_cat":[355,528,324,325,323,529,366],"product_tag":[1566],"class_list":{"0":"post-18161","1":"product","2":"type-product","3":"status-publish","4":"has-post-thumbnail","6":"product_cat-bonsai-pt-pt","7":"product_cat-citrinos","8":"product_cat-coniferas-e-sebes","9":"product_cat-fertilizantes","10":"product_cat-fertilizantes-solidos","11":"product_cat-oliveira","12":"product_cat-tomates-pt-pt","13":"product_tag-sohiscert-pt-pt","15":"first","16":"instock","17":"taxable","18":"shipping-taxable","19":"purchasable","20":"product-type-variable"},"acf":[],"_links":{"self":[{"href":"https:\/\/cultivers.es\/pt-pt\/wp-json\/wp\/v2\/product\/18161","targetHints":{"allow":["GET"]}}],"collection":[{"href":"https:\/\/cultivers.es\/pt-pt\/wp-json\/wp\/v2\/product"}],"about":[{"href":"https:\/\/cultivers.es\/pt-pt\/wp-json\/wp\/v2\/types\/product"}],"replies":[{"embeddable":true,"href":"https:\/\/cultivers.es\/pt-pt\/wp-json\/wp\/v2\/comments?post=18161"}],"wp:featuredmedia":[{"embeddable":true,"href":"https:\/\/cultivers.es\/pt-pt\/wp-json\/wp\/v2\/media\/12502"}],"wp:attachment":[{"href":"https:\/\/cultivers.es\/pt-pt\/wp-json\/wp\/v2\/media?parent=18161"}],"wp:term":[{"taxonomy":"product_brand","embeddable":true,"href":"https:\/\/cultivers.es\/pt-pt\/wp-json\/wp\/v2\/product_brand?post=18161"},{"taxonomy":"product_cat","embeddable":true,"href":"https:\/\/cultivers.es\/pt-pt\/wp-json\/wp\/v2\/product_cat?post=18161"},{"taxonomy":"product_tag","embeddable":true,"href":"https:\/\/cultivers.es\/pt-pt\/wp-json\/wp\/v2\/product_tag?post=18161"}],"curies":[{"name":"wp","href":"https:\/\/api.w.org\/{rel}","templated":true}]}}