{"id":18162,"date":"2021-10-22T12:12:44","date_gmt":"2021-10-22T12:12:44","guid":{"rendered":"https:\/\/cultivers.es\/abonos\/fertilizante-organico-para-rosas\/"},"modified":"2025-09-22T05:13:52","modified_gmt":"2025-09-22T05:13:52","slug":"fertilizantes-rosais-ecologicos","status":"publish","type":"product","link":"https:\/\/cultivers.es\/pt-pt\/fertilizantes\/fertilizantes-rosais-ecologicos\/","title":{"rendered":"Fertilizante org\u00e2nico para rosas"},"content":{"rendered":"<div class=\"detail-desc-decorate-richtext\" data-key=\"3\"><span class=\"slate-node-text\" data-key=\"4\"><span data-offset-key=\"4:0\" data-spm-anchor-id=\"5261.product_publish.0.i3.5b9a4edffpte7Q\">Adubo org\u00e2nico de origem vegetal rico em N e K.<\/span><\/span><\/div>\n<div class=\"detail-desc-decorate-richtext\" data-key=\"36\"><span class=\"slate-node-text\" data-key=\"35\"><span data-offset-key=\"35:0\">As vantagens deste adubo para as roseiras s\u00e3o as seguintes<\/span><\/span><\/div>\n<div class=\"detail-desc-decorate-richtext\" data-key=\"38\" data-spm-anchor-id=\"5261.product_publish.0.i7.5b9a4edffpte7Q\"><span class=\"slate-node-text\" data-key=\"37\"><span data-offset-key=\"37:0\" data-spm-anchor-id=\"5261.product_publish.0.i6.5b9a4edffpte7Q\">O azoto org\u00e2nico favorece o fornecimento de azoto ao longo de todo o ciclo. Observa o crescimento de novos rebentos, o aumento da colora\u00e7\u00e3o das folhas da roseira e uma flora\u00e7\u00e3o rica. <\/span><\/span><\/div>\n<div class=\"detail-desc-decorate-richtext\" data-key=\"44\"><\/div>\n<div class=\"detail-desc-decorate-richtext\" data-key=\"46\" data-spm-anchor-id=\"5261.product_publish.0.i10.5b9a4edffpte7Q\"><span class=\"slate-node-text\" data-key=\"45\"><span data-offset-key=\"45:0\" data-spm-anchor-id=\"5261.product_publish.0.i9.5b9a4edffpte7Q\">O elevado teor de pot\u00e1ssio provoca um bom desenvolvimento dos bot\u00f5es florais e evita o amarelecimento ou a murchid\u00e3o das folhas.<\/span><\/span><\/div>\n<div class=\"detail-desc-decorate-richtext\" data-key=\"48\"><\/div>\n<div class=\"detail-desc-decorate-richtext\" data-key=\"50\" data-spm-anchor-id=\"5261.product_publish.0.i11.5b9a4edffpte7Q\" data-slate-fragment=\"JTdCJTIyb2JqZWN0JTIyJTNBJTIyZG9jdW1lbnQlMjIlMkMlMjJkYXRhJTIyJTNBJTdCJTdEJTJDJTIybm9kZXMlMjIlM0ElNUIlN0IlMjJvYmplY3QlMjIlM0ElMjJibG9jayUyMiUyQyUyMnR5cGUlMjIlM0ElMjJkaXYlMjIlMkMlMjJpc1ZvaWQlMjIlM0FmYWxzZSUyQyUyMmRhdGElMjIlM0ElN0IlMjJjbGFzc05hbWUlMjIlM0ElMjJkZXRhaWxtb2R1bGVfaHRtbCUyMiU3RCUyQyUyMm5vZGVzJTIyJTNBJTVCJTdCJTIyb2JqZWN0JTIyJTNBJTIyYmxvY2slMjIlMkMlMjJ0eXBlJTIyJTNBJTIyZGl2JTIyJTJDJTIyaXNWb2lkJTIyJTNBZmFsc2UlMkMlMjJkYXRhJTIyJTNBJTdCJTIyY2xhc3NOYW1lJTIyJTNBJTIyZGV0YWlsLWRlc2MtZGVjb3JhdGUtcmljaHRleHQlMjIlN0QlMkMlMjJub2RlcyUyMiUzQSU1QiU3QiUyMm9iamVjdCUyMiUzQSUyMnRleHQlMjIlMkMlMjJsZWF2ZXMlMjIlM0ElNUIlN0IlMjJvYmplY3QlMjIlM0ElMjJsZWFmJTIyJTJDJTIydGV4dCUyMiUzQSUyMkZlcnRpbGl6YW50ZSUyMG9yZyVDMyVBMW5pY28lMjBkZSUyMG9yaWdlbiUyMHZlZ2V0YWwlMjByaWNvJTIwZW4lMjBOJTIweSUyMEsuJTIyJTJDJTIybWFya3MlMjIlM0ElNUIlNUQlN0QlNUQlN0QlNUQlN0QlMkMlN0IlMjJvYmplY3QlMjIlM0ElMjJibG9jayUyMiUyQyUyMnR5cGUlMjIlM0ElMjJkaXYlMjIlMkMlMjJpc1ZvaWQlMjIlM0FmYWxzZSUyQyUyMmRhdGElMjIlM0ElN0IlMjJjbGFzc05hbWUlMjIlM0ElMjJkZXRhaWwtZGVzYy1kZWNvcmF0ZS1yaWNodGV4dCUyMiU3RCUyQyUyMm5vZGVzJTIyJTNBJTVCJTdCJTIyb2JqZWN0JTIyJTNBJTIydGV4dCUyMiUyQyUyMmxlYXZlcyUyMiUzQSU1QiU3QiUyMm9iamVjdCUyMiUzQSUyMmxlYWYlMjIlMkMlMjJ0ZXh0JTIyJTNBJTIyTG9zJTIwYmVuZWZpY2lvcyUyMGRlbCUyMGFwb3J0ZSUyMGRlJTIwZXN0ZSUyMGZlcnRpbGl6YW50ZSUyMGElMjBsb3MlMjByb3NhbGVzJTIwc29uJTIwbG9zJTIwc2lndWllbnRlJTNBJTIyJTJDJTIybWFya3MlMjIlM0ElNUIlNUQlN0QlNUQlN0QlNUQlN0QlMkMlN0IlMjJvYmplY3QlMjIlM0ElMjJibG9jayUyMiUyQyUyMnR5cGUlMjIlM0ElMjJkaXYlMjIlMkMlMjJpc1ZvaWQlMjIlM0FmYWxzZSUyQyUyMmRhdGElMjIlM0ElN0IlMjJjbGFzc05hbWUlMjIlM0ElMjJkZXRhaWwtZGVzYy1kZWNvcmF0ZS1yaWNodGV4dCUyMiU3RCUyQyUyMm5vZGVzJTIyJTNBJTVCJTdCJTIyb2JqZWN0JTIyJTNBJTIydGV4dCUyMiUyQyUyMmxlYXZlcyUyMiUzQSU1QiU3QiUyMm9iamVjdCUyMiUzQSUyMmxlYWYlMjIlMkMlMjJ0ZXh0JTIyJTNBJTIyRWwlMjBuaXRyJUMzJUIzZ2VubyUyMG9yZyVDMyVBMW5pY28lMkMlMjBmYXZvcmVjZSUyMGVsJTIwYXBvcnRlJTIwZGUlMjBuaXRyJUMzJUIzZ2VubyUyMGElMjBsbyUyMGxhcmdvJTIwZGUlMjB0b2RvJTIwZWwlMjBjaWNsby4lMjBPYnNlcnYlQzMlQTFuZG9zZSUyMCVDMiVBMGNyZWNpbWllbnRvcyUyMGRlJTIwYnJvdGVzJTIwbnVldm9zJTJDJTIwYXVtZW50byUyMGRlJTIwY29sb3JhY2klQzMlQjNuJTIwZGUlMjBsYXMlMjBob2phcyUyMGRlJTIwbG9zJTIwcm9zYWxlcyUyMHklMjB1bmElMjByaWNhJTIwZmxvcmFjaSVDMyVCM24uJTIyJTJDJTIybWFya3MlMjIlM0ElNUIlNUQlN0QlNUQlN0QlNUQlN0QlMkMlN0IlMjJvYmplY3QlMjIlM0ElMjJibG9jayUyMiUyQyUyMnR5cGUlMjIlM0ElMjJkaXYlMjIlMkMlMjJpc1ZvaWQlMjIlM0FmYWxzZSUyQyUyMmRhdGElMjIlM0ElN0IlMjJjbGFzc05hbWUlMjIlM0ElMjJkZXRhaWwtZGVzYy1kZWNvcmF0ZS1yaWNodGV4dCUyMiU3RCUyQyUyMm5vZGVzJTIyJTNBJTVCJTdCJTIyb2JqZWN0JTIyJTNBJTIydGV4dCUyMiUyQyUyMmxlYXZlcyUyMiUzQSU1QiU3QiUyMm9iamVjdCUyMiUzQSUyMmxlYWYlMjIlMkMlMjJ0ZXh0JTIyJTNBJTIyJTIyJTJDJTIybWFya3MlMjIlM0ElNUIlNUQlN0QlNUQlN0QlNUQlN0QlMkMlN0IlMjJvYmplY3QlMjIlM0ElMjJibG9jayUyMiUyQyUyMnR5cGUlMjIlM0ElMjJkaXYlMjIlMkMlMjJpc1ZvaWQlMjIlM0FmYWxzZSUyQyUyMmRhdGElMjIlM0ElN0IlMjJjbGFzc05hbWUlMjIlM0ElMjJkZXRhaWwtZGVzYy1kZWNvcmF0ZS1yaWNodGV4dCUyMiU3RCUyQyUyMm5vZGVzJTIyJTNBJTVCJTdCJTIyb2JqZWN0JTIyJTNBJTIydGV4dCUyMiUyQyUyMmxlYXZlcyUyMiUzQSU1QiU3QiUyMm9iamVjdCUyMiUzQSUyMmxlYWYlMjIlMkMlMjJ0ZXh0JTIyJTNBJTIyQWx0byUyMGNvbnRlbmlkbyUyMGVuJTIwUG90YXNpbyUyMHByb3ZvY2ElMjB1biUyMGJ1ZW4lMjBkZXNhcnJvbGxvJTIwZGUlMjBsb3MlMjBib3RvbmVzJTIwZmxvcmFsZXMlMjB5JTIwZXZpdGElMjBlbCUyMGFtYXJpbGxhbWllbnRvJTIwbyUyMG1hcmNoaXRhbWllbnRvJTIwZGUlMjBsYXMlMjBob2phcy4lMjIlMkMlMjJtYXJrcyUyMiUzQSU1QiU1RCU3RCU1RCU3RCU1RCU3RCUyQyU3QiUyMm9iamVjdCUyMiUzQSUyMmJsb2NrJTIyJTJDJTIydHlwZSUyMiUzQSUyMmRpdiUyMiUyQyUyMmlzVm9pZCUyMiUzQWZhbHNlJTJDJTIyZGF0YSUyMiUzQSU3QiUyMmNsYXNzTmFtZSUyMiUzQSUyMmRldGFpbC1kZXNjLWRlY29yYXRlLXJpY2h0ZXh0JTIyJTdEJTJDJTIybm9kZXMlMjIlM0ElNUIlN0IlMjJvYmplY3QlMjIlM0ElMjJ0ZXh0JTIyJTJDJTIybGVhdmVzJTIyJTNBJTVCJTdCJTIyb2JqZWN0JTIyJTNBJTIybGVhZiUyMiUyQyUyMnRleHQlMjIlM0ElMjIlMjIlMkMlMjJtYXJrcyUyMiUzQSU1QiU1RCU3RCU1RCU3RCU1RCU3RCUyQyU3QiUyMm9iamVjdCUyMiUzQSUyMmJsb2NrJTIyJTJDJTIydHlwZSUyMiUzQSUyMmRpdiUyMiUyQyUyMmlzVm9pZCUyMiUzQWZhbHNlJTJDJTIyZGF0YSUyMiUzQSU3QiUyMmNsYXNzTmFtZSUyMiUzQSUyMmRldGFpbC1kZXNjLWRlY29yYXRlLXJpY2h0ZXh0JTIyJTdEJTJDJTIybm9kZXMlMjIlM0ElNUIlN0IlMjJvYmplY3QlMjIlM0ElMjJ0ZXh0JTIyJTJDJTIybGVhdmVzJTIyJTNBJTVCJTdCJTIyb2JqZWN0JTIyJTNBJTIybGVhZiUyMiUyQyUyMnRleHQlMjIlM0ElMjJObyUyMGFjZXJjYXIlMjBhbCUyMHRyb25jbyUyMGFsJTIwYWJvbmFyLiUyMiUyQyUyMm1hcmtzJTIyJTNBJTVCJTVEJTdEJTVEJTdEJTVEJTdEJTVEJTdEJTVEJTdE\"><strong><span class=\"slate-node-text\" data-key=\"49\">N\u00e3o te aproximes do tronco para fertilizar.<\/span><\/strong><\/div>\n","protected":false},"excerpt":{"rendered":"<ul class=\"a-unordered-list a-vertical a-spacing-mini\">\n<li><span class=\"a-list-item\">Adubo org\u00e2nico especial para rosas e trepadeiras.<\/span><\/li>\n<li><span class=\"a-list-item\">Aumenta a flora\u00e7\u00e3o e o aroma das flores. Intensifica a cor. <\/span><\/li>\n<li><span class=\"a-list-item\">100% org\u00e2nico e de origem vegana. Elevada assimila\u00e7\u00e3o com NPK + 74% de mat\u00e9ria org\u00e2nica e \u00e1cidos h\u00famicos. <\/span><\/li>\n<li><span class=\"a-list-item\">Formula\u00e7\u00e3o lenta e controlada de origem vegetal. Refor\u00e7a a resist\u00eancia \u00e0s doen\u00e7as. <\/span><\/li>\n<li><span class=\"a-list-item\">Produto 100% natural e inofensivo para os animais, respeitando o meio ambiente.<\/span><\/li>\n<\/ul>\n","protected":false},"featured_media":12317,"comment_status":"open","ping_status":"closed","template":"","meta":{"_acf_changed":false},"product_brand":[],"product_cat":[325,323],"product_tag":[1411],"class_list":{"0":"post-18162","1":"product","2":"type-product","3":"status-publish","4":"has-post-thumbnail","6":"product_cat-fertilizantes","7":"product_cat-fertilizantes-solidos","8":"product_tag-caae-pt-pt","10":"first","11":"instock","12":"taxable","13":"shipping-taxable","14":"purchasable","15":"product-type-variable"},"acf":[],"_links":{"self":[{"href":"https:\/\/cultivers.es\/pt-pt\/wp-json\/wp\/v2\/product\/18162","targetHints":{"allow":["GET"]}}],"collection":[{"href":"https:\/\/cultivers.es\/pt-pt\/wp-json\/wp\/v2\/product"}],"about":[{"href":"https:\/\/cultivers.es\/pt-pt\/wp-json\/wp\/v2\/types\/product"}],"replies":[{"embeddable":true,"href":"https:\/\/cultivers.es\/pt-pt\/wp-json\/wp\/v2\/comments?post=18162"}],"wp:featuredmedia":[{"embeddable":true,"href":"https:\/\/cultivers.es\/pt-pt\/wp-json\/wp\/v2\/media\/12317"}],"wp:attachment":[{"href":"https:\/\/cultivers.es\/pt-pt\/wp-json\/wp\/v2\/media?parent=18162"}],"wp:term":[{"taxonomy":"product_brand","embeddable":true,"href":"https:\/\/cultivers.es\/pt-pt\/wp-json\/wp\/v2\/product_brand?post=18162"},{"taxonomy":"product_cat","embeddable":true,"href":"https:\/\/cultivers.es\/pt-pt\/wp-json\/wp\/v2\/product_cat?post=18162"},{"taxonomy":"product_tag","embeddable":true,"href":"https:\/\/cultivers.es\/pt-pt\/wp-json\/wp\/v2\/product_tag?post=18162"}],"curies":[{"name":"wp","href":"https:\/\/api.w.org\/{rel}","templated":true}]}}