{"id":18362,"date":"2021-10-22T12:12:49","date_gmt":"2021-10-22T12:12:49","guid":{"rendered":"https:\/\/cultivers.es\/abonos\/aminoacidos-liquidos\/"},"modified":"2025-09-22T04:59:16","modified_gmt":"2025-09-22T04:59:16","slug":"aminoacidos-liquido","status":"publish","type":"product","link":"https:\/\/cultivers.es\/pt-pt\/fertilizantes\/aminoacidos-liquido\/","title":{"rendered":"Amino\u00e1cidos l\u00edquidos"},"content":{"rendered":"<p>Bioestimulante ecol\u00f3gico com amino\u00e1cidos livres para aumentar a produtividade. \u00c9 uma formula\u00e7\u00e3o de amino\u00e1cidos obtidos por hidr\u00f3lise enzim\u00e1tica que melhora a efici\u00eancia biol\u00f3gica da cultura. Facilita o desenvolvimento das culturas e aumenta a produtividade mesmo em condi\u00e7\u00f5es adversas. A sua r\u00e1pida assimila\u00e7\u00e3o e transloca\u00e7\u00e3o poupa energia \u00e0 planta na s\u00edntese de prote\u00ednas, permitindo-lhe ativar fun\u00e7\u00f5es fisiol\u00f3gicas relacionadas com a germina\u00e7\u00e3o, flora\u00e7\u00e3o e frutifica\u00e7\u00e3o, aumentando a produtividade. Possui um aminograma perfeitamente equilibrado com efeitos positivos na fotoss\u00edntese, na poliniza\u00e7\u00e3o e na capacidade quelante.<\/p>\n","protected":false},"excerpt":{"rendered":"<ul class=\"a-unordered-list a-vertical a-spacing-mini\">\n<li><span class=\"a-list-item\">Bioestimulante ecol\u00f3gico com amino\u00e1cidos livres para aumentar a produtividade.<\/span><\/li>\n<li><span class=\"a-list-item\">\u00c9 uma formula\u00e7\u00e3o de amino\u00e1cidos obtidos por hidr\u00f3lise enzim\u00e1tica que melhora a efici\u00eancia biol\u00f3gica da cultura.<\/span><\/li>\n<li><span class=\"a-list-item\">A sua r\u00e1pida assimila\u00e7\u00e3o e transloca\u00e7\u00e3o poupa energia \u00e0 planta na s\u00edntese de prote\u00ednas, permitindo-lhe ativar fun\u00e7\u00f5es fisiol\u00f3gicas relacionadas com a germina\u00e7\u00e3o, flora\u00e7\u00e3o e frutifica\u00e7\u00e3o, aumentando a produtividade.<\/span><\/li>\n<li><span class=\"a-list-item\">Possui um aminograma perfeitamente equilibrado com efeitos positivos na fotoss\u00edntese, na poliniza\u00e7\u00e3o e na capacidade quelante.<\/span><\/li>\n<\/ul>\n","protected":false},"featured_media":29013,"comment_status":"open","ping_status":"closed","template":"","meta":{"_acf_changed":false},"product_brand":[],"product_cat":[499,497],"product_tag":[1411],"class_list":{"0":"post-18362","1":"product","2":"type-product","3":"status-publish","4":"has-post-thumbnail","6":"product_cat-aminoacidos-pt-pt","7":"product_cat-bioestimulantes-pt-pt","8":"product_tag-caae-pt-pt","10":"first","11":"instock","12":"taxable","13":"shipping-taxable","14":"purchasable","15":"product-type-variable"},"acf":[],"_links":{"self":[{"href":"https:\/\/cultivers.es\/pt-pt\/wp-json\/wp\/v2\/product\/18362","targetHints":{"allow":["GET"]}}],"collection":[{"href":"https:\/\/cultivers.es\/pt-pt\/wp-json\/wp\/v2\/product"}],"about":[{"href":"https:\/\/cultivers.es\/pt-pt\/wp-json\/wp\/v2\/types\/product"}],"replies":[{"embeddable":true,"href":"https:\/\/cultivers.es\/pt-pt\/wp-json\/wp\/v2\/comments?post=18362"}],"wp:featuredmedia":[{"embeddable":true,"href":"https:\/\/cultivers.es\/pt-pt\/wp-json\/wp\/v2\/media\/29013"}],"wp:attachment":[{"href":"https:\/\/cultivers.es\/pt-pt\/wp-json\/wp\/v2\/media?parent=18362"}],"wp:term":[{"taxonomy":"product_brand","embeddable":true,"href":"https:\/\/cultivers.es\/pt-pt\/wp-json\/wp\/v2\/product_brand?post=18362"},{"taxonomy":"product_cat","embeddable":true,"href":"https:\/\/cultivers.es\/pt-pt\/wp-json\/wp\/v2\/product_cat?post=18362"},{"taxonomy":"product_tag","embeddable":true,"href":"https:\/\/cultivers.es\/pt-pt\/wp-json\/wp\/v2\/product_tag?post=18362"}],"curies":[{"name":"wp","href":"https:\/\/api.w.org\/{rel}","templated":true}]}}