{"id":18381,"date":"2021-10-22T12:12:49","date_gmt":"2021-10-22T12:12:49","guid":{"rendered":"https:\/\/cultivers.es\/abonos\/calcio-tomates-pimentos-e-liquidos-vegetais\/"},"modified":"2025-09-22T05:01:21","modified_gmt":"2025-09-22T05:01:21","slug":"calcio-tomates-pimentos-e-vegetais-liquido","status":"publish","type":"product","link":"https:\/\/cultivers.es\/pt-pt\/fertilizantes\/calcio-tomates-pimentos-e-vegetais-liquido\/","title":{"rendered":"C\u00e1lcio Tomates, pimentos e l\u00edquidos vegetais"},"content":{"rendered":"<p>O c\u00e1lcio deste produto prov\u00e9m de fontes org\u00e2nicas (acetato de c\u00e1lcio e lignosulfonato) ricas em beta\u00ednas naturais, \u00e9 rapidamente assimilado e translocado nas plantas. Fornece c\u00e1lcio eficaz durante as fases de elevada necessidade de c\u00e1lcio - enraizamento, germina\u00e7\u00e3o, flora\u00e7\u00e3o e frutifica\u00e7\u00e3o - em culturas exigentes e\/ou naquelas estabelecidas em solos deficientes. Por outro lado, a elevada carga org\u00e2nica provoca uma resposta espec\u00edfica nas plantas, caracterizada por um aumento do crescimento vegetativo. Em solos salinos ou quando se utiliza \u00e1gua de irriga\u00e7\u00e3o rica em sal, atenua os efeitos adversos da salinidade, deslocando o s\u00f3dio do bolbo h\u00famido. O c\u00e1lcio ligado a mol\u00e9culas org\u00e2nicas melhora a flocula\u00e7\u00e3o das argilas e promove a absor\u00e7\u00e3o de outros nutrientes.<\/p>\n","protected":false},"excerpt":{"rendered":"<ul class=\"a-unordered-list a-vertical a-spacing-mini\">\n<li><span class=\"a-list-item\">Corretor de c\u00e1lcio para tomates, pimentos e todo o tipo de legumes.<\/span><\/li>\n<li><span class=\"a-list-item\">Refor\u00e7a a resist\u00eancia \u00e0s doen\u00e7as. Combate a podrid\u00e3o apical e a peseta. <\/span><\/li>\n<li><span class=\"a-list-item\">Aplicar regularmente durante as fases de maior atividade vegetativa: desenvolvimento do \u00e1pice, forma\u00e7\u00e3o das ra\u00edzes, pr\u00e9-flora\u00e7\u00e3o, frutifica\u00e7\u00e3o e vingamento dos frutos.<\/span><\/li>\n<li><span class=\"a-list-item\">Solu\u00e7\u00e3o rica em c\u00e1lcio derivada de \u00e1cidos carbox\u00edlicos -acetatos e lignosulfonatos- que melhoram a assimila\u00e7\u00e3o e a distribui\u00e7\u00e3o do c\u00e1lcio aos \u00f3rg\u00e3os vegetais exigentes.<\/span><\/li>\n<li><span class=\"a-list-item\">Melhora o equil\u00edbrio h\u00eddrico, o turgor dos tecidos e a firmeza dos frutos; aplicado no solo, aumenta o arejamento e a reten\u00e7\u00e3o de \u00e1gua e nutrientes.<\/span><\/li>\n<li><span class=\"a-list-item\">Adubo 100% natural e org\u00e2nico.<\/span><\/li>\n<\/ul>\n","protected":false},"featured_media":28362,"comment_status":"open","ping_status":"closed","template":"","meta":{"_acf_changed":false},"product_brand":[],"product_cat":[613],"product_tag":[],"woo-feed-brand":[],"class_list":{"0":"post-18381","1":"product","2":"type-product","3":"status-publish","4":"has-post-thumbnail","6":"product_cat-correctores-de-deficiencias","8":"first","9":"instock","10":"taxable","11":"shipping-taxable","12":"purchasable","13":"product-type-variable"},"acf":[],"_links":{"self":[{"href":"https:\/\/cultivers.es\/pt-pt\/wp-json\/wp\/v2\/product\/18381","targetHints":{"allow":["GET"]}}],"collection":[{"href":"https:\/\/cultivers.es\/pt-pt\/wp-json\/wp\/v2\/product"}],"about":[{"href":"https:\/\/cultivers.es\/pt-pt\/wp-json\/wp\/v2\/types\/product"}],"replies":[{"embeddable":true,"href":"https:\/\/cultivers.es\/pt-pt\/wp-json\/wp\/v2\/comments?post=18381"}],"wp:featuredmedia":[{"embeddable":true,"href":"https:\/\/cultivers.es\/pt-pt\/wp-json\/wp\/v2\/media\/28362"}],"wp:attachment":[{"href":"https:\/\/cultivers.es\/pt-pt\/wp-json\/wp\/v2\/media?parent=18381"}],"wp:term":[{"taxonomy":"product_brand","embeddable":true,"href":"https:\/\/cultivers.es\/pt-pt\/wp-json\/wp\/v2\/product_brand?post=18381"},{"taxonomy":"product_cat","embeddable":true,"href":"https:\/\/cultivers.es\/pt-pt\/wp-json\/wp\/v2\/product_cat?post=18381"},{"taxonomy":"product_tag","embeddable":true,"href":"https:\/\/cultivers.es\/pt-pt\/wp-json\/wp\/v2\/product_tag?post=18381"},{"taxonomy":"woo-feed-brand","embeddable":true,"href":"https:\/\/cultivers.es\/pt-pt\/wp-json\/wp\/v2\/woo-feed-brand?post=18381"}],"curies":[{"name":"wp","href":"https:\/\/api.w.org\/{rel}","templated":true}]}}