{"id":18383,"date":"2021-10-22T12:12:49","date_gmt":"2021-10-22T12:12:49","guid":{"rendered":"https:\/\/cultivers.es\/abonos\/sulfato-de-ferro\/"},"modified":"2026-03-19T07:05:27","modified_gmt":"2026-03-19T07:05:27","slug":"sulfato-de-ferro","status":"publish","type":"product","link":"https:\/\/cultivers.es\/pt-pt\/fertilizantes\/sulfato-de-ferro\/","title":{"rendered":"Sulfato de ferro"},"content":{"rendered":"<p>O sulfato de ferro \u00e9 um composto qu\u00edmico com a f\u00f3rmula qu\u00edmica FeSO4. Fornece \u00e0 cultura uma grande quantidade de nutrientes (enxofre, ferro, mangan\u00eas&#8230;) e ajuda a reduzir o pH tanto da mat\u00e9ria org\u00e2nica como do solo, o que melhora a estrutura do solo e favorece assim a produ\u00e7\u00e3o agr\u00edcola.<\/p>\n<p>O FERTILIZANTE DE SULFATO DE FERRO \u00e9 um produto qu\u00edmico que se apresenta sob a forma de um p\u00f3 cristalino azul-esverdeado, opaco ou pastoso. Foi especialmente desenvolvido para ser utilizado como fertilizante e no tratamento de \u00e1gua pot\u00e1vel. Para solos deficientes em ferro, clorose f\u00e9rrica, amarelecimento das folhas. \u00c9 tamb\u00e9m utilizado para remover o musgo do solo, para desinfetar o solo contra os insectos e para pintar paredes, dando-lhe uma cor ferruginosa, tamb\u00e9m chamado sulfato ferroso, verde, vitr\u00edolo verde, vitr\u00edolo de ferro, melanterite.<\/p>\n","protected":false},"excerpt":{"rendered":"<ul class=\"a-unordered-list a-vertical a-spacing-mini\">\n<li><span class=\"a-list-item\">Fornece ferro ao solo e favorece a fotoss\u00edntese das tuas plantas. Ativador do metabolismo vegetal <\/span><\/li>\n<li><span class=\"a-list-item\">Adubo 100% natural. Mant\u00e9m a acidez e reduz o pH do solo, elimina a falta de nutrientes nas tuas plantas. Fornece nutrientes ao solo. Recomendado para uso em plantas \u00e1cidas.   <\/span><\/li>\n<li><span class=\"a-list-item\">Combate o amarelecimento das folhas, a clorose f\u00e9rrica e intensifica a cor verde. FERTILIZANTE CE <\/span><\/li>\n<li><span class=\"a-list-item\">Corante para bet\u00e3o com efeito avermelhado e enferrujado para paredes, escadas, pavimentos, etc.<\/span><\/li>\n<li><span class=\"a-list-item\">Sulfato de ferro autorizado na agricultura biol\u00f3gica.<\/span><\/li>\n<\/ul>\n","protected":false},"featured_media":12742,"comment_status":"open","ping_status":"closed","template":"","meta":{"_acf_changed":false},"product_brand":[],"product_cat":[614,613,545,512,351],"product_tag":[],"class_list":{"0":"post-18383","1":"product","2":"type-product","3":"status-publish","4":"has-post-thumbnail","6":"product_cat-bioprotectores","7":"product_cat-correctores-de-deficiencias","8":"product_cat-hortensias-pt-pt","9":"product_cat-protecao-das-culturas-e-das-plantas","10":"product_cat-relvado","12":"first","13":"instock","14":"featured","15":"taxable","16":"shipping-taxable","17":"purchasable","18":"product-type-variable"},"acf":[],"_links":{"self":[{"href":"https:\/\/cultivers.es\/pt-pt\/wp-json\/wp\/v2\/product\/18383","targetHints":{"allow":["GET"]}}],"collection":[{"href":"https:\/\/cultivers.es\/pt-pt\/wp-json\/wp\/v2\/product"}],"about":[{"href":"https:\/\/cultivers.es\/pt-pt\/wp-json\/wp\/v2\/types\/product"}],"replies":[{"embeddable":true,"href":"https:\/\/cultivers.es\/pt-pt\/wp-json\/wp\/v2\/comments?post=18383"}],"wp:featuredmedia":[{"embeddable":true,"href":"https:\/\/cultivers.es\/pt-pt\/wp-json\/wp\/v2\/media\/12742"}],"wp:attachment":[{"href":"https:\/\/cultivers.es\/pt-pt\/wp-json\/wp\/v2\/media?parent=18383"}],"wp:term":[{"taxonomy":"product_brand","embeddable":true,"href":"https:\/\/cultivers.es\/pt-pt\/wp-json\/wp\/v2\/product_brand?post=18383"},{"taxonomy":"product_cat","embeddable":true,"href":"https:\/\/cultivers.es\/pt-pt\/wp-json\/wp\/v2\/product_cat?post=18383"},{"taxonomy":"product_tag","embeddable":true,"href":"https:\/\/cultivers.es\/pt-pt\/wp-json\/wp\/v2\/product_tag?post=18383"}],"curies":[{"name":"wp","href":"https:\/\/api.w.org\/{rel}","templated":true}]}}