{"id":18384,"date":"2021-10-22T12:12:50","date_gmt":"2021-10-22T12:12:50","guid":{"rendered":"https:\/\/cultivers.es\/abonos\/sulfato-de-magnesio\/"},"modified":"2025-09-22T04:59:30","modified_gmt":"2025-09-22T04:59:30","slug":"sulfato-de-magnesio","status":"publish","type":"product","link":"https:\/\/cultivers.es\/pt-pt\/fertilizantes\/sulfato-de-magnesio\/","title":{"rendered":"Sulfato de magn\u00e9sio"},"content":{"rendered":"<p>O Sulfato de Magn\u00e9sio Cultivers \u00e9 extra\u00eddo naturalmente por processos mec\u00e2nicos e \u00e9 particularmente adequado para a horticultura, agricultura e jardinagem, uma vez que promove o desenvolvimento de flores e plantas.<\/p>\n<p>\u00c9 utilizado como fertilizante para plantas verdes e plantas com flores, cultivadas em vasos, jardins e estufas. Espec\u00edfico para corrigir as car\u00eancias de magn\u00e9sio nas plantas.<\/p>\n","protected":false},"excerpt":{"rendered":"<ul class=\"a-unordered-list a-vertical a-spacing-mini\">\n<li><span class=\"a-list-item\">Fertilizante org\u00e2nico universal ideal para todos os tipos de culturas, \u00e1rvores de fruto, relvados, jardins, plantas de exterior e de interior.<\/span><\/li>\n<li><span class=\"a-list-item\">Relva e plantas mais verdes, permite que a planta resista a factores ambientais adversos. Ajuda no processo de germina\u00e7\u00e3o e no crescimento das sementes nas fases iniciais. <\/span><\/li>\n<li><span class=\"a-list-item\">Promove a atividade fotossint\u00e9tica em culturas de estufa.<\/span><\/li>\n<li><span class=\"a-list-item\">Melhora a qualidade do solo, aumenta a produ\u00e7\u00e3o de vegetais, acelera o crescimento e aumenta a flora\u00e7\u00e3o. Especialmente para tomates e pimentos devido ao seu elevado consumo de magn\u00e9sio durante o crescimento. <\/span><\/li>\n<li><span class=\"a-list-item\">100% natural e inofensivo para animais e plantas.<\/span><\/li>\n<\/ul>\n","protected":false},"featured_media":13067,"comment_status":"open","ping_status":"closed","template":"","meta":{"_acf_changed":false},"product_brand":[],"product_cat":[324,613],"product_tag":[],"class_list":{"0":"post-18384","1":"product","2":"type-product","3":"status-publish","4":"has-post-thumbnail","6":"product_cat-coniferas-e-sebes","7":"product_cat-correctores-de-deficiencias","9":"first","10":"instock","11":"taxable","12":"shipping-taxable","13":"purchasable","14":"product-type-variable"},"acf":[],"_links":{"self":[{"href":"https:\/\/cultivers.es\/pt-pt\/wp-json\/wp\/v2\/product\/18384","targetHints":{"allow":["GET"]}}],"collection":[{"href":"https:\/\/cultivers.es\/pt-pt\/wp-json\/wp\/v2\/product"}],"about":[{"href":"https:\/\/cultivers.es\/pt-pt\/wp-json\/wp\/v2\/types\/product"}],"replies":[{"embeddable":true,"href":"https:\/\/cultivers.es\/pt-pt\/wp-json\/wp\/v2\/comments?post=18384"}],"wp:featuredmedia":[{"embeddable":true,"href":"https:\/\/cultivers.es\/pt-pt\/wp-json\/wp\/v2\/media\/13067"}],"wp:attachment":[{"href":"https:\/\/cultivers.es\/pt-pt\/wp-json\/wp\/v2\/media?parent=18384"}],"wp:term":[{"taxonomy":"product_brand","embeddable":true,"href":"https:\/\/cultivers.es\/pt-pt\/wp-json\/wp\/v2\/product_brand?post=18384"},{"taxonomy":"product_cat","embeddable":true,"href":"https:\/\/cultivers.es\/pt-pt\/wp-json\/wp\/v2\/product_cat?post=18384"},{"taxonomy":"product_tag","embeddable":true,"href":"https:\/\/cultivers.es\/pt-pt\/wp-json\/wp\/v2\/product_tag?post=18384"}],"curies":[{"name":"wp","href":"https:\/\/api.w.org\/{rel}","templated":true}]}}