{"id":18386,"date":"2021-10-22T12:12:49","date_gmt":"2021-10-22T12:12:49","guid":{"rendered":"https:\/\/cultivers.es\/abonos\/calcio-tomates-e-pimentos\/"},"modified":"2025-09-22T04:58:52","modified_gmt":"2025-09-22T04:58:52","slug":"calcio-tomates-e-pimentos","status":"publish","type":"product","link":"https:\/\/cultivers.es\/pt-pt\/fertilizantes\/calcio-tomates-e-pimentos\/","title":{"rendered":"C\u00e1lcio Tomates e pimentos"},"content":{"rendered":"<p class=\"a-spacing-base\">Adubo org\u00e2nico hidrossol\u00favel com C\u00e1lcio para melhorar a firmeza, a frutifica\u00e7\u00e3o e os problemas de rachaduras. Proporciona firmeza e qualidade aos frutos gra\u00e7as \u00e0 sua excelente capacidade de penetra\u00e7\u00e3o e eficiente transloca\u00e7\u00e3o de nutrientes para as zonas de procura. <\/p>\n<p class=\"a-spacing-base\">Formula\u00e7\u00e3o est\u00e1vel de c\u00e1lcio, cuja elevada carga org\u00e2nica lhe confere uma vantagem adicional como ativador do metabolismo vegetal. Em geral, previne e corrige as car\u00eancias de c\u00e1lcio. Constitui um fornecimento b\u00e1sico nas fases fenol\u00f3gicas de frutifica\u00e7\u00e3o e vingamento, t\u00e3o importantes para garantir a produtividade. Desta forma, favorece a qualidade final dos frutos e evita poss\u00edveis desequil\u00edbrios nutricionais que podem provocar fissuras nos frutos ou podrid\u00e3o apical nas culturas hort\u00edcolas.   <\/p>\n<h3 class=\"a-spacing-mini\">O que \u00e9 o Calcio?<\/h3>\n<p>O c\u00e1lcio \u00e9 um componente estrutural da parede celular e est\u00e1 envolvido na permeabilidade da membrana plasm\u00e1tica. Participa, portanto, no transporte de fotoassimilados, ou seja, contribui para o enchimento dos frutos. O crescimento de novos rebentos e novas ra\u00edzes depende de n\u00edveis \u00f3ptimos de c\u00e1lcio. As defici\u00eancias de c\u00e1lcio ocorrem nos \u00f3rg\u00e3os jovens da planta, devido \u00e0 baixa mobilidade atrav\u00e9s do floema.   <\/p>\n<h3 class=\"a-spacing-mini\">Falta de c\u00e1lcio nos tomates e pimentos<\/h3>\n<p>A podrid\u00e3o radicular das plantas \u00e9 uma doen\u00e7a causada pela falta de c\u00e1lcio. Se o teu solo \u00e9 calc\u00e1rio e sofres desta fisiopatologia, \u00e9 porque o c\u00e1lcio do solo est\u00e1 bloqueado e n\u00e3o pode ser assimilado pelas plantas. Este c\u00e1lcio \u00e9 bloqueado com o f\u00f3sforo do solo, formando trifosfato de c\u00e1lcio. Isto pode ocorrer em solos \u00e1cidos ou mal irrigados, porque sem \u00e1gua n\u00e3o absorvem o c\u00e1lcio. Esta situa\u00e7\u00e3o pode ser resolvida com a aplica\u00e7\u00e3o de produtos que contenham c\u00e1lcio, mas devem ser produtos com c\u00e1lcio quelatado por subst\u00e2ncias org\u00e2nicas, para que a mol\u00e9cula de c\u00e1lcio possa penetrar na planta, caso contr\u00e1rio o c\u00e1lcio actuar\u00e1 como um simples deslocador de sais. A aplica\u00e7\u00e3o de c\u00e1lcio deve ser iniciada no in\u00edcio da cultura, porque o c\u00e1lcio \u00e9 uma mol\u00e9cula grande e dif\u00edcil de se mover dentro da planta, e se tratarmos quando j\u00e1 vemos o problema ou a defici\u00eancia, continuaremos a ter uma pequena diminui\u00e7\u00e3o at\u00e9 que a planta absorva o c\u00e1lcio.     <\/p>\n","protected":false},"excerpt":{"rendered":"<ul class=\"a-unordered-list a-vertical a-spacing-mini\">\n<li><span class=\"a-list-item\">Adubo org\u00e2nico sol\u00favel em \u00e1gua com c\u00e1lcio para melhorar as culturas de tomate e pimento.<\/span><\/li>\n<li><span class=\"a-list-item\">Formula\u00e7\u00e3o est\u00e1vel de c\u00e1lcio e \u00e1cidos org\u00e2nicos, activos no metabolismo das plantas.<\/span><\/li>\n<li><span class=\"a-list-item\">Previne e corrige os estados de car\u00eancia de c\u00e1lcio. Evita a aplica\u00e7\u00e3o de podrid\u00f5es (podrid\u00e3o do tomate e do pimento). <\/span><\/li>\n<li><span class=\"a-list-item\">Constitui uma contribui\u00e7\u00e3o fundamental nas fases fenol\u00f3gicas da frutifica\u00e7\u00e3o e do vingamento dos frutos, t\u00e3o importantes para garantir a produtividade.<\/span><\/li>\n<li><span class=\"a-list-item\">100% natural e inofensivo para animais e plantas.<\/span><\/li>\n<\/ul>\n","protected":false},"featured_media":54020,"comment_status":"open","ping_status":"closed","template":"","meta":{"_acf_changed":false},"product_brand":[],"product_cat":[613,618,366],"product_tag":[1564],"class_list":{"0":"post-18386","1":"product","2":"type-product","3":"status-publish","4":"has-post-thumbnail","6":"product_cat-correctores-de-deficiencias","7":"product_cat-pomar","8":"product_cat-tomates-pt-pt","9":"product_tag-ecocert-pt-pt","11":"first","12":"instock","13":"taxable","14":"shipping-taxable","15":"purchasable","16":"product-type-variable","17":"has-default-attributes"},"acf":[],"_links":{"self":[{"href":"https:\/\/cultivers.es\/pt-pt\/wp-json\/wp\/v2\/product\/18386","targetHints":{"allow":["GET"]}}],"collection":[{"href":"https:\/\/cultivers.es\/pt-pt\/wp-json\/wp\/v2\/product"}],"about":[{"href":"https:\/\/cultivers.es\/pt-pt\/wp-json\/wp\/v2\/types\/product"}],"replies":[{"embeddable":true,"href":"https:\/\/cultivers.es\/pt-pt\/wp-json\/wp\/v2\/comments?post=18386"}],"wp:featuredmedia":[{"embeddable":true,"href":"https:\/\/cultivers.es\/pt-pt\/wp-json\/wp\/v2\/media\/54020"}],"wp:attachment":[{"href":"https:\/\/cultivers.es\/pt-pt\/wp-json\/wp\/v2\/media?parent=18386"}],"wp:term":[{"taxonomy":"product_brand","embeddable":true,"href":"https:\/\/cultivers.es\/pt-pt\/wp-json\/wp\/v2\/product_brand?post=18386"},{"taxonomy":"product_cat","embeddable":true,"href":"https:\/\/cultivers.es\/pt-pt\/wp-json\/wp\/v2\/product_cat?post=18386"},{"taxonomy":"product_tag","embeddable":true,"href":"https:\/\/cultivers.es\/pt-pt\/wp-json\/wp\/v2\/product_tag?post=18386"}],"curies":[{"name":"wp","href":"https:\/\/api.w.org\/{rel}","templated":true}]}}