{"id":18389,"date":"2021-10-22T12:12:49","date_gmt":"2021-10-22T12:12:49","guid":{"rendered":"https:\/\/cultivers.es\/abonos\/corretor-de-deficiencias-multiplas\/"},"modified":"2025-09-22T04:58:31","modified_gmt":"2025-09-22T04:58:31","slug":"corretor-de-deficiencias-multiplo","status":"publish","type":"product","link":"https:\/\/cultivers.es\/pt-pt\/fertilizantes\/corretor-de-deficiencias-multiplo\/","title":{"rendered":"Corretor de Defici\u00eancias M\u00faltiplas"},"content":{"rendered":"<div class=\"page\" title=\"P\u00e1gina 1\">\n<div class=\"section\">\n<div class=\"layoutArea\">\n<div class=\"column\">\n<p>Adubo org\u00e2nico sol\u00favel em \u00e1gua, de assimila\u00e7\u00e3o r\u00e1pida, que actua como corretor de car\u00eancias m\u00faltiplas. A sua riqueza equilibrada em microelementos garante um desenvolvimento \u00f3timo das plantas. \u00c9 um complemento eficaz da fertiliza\u00e7\u00e3o de base, actuando como estimulante do desenvolvimento e como preventivo de car\u00eancias. A sua aplica\u00e7\u00e3o satisfaz nutricionalmente as culturas mais exigentes, garantindo n\u00edveis \u00f3ptimos durante todo o ciclo.   <\/p>\n<\/div>\n<\/div>\n<\/div>\n<\/div>\n","protected":false},"excerpt":{"rendered":"<ul class=\"a-unordered-list a-vertical a-spacing-mini\">\n<li><span class=\"a-list-item\">Ajuda a manter uma nutri\u00e7\u00e3o equilibrada das plantas<\/span><\/li>\n<li><span class=\"a-list-item\">Fornecimento \u00f3timo de microelementos que podem ser rapidamente assimilados pela planta<\/span><\/li>\n<li><span class=\"a-list-item\">Evita os estados de car\u00eancia das plantas<\/span><\/li>\n<li><span class=\"a-list-item\">A mistura ecol\u00f3gica minimiza o risco de danos nas folhas e nos frutos devido a doen\u00e7as fisiopatog\u00e9nicas, melhorando assim o rendimento das culturas.<\/span><\/li>\n<li><span class=\"a-list-item\">Corretor de car\u00eancias m\u00faltiplas 100 % biol\u00f3gico; certificado para a agricultura biol\u00f3gica pela EAGC<\/span><\/li>\n<\/ul>\n","protected":false},"featured_media":12872,"comment_status":"open","ping_status":"closed","template":"","meta":{"_acf_changed":false},"product_brand":[],"product_cat":[613],"product_tag":[1411],"class_list":{"0":"post-18389","1":"product","2":"type-product","3":"status-publish","4":"has-post-thumbnail","6":"product_cat-correctores-de-deficiencias","7":"product_tag-caae-pt-pt","9":"first","10":"instock","11":"taxable","12":"shipping-taxable","13":"purchasable","14":"product-type-variable","15":"has-default-attributes"},"acf":[],"_links":{"self":[{"href":"https:\/\/cultivers.es\/pt-pt\/wp-json\/wp\/v2\/product\/18389","targetHints":{"allow":["GET"]}}],"collection":[{"href":"https:\/\/cultivers.es\/pt-pt\/wp-json\/wp\/v2\/product"}],"about":[{"href":"https:\/\/cultivers.es\/pt-pt\/wp-json\/wp\/v2\/types\/product"}],"replies":[{"embeddable":true,"href":"https:\/\/cultivers.es\/pt-pt\/wp-json\/wp\/v2\/comments?post=18389"}],"wp:featuredmedia":[{"embeddable":true,"href":"https:\/\/cultivers.es\/pt-pt\/wp-json\/wp\/v2\/media\/12872"}],"wp:attachment":[{"href":"https:\/\/cultivers.es\/pt-pt\/wp-json\/wp\/v2\/media?parent=18389"}],"wp:term":[{"taxonomy":"product_brand","embeddable":true,"href":"https:\/\/cultivers.es\/pt-pt\/wp-json\/wp\/v2\/product_brand?post=18389"},{"taxonomy":"product_cat","embeddable":true,"href":"https:\/\/cultivers.es\/pt-pt\/wp-json\/wp\/v2\/product_cat?post=18389"},{"taxonomy":"product_tag","embeddable":true,"href":"https:\/\/cultivers.es\/pt-pt\/wp-json\/wp\/v2\/product_tag?post=18389"}],"curies":[{"name":"wp","href":"https:\/\/api.w.org\/{rel}","templated":true}]}}