{"id":18390,"date":"2021-10-22T12:12:49","date_gmt":"2021-10-22T12:12:49","guid":{"rendered":"https:\/\/cultivers.es\/abonos\/corretor-de-calcio-e-boro\/"},"modified":"2025-09-22T05:02:38","modified_gmt":"2025-09-22T05:02:38","slug":"corretor-de-calcio-e-boro","status":"publish","type":"product","link":"https:\/\/cultivers.es\/pt-pt\/fertilizantes\/corretor-de-calcio-e-boro\/","title":{"rendered":"Corretor de c\u00e1lcio e boro"},"content":{"rendered":"<div class=\"page\" title=\"P\u00e1gina 1\">\n<div class=\"section\">\n<div class=\"layoutArea\">\n<div class=\"column\">\n<p>As defici\u00eancias de c\u00e1lcio e de boro ocorrem principalmente nos \u00f3rg\u00e3os jovens, devido \u00e0 baixa mobilidade sem\u00e2ntica de ambos os elementos; por conseguinte, o crescimento adequado de novos rebentos, ra\u00edzes e \u00f3rg\u00e3os de reserva depende destes nutrientes.<\/p>\n<p>Trata-se de um fornecimento b\u00e1sico de c\u00e1lcio e boro que deve ser inclu\u00eddo em qualquer programa de nutri\u00e7\u00e3o para culturas biol\u00f3gicas de elevado rendimento. Especialmente nas fases de frutifica\u00e7\u00e3o e de vingamento dos frutos, que s\u00e3o t\u00e3o importantes para garantir a produtividade. <\/p>\n<p>Evita os desequil\u00edbrios nutricionais devidos a car\u00eancias ou m\u00e1 absor\u00e7\u00e3o de c\u00e1lcio e boro, que podem provocar doen\u00e7as como o rachamento dos frutos ou a podrid\u00e3o apical.<\/p>\n<p>Confere firmeza e elasticidade aos tecidos vegetais, especialmente aos \u00f3rg\u00e3os em crescimento. Al\u00e9m disso, a sua elevada carga org\u00e2nica confere-lhe um benef\u00edcio adicional como dinamizador do metabolismo vegetal. <\/p>\n<\/div>\n<\/div>\n<\/div>\n<\/div>\n","protected":false},"excerpt":{"rendered":"<ul class=\"a-unordered-list a-vertical a-spacing-mini\">\n<li><span class=\"a-list-item\">Adubo org\u00e2nico sol\u00favel em \u00e1gua com c\u00e1lcio e boro para melhorar a firmeza, a frutifica\u00e7\u00e3o e os problemas de rachaduras.<\/span><\/li>\n<li><span class=\"a-list-item\">Proporciona firmeza e qualidade aos frutos gra\u00e7as \u00e0 sua excelente capacidade de penetra\u00e7\u00e3o e eficiente transloca\u00e7\u00e3o de nutrientes para as zonas de procura.<\/span><\/li>\n<li><span class=\"a-list-item\">Formula\u00e7\u00e3o est\u00e1vel de c\u00e1lcio, boro e amino\u00e1cidos, cuja elevada carga org\u00e2nica lhe confere uma vantagem adicional como ativador do metabolismo vegetal.<\/span><\/li>\n<li><span class=\"a-list-item\">Previne e corrige as car\u00eancias de c\u00e1lcio, especialmente as que envolvem boro.<\/span><\/li>\n<li><span class=\"a-list-item\">Constitui uma contribui\u00e7\u00e3o fundamental nas fases fenol\u00f3gicas da frutifica\u00e7\u00e3o e do vingamento dos frutos, t\u00e3o importantes para garantir a produtividade.<\/span><\/li>\n<\/ul>\n","protected":false},"featured_media":12812,"comment_status":"open","ping_status":"closed","template":"","meta":{"_acf_changed":false},"product_brand":[],"product_cat":[620,528,613,544,618,366,619],"product_tag":[],"class_list":{"0":"post-18390","1":"product","2":"type-product","3":"status-publish","4":"has-post-thumbnail","6":"product_cat-arvores-de-fruto","7":"product_cat-citrinos","8":"product_cat-correctores-de-deficiencias","9":"product_cat-orquideas","10":"product_cat-pomar","11":"product_cat-tomates-pt-pt","12":"product_cat-tropical-pt-pt","14":"first","15":"instock","16":"taxable","17":"shipping-taxable","18":"purchasable","19":"product-type-variable"},"acf":[],"_links":{"self":[{"href":"https:\/\/cultivers.es\/pt-pt\/wp-json\/wp\/v2\/product\/18390","targetHints":{"allow":["GET"]}}],"collection":[{"href":"https:\/\/cultivers.es\/pt-pt\/wp-json\/wp\/v2\/product"}],"about":[{"href":"https:\/\/cultivers.es\/pt-pt\/wp-json\/wp\/v2\/types\/product"}],"replies":[{"embeddable":true,"href":"https:\/\/cultivers.es\/pt-pt\/wp-json\/wp\/v2\/comments?post=18390"}],"wp:featuredmedia":[{"embeddable":true,"href":"https:\/\/cultivers.es\/pt-pt\/wp-json\/wp\/v2\/media\/12812"}],"wp:attachment":[{"href":"https:\/\/cultivers.es\/pt-pt\/wp-json\/wp\/v2\/media?parent=18390"}],"wp:term":[{"taxonomy":"product_brand","embeddable":true,"href":"https:\/\/cultivers.es\/pt-pt\/wp-json\/wp\/v2\/product_brand?post=18390"},{"taxonomy":"product_cat","embeddable":true,"href":"https:\/\/cultivers.es\/pt-pt\/wp-json\/wp\/v2\/product_cat?post=18390"},{"taxonomy":"product_tag","embeddable":true,"href":"https:\/\/cultivers.es\/pt-pt\/wp-json\/wp\/v2\/product_tag?post=18390"}],"curies":[{"name":"wp","href":"https:\/\/api.w.org\/{rel}","templated":true}]}}