{"id":18392,"date":"2021-10-22T12:12:50","date_gmt":"2021-10-22T12:12:50","guid":{"rendered":"https:\/\/cultivers.es\/abonos\/sulfato-de-cobre\/"},"modified":"2026-04-06T10:20:13","modified_gmt":"2026-04-06T10:20:13","slug":"sulfato-de-cobre","status":"publish","type":"product","link":"https:\/\/cultivers.es\/pt-pt\/fertilizantes\/sulfato-de-cobre\/","title":{"rendered":"Sulfato de cobre"},"content":{"rendered":"<p>Sulfato de cobre para a limpeza da piscina e a elimina\u00e7\u00e3o duradoura das algas. Grande poder algicida e fungicida. Evita a forma\u00e7\u00e3o de algas e o crescimento de fungos. Fungicida c\u00faprico micronizado de efeito muito est\u00e1vel, perfeitamente tolerado pela vegeta\u00e7\u00e3o, permite uma pulveriza\u00e7\u00e3o com excelente efic\u00e1cia e \u00e9 particularmente indicado para o controlo preventivo das doen\u00e7as criptog\u00e2micas. P\u00f3 micronizado, muito est\u00e1vel para m\u00faltiplas utiliza\u00e7\u00f5es no jardim. Sulfato de cobre (II) penta-hidratado Controla o m\u00edldio, as manchas foliares, o m\u00edldio e a sarna da macieira. Sulfato de cobre para experi\u00eancias escolares como a cristaliza\u00e7\u00e3o ou o fabrico de neve instant\u00e2nea. Cobre Sulfato de cobre CuS P\u00f3 molh\u00e1vel. Limpeza de algas em piscinas, efeito fungicida, luta preventiva contra doen\u00e7as criptog\u00e2micas, elimina\u00e7\u00e3o de fungos nas plantas.<\/p>\n","protected":false},"excerpt":{"rendered":"<ul class=\"a-unordered-list a-vertical a-spacing-mini\">\n<li><span class=\"a-list-item\">Sulfato de cobre<\/span><\/li>\n<li><span class=\"a-list-item\">P\u00f3 micronizado, muito est\u00e1vel para m\u00faltiplas utiliza\u00e7\u00f5es em jardins. sulfato de cobre (ii) pentahidratado<\/span><\/li>\n<\/ul>\n","protected":false},"featured_media":12647,"comment_status":"open","ping_status":"closed","template":"","meta":{"_acf_changed":false},"product_brand":[],"product_cat":[614,613,512],"product_tag":[],"class_list":{"0":"post-18392","1":"product","2":"type-product","3":"status-publish","4":"has-post-thumbnail","6":"product_cat-bioprotectores","7":"product_cat-correctores-de-deficiencias","8":"product_cat-protecao-das-culturas-e-das-plantas","10":"first","11":"instock","12":"taxable","13":"shipping-taxable","14":"purchasable","15":"product-type-variable"},"acf":[],"_links":{"self":[{"href":"https:\/\/cultivers.es\/pt-pt\/wp-json\/wp\/v2\/product\/18392","targetHints":{"allow":["GET"]}}],"collection":[{"href":"https:\/\/cultivers.es\/pt-pt\/wp-json\/wp\/v2\/product"}],"about":[{"href":"https:\/\/cultivers.es\/pt-pt\/wp-json\/wp\/v2\/types\/product"}],"replies":[{"embeddable":true,"href":"https:\/\/cultivers.es\/pt-pt\/wp-json\/wp\/v2\/comments?post=18392"}],"wp:featuredmedia":[{"embeddable":true,"href":"https:\/\/cultivers.es\/pt-pt\/wp-json\/wp\/v2\/media\/12647"}],"wp:attachment":[{"href":"https:\/\/cultivers.es\/pt-pt\/wp-json\/wp\/v2\/media?parent=18392"}],"wp:term":[{"taxonomy":"product_brand","embeddable":true,"href":"https:\/\/cultivers.es\/pt-pt\/wp-json\/wp\/v2\/product_brand?post=18392"},{"taxonomy":"product_cat","embeddable":true,"href":"https:\/\/cultivers.es\/pt-pt\/wp-json\/wp\/v2\/product_cat?post=18392"},{"taxonomy":"product_tag","embeddable":true,"href":"https:\/\/cultivers.es\/pt-pt\/wp-json\/wp\/v2\/product_tag?post=18392"}],"curies":[{"name":"wp","href":"https:\/\/api.w.org\/{rel}","templated":true}]}}