{"id":18396,"date":"2021-10-22T12:12:49","date_gmt":"2021-10-22T12:12:49","guid":{"rendered":"https:\/\/cultivers.es\/abonos\/corretor-de-calcio\/"},"modified":"2025-09-22T04:58:38","modified_gmt":"2025-09-22T04:58:38","slug":"corretor-de-calcio","status":"publish","type":"product","link":"https:\/\/cultivers.es\/pt-pt\/fertilizantes\/corretor-de-calcio\/","title":{"rendered":"Corretor de c\u00e1lcio"},"content":{"rendered":"<p>As car\u00eancias de c\u00e1lcio verificam-se principalmente nos \u00f3rg\u00e3os jovens, devido \u00e0 baixa mobilidade \u00eamica de ambos os elementos; por conseguinte, o crescimento adequado de novos rebentos, ra\u00edzes e \u00f3rg\u00e3os de reserva depende destes nutrientes.<br \/>\n\u00c9 um fornecimento b\u00e1sico de c\u00e1lcio que deve ser inclu\u00eddo em qualquer programa de nutri\u00e7\u00e3o para culturas biol\u00f3gicas de elevado rendimento. Especialmente durante as fases de frutifica\u00e7\u00e3o e vingamento dos frutos, t\u00e3o importantes para garantir a produtividade.<br \/>\nEvita desequil\u00edbrios nutricionais por falta ou m\u00e1 absor\u00e7\u00e3o de c\u00e1lcio, que podem causar doen\u00e7as como o rachamento dos frutos ou a podrid\u00e3o apical.<br \/>\nProporciona firmeza e elasticidade aos tecidos vegetais, especialmente aos \u00f3rg\u00e3os em crescimento. Al\u00e9m disso, a sua elevada carga org\u00e2nica, com princ\u00edpios osmoprotectores, confere-lhe um benef\u00edcio adicional como dinamizador do metabolismo vegetal.<\/p>\n","protected":false},"excerpt":{"rendered":"<div id=\"featurebullets_feature_div\" class=\"celwidget\" data-feature-name=\"featurebullets\" data-csa-c-id=\"gbqm4e-9jr50v-fcn8td-bhykca\" data-cel-widget=\"featurebullets_feature_div\">\n<div id=\"feature-bullets\" class=\"a-section a-spacing-medium a-spacing-top-small\">\n<ul class=\"a-unordered-list a-vertical a-spacing-mini\">\n<li><span class=\"a-list-item\">Adubo org\u00e2nico sol\u00favel em \u00e1gua com c\u00e1lcio para melhorar a firmeza, a frutifica\u00e7\u00e3o e os problemas de rachaduras.<\/span><\/li>\n<li><span class=\"a-list-item\">Proporciona firmeza e qualidade aos frutos gra\u00e7as \u00e0 sua excelente capacidade de penetra\u00e7\u00e3o e \u00e0 eficiente transloca\u00e7\u00e3o de nutrientes para as zonas de procura.<\/span><\/li>\n<li><span class=\"a-list-item\">Formula\u00e7\u00e3o est\u00e1vel de c\u00e1lcio e \u00e1cidos org\u00e2nicos, o que lhe confere uma vantagem adicional como ativador do metabolismo vegetal.<\/span><\/li>\n<li><span class=\"a-list-item\">Previne e corrige os estados de car\u00eancia de c\u00e1lcio. Evita a aplica\u00e7\u00e3o de podrid\u00f5es (podrid\u00e3o do tomate e do pimento). <\/span><\/li>\n<li><span class=\"a-list-item\">Constitui uma contribui\u00e7\u00e3o fundamental nas fases fenol\u00f3gicas da frutifica\u00e7\u00e3o e do vingamento dos frutos, t\u00e3o importantes para garantir a produtividade.<\/span><\/li>\n<\/ul>\n<\/div>\n<\/div>\n<div id=\"customerReviewsAttribute_feature_div\" class=\"celwidget\" data-feature-name=\"customerReviewsAttribute\" data-csa-c-id=\"whblxx-2rdkd0-mqk8t-btwcw4\" data-cel-widget=\"customerReviewsAttribute_feature_div\"><\/div>\n<div id=\"addOnItem_feature_div\" class=\"celwidget\" data-feature-name=\"addOnItem\" data-csa-c-id=\"4fp7ld-cjglio-gpdi2p-47ojib\" data-cel-widget=\"addOnItem_feature_div\"><\/div>\n<div id=\"andonCord_feature_div\" class=\"celwidget\" data-feature-name=\"andonCord\" data-csa-c-id=\"covfwd-9v6rya-mnj3cw-fqsqy4\" data-cel-widget=\"andonCord_feature_div\"><\/div>\n<div id=\"HLCXComparisonJumplink_feature_div\"><\/div>\n","protected":false},"featured_media":11100,"comment_status":"open","ping_status":"closed","template":"","meta":{"_acf_changed":false},"product_brand":[],"product_cat":[625,528,613,366],"product_tag":[1564],"class_list":{"0":"post-18396","1":"product","2":"type-product","3":"status-publish","4":"has-post-thumbnail","6":"product_cat-cactos-suculentas-e-suculentas","7":"product_cat-citrinos","8":"product_cat-correctores-de-deficiencias","9":"product_cat-tomates-pt-pt","10":"product_tag-ecocert-pt-pt","12":"first","13":"instock","14":"taxable","15":"shipping-taxable","16":"purchasable","17":"product-type-variable"},"acf":[],"_links":{"self":[{"href":"https:\/\/cultivers.es\/pt-pt\/wp-json\/wp\/v2\/product\/18396","targetHints":{"allow":["GET"]}}],"collection":[{"href":"https:\/\/cultivers.es\/pt-pt\/wp-json\/wp\/v2\/product"}],"about":[{"href":"https:\/\/cultivers.es\/pt-pt\/wp-json\/wp\/v2\/types\/product"}],"replies":[{"embeddable":true,"href":"https:\/\/cultivers.es\/pt-pt\/wp-json\/wp\/v2\/comments?post=18396"}],"wp:featuredmedia":[{"embeddable":true,"href":"https:\/\/cultivers.es\/pt-pt\/wp-json\/wp\/v2\/media\/11100"}],"wp:attachment":[{"href":"https:\/\/cultivers.es\/pt-pt\/wp-json\/wp\/v2\/media?parent=18396"}],"wp:term":[{"taxonomy":"product_brand","embeddable":true,"href":"https:\/\/cultivers.es\/pt-pt\/wp-json\/wp\/v2\/product_brand?post=18396"},{"taxonomy":"product_cat","embeddable":true,"href":"https:\/\/cultivers.es\/pt-pt\/wp-json\/wp\/v2\/product_cat?post=18396"},{"taxonomy":"product_tag","embeddable":true,"href":"https:\/\/cultivers.es\/pt-pt\/wp-json\/wp\/v2\/product_tag?post=18396"}],"curies":[{"name":"wp","href":"https:\/\/api.w.org\/{rel}","templated":true}]}}