{"id":18534,"date":"2021-10-22T12:12:47","date_gmt":"2021-10-22T12:12:47","guid":{"rendered":"https:\/\/cultivers.es\/abonos\/agro-melaco-de-cana-para-plantas\/"},"modified":"2025-09-22T04:57:18","modified_gmt":"2025-09-22T04:57:18","slug":"melaco-de-melada-para-plantas","status":"publish","type":"product","link":"https:\/\/cultivers.es\/pt-pt\/fertilizantes\/melaco-de-melada-para-plantas\/","title":{"rendered":"Agro mela\u00e7o de cana para plantas"},"content":{"rendered":"<p>Na produ\u00e7\u00e3o biol\u00f3gica, recomenda-se que aumentes a dose em 50%. Para um desenvolvimento \u00f3timo das culturas, o tratamento pode ser combinado com microrganismos ben\u00e9ficos para o solo, de modo a que a planta possa assimilar melhor os nutrientes do solo. As plantas sintetizam amino\u00e1cidos a partir do azoto absorvido sob a forma de nitrato ou de am\u00f3nio. Os amino\u00e1cidos est\u00e3o unidos por liga\u00e7\u00f5es pept\u00eddicas para formar as prote\u00ednas e, para al\u00e9m da sua fun\u00e7\u00e3o estrutural, s\u00e3o indispens\u00e1veis nos processos bioqu\u00edmicos da planta, fazendo parte da composi\u00e7\u00e3o de enzimas, hormonas e v\u00e1rios compostos envolvidos na defesa e imunidade. \u00c9 uma formula\u00e7\u00e3o l\u00edquida de origem natural com uma elevada concentra\u00e7\u00e3o de amino\u00e1cidos org\u00e2nicos obtidos por hidr\u00f3lise enzim\u00e1tica, complementada com mat\u00e9ria org\u00e2nica. Tem uma concentra\u00e7\u00e3o de 42% de mat\u00e9ria org\u00e2nica de origem vegetal, com uma concentra\u00e7\u00e3o de 10% de glicina\/beta\u00edna, que melhora as propriedades osmorreguladoras da planta e reduz os epis\u00f3dios de stress provocados por agentes externos (bi\u00f3ticos e abi\u00f3ticos). Promove colheitas abundantes, melhorando a capacidade de reten\u00e7\u00e3o de \u00e1gua e nutrientes. Pode ser aplicado durante todo o ciclo vegetativo da cultura para melhorar as propriedades f\u00edsico-qu\u00edmicas do solo, otimizar a capacidade de troca cati\u00f3nica e promover um melhor desenvolvimento das ra\u00edzes.<\/p>\n","protected":false},"excerpt":{"rendered":"<ul class=\"a-unordered-list a-vertical a-spacing-mini\">\n<li><span class=\"a-list-item\">100% MEL NATURAL: Produto certificado como biol\u00f3gico pela CAAE.<\/span><\/li>\n<li><span class=\"a-list-item\">MELHORA AS PROPRIEDADES DO SOLO: promove a atividade microbiana no solo, facilitando a disponibilidade de nutrientes. Aumenta a fertilidade do solo, melhora as condi\u00e7\u00f5es do solo, estimula as intera\u00e7\u00f5es solo-planta. <\/span><\/li>\n<li><span class=\"a-list-item\">IDEAL PARA SOLOS ALCALINOS: Devido \u00e0 sua formula\u00e7\u00e3o equilibrada e ao seu car\u00e1cter ligeiramente \u00e1cido.<\/span><\/li>\n<li><span class=\"a-list-item\">ALTA CONCENTRA\u00c7\u00c3O DE AMINO\u00c1CIDOS ORG\u00c2NICOS: pode ser aplicado durante toda a esta\u00e7\u00e3o de crescimento para melhorar as propriedades f\u00edsico-qu\u00edmicas do solo.<\/span><\/li>\n<li><span class=\"a-list-item\">100% natural e inofensivo para animais e plantas.<\/span><\/li>\n<\/ul>\n","protected":false},"featured_media":53221,"comment_status":"open","ping_status":"closed","template":"","meta":{"_acf_changed":false},"product_brand":[],"product_cat":[1275,620,355,625,528,324,629,545,529,544,630,618,406,351,628,366,619],"product_tag":[1411],"class_list":{"0":"post-18534","1":"product","2":"type-product","3":"status-publish","4":"has-post-thumbnail","6":"product_cat-adubos-recomendados","7":"product_cat-arvores-de-fruto","8":"product_cat-bonsai-pt-pt","9":"product_cat-cactos-suculentas-e-suculentas","10":"product_cat-citrinos","11":"product_cat-coniferas-e-sebes","12":"product_cat-geranios-pt-pt","13":"product_cat-hortensias-pt-pt","14":"product_cat-oliveira","15":"product_cat-orquideas","16":"product_cat-plantas-ornamentais","17":"product_cat-pomar","18":"product_cat-regeneradores-de-solos","19":"product_cat-relvado","20":"product_cat-roseiras","21":"product_cat-tomates-pt-pt","22":"product_cat-tropical-pt-pt","23":"product_tag-caae-pt-pt","25":"first","26":"instock","27":"taxable","28":"shipping-taxable","29":"purchasable","30":"product-type-variable"},"acf":[],"_links":{"self":[{"href":"https:\/\/cultivers.es\/pt-pt\/wp-json\/wp\/v2\/product\/18534","targetHints":{"allow":["GET"]}}],"collection":[{"href":"https:\/\/cultivers.es\/pt-pt\/wp-json\/wp\/v2\/product"}],"about":[{"href":"https:\/\/cultivers.es\/pt-pt\/wp-json\/wp\/v2\/types\/product"}],"replies":[{"embeddable":true,"href":"https:\/\/cultivers.es\/pt-pt\/wp-json\/wp\/v2\/comments?post=18534"}],"wp:featuredmedia":[{"embeddable":true,"href":"https:\/\/cultivers.es\/pt-pt\/wp-json\/wp\/v2\/media\/53221"}],"wp:attachment":[{"href":"https:\/\/cultivers.es\/pt-pt\/wp-json\/wp\/v2\/media?parent=18534"}],"wp:term":[{"taxonomy":"product_brand","embeddable":true,"href":"https:\/\/cultivers.es\/pt-pt\/wp-json\/wp\/v2\/product_brand?post=18534"},{"taxonomy":"product_cat","embeddable":true,"href":"https:\/\/cultivers.es\/pt-pt\/wp-json\/wp\/v2\/product_cat?post=18534"},{"taxonomy":"product_tag","embeddable":true,"href":"https:\/\/cultivers.es\/pt-pt\/wp-json\/wp\/v2\/product_tag?post=18534"}],"curies":[{"name":"wp","href":"https:\/\/api.w.org\/{rel}","templated":true}]}}