{"id":18583,"date":"2021-10-22T12:12:48","date_gmt":"2021-10-22T12:12:48","guid":{"rendered":"https:\/\/cultivers.es\/abonos\/acidos-humicos-liquidos\/"},"modified":"2025-09-22T04:57:23","modified_gmt":"2025-09-22T04:57:23","slug":"acido-humico-liquido","status":"publish","type":"product","link":"https:\/\/cultivers.es\/pt-pt\/fertilizantes\/acido-humico-liquido\/","title":{"rendered":"\u00c1cidos h\u00famicos l\u00edquidos"},"content":{"rendered":"<p>Solu\u00e7\u00e3o l\u00edquida de \u00e1cidos h\u00famicos e f\u00falvicos adequada para a fertirriga\u00e7\u00e3o. Destaca-se pela qualidade dos seus componentes e pela sua homogeneidade.<\/p>\n<p>Favorece a efic\u00e1cia dos adubos NPK e n\u00e3o forma precipitados insol\u00faveis.<\/p>\n<p>A aplica\u00e7\u00e3o regular ao longo do ciclo da cultura tem uma influ\u00eancia direta e positiva na manuten\u00e7\u00e3o da fertilidade do solo. Estimula o desenvolvimento das plantas em diferentes fases de desenvolvimento. Em condi\u00e7\u00f5es de nutri\u00e7\u00e3o mineral adequada, t\u00eam efeitos positivos.<\/p>\n<p>Solu\u00e7\u00e3o l\u00edquida de \u00e1cidos h\u00famicos e f\u00falvicos com leonardite adequada para a fertirriga\u00e7\u00e3o.<\/p>\n","protected":false},"excerpt":{"rendered":"<ul class=\"a-unordered-list a-vertical a-spacing-mini\">\n<li><span class=\"a-list-item\">\u00c1CIDOS H\u00daMICOS E F\u00daLVICOS L\u00cdQUIDOS<\/span><\/li>\n<li><span class=\"a-list-item\">Solu\u00e7\u00e3o l\u00edquida de \u00e1cidos h\u00famicos e f\u00falvicos adequada para a fertirriga\u00e7\u00e3o.<\/span><\/li>\n<li><span class=\"a-list-item\">HUMIC 12-3 distingue-se pela qualidade dos seus componentes e pela sua homogeneidade. Favorece a efic\u00e1cia dos adubos NPK e n\u00e3o forma precipitados insol\u00faveis. <\/span><\/li>\n<li><span class=\"a-list-item\">A aplica\u00e7\u00e3o regular de Hd durante todo o ciclo da cultura tem uma influ\u00eancia direta e positiva na manuten\u00e7\u00e3o da fertilidade do solo.<\/span><\/li>\n<li><span class=\"a-list-item\">Estimula o desenvolvimento das plantas em diferentes fases de desenvolvimento. Em condi\u00e7\u00f5es de nutri\u00e7\u00e3o mineral adequada, tem efeitos positivos <\/span><\/li>\n<\/ul>\n","protected":false},"featured_media":28240,"comment_status":"open","ping_status":"closed","template":"","meta":{"_acf_changed":false},"product_brand":[],"product_cat":[667,406],"product_tag":[],"class_list":{"0":"post-18583","1":"product","2":"type-product","3":"status-publish","4":"has-post-thumbnail","6":"product_cat-acidos-humicos","7":"product_cat-regeneradores-de-solos","9":"first","10":"instock","11":"featured","12":"taxable","13":"shipping-taxable","14":"purchasable","15":"product-type-variable"},"acf":[],"_links":{"self":[{"href":"https:\/\/cultivers.es\/pt-pt\/wp-json\/wp\/v2\/product\/18583","targetHints":{"allow":["GET"]}}],"collection":[{"href":"https:\/\/cultivers.es\/pt-pt\/wp-json\/wp\/v2\/product"}],"about":[{"href":"https:\/\/cultivers.es\/pt-pt\/wp-json\/wp\/v2\/types\/product"}],"replies":[{"embeddable":true,"href":"https:\/\/cultivers.es\/pt-pt\/wp-json\/wp\/v2\/comments?post=18583"}],"wp:featuredmedia":[{"embeddable":true,"href":"https:\/\/cultivers.es\/pt-pt\/wp-json\/wp\/v2\/media\/28240"}],"wp:attachment":[{"href":"https:\/\/cultivers.es\/pt-pt\/wp-json\/wp\/v2\/media?parent=18583"}],"wp:term":[{"taxonomy":"product_brand","embeddable":true,"href":"https:\/\/cultivers.es\/pt-pt\/wp-json\/wp\/v2\/product_brand?post=18583"},{"taxonomy":"product_cat","embeddable":true,"href":"https:\/\/cultivers.es\/pt-pt\/wp-json\/wp\/v2\/product_cat?post=18583"},{"taxonomy":"product_tag","embeddable":true,"href":"https:\/\/cultivers.es\/pt-pt\/wp-json\/wp\/v2\/product_tag?post=18583"}],"curies":[{"name":"wp","href":"https:\/\/api.w.org\/{rel}","templated":true}]}}