{"id":18584,"date":"2021-10-22T12:12:48","date_gmt":"2021-10-22T12:12:48","guid":{"rendered":"https:\/\/cultivers.es\/abonos\/acidos-humicos\/"},"modified":"2025-09-22T04:34:51","modified_gmt":"2025-09-22T04:34:51","slug":"acidos-acido-humicos","status":"publish","type":"product","link":"https:\/\/cultivers.es\/pt-pt\/fertilizantes\/acidos-acido-humicos\/","title":{"rendered":"\u00c1cidos h\u00famicos s\u00f3lidos"},"content":{"rendered":"<p>\u00c1cidos h\u00famicos concentrados altamente sol\u00faveis. Melhora as propriedades do solo, a capacidade de reten\u00e7\u00e3o de humidade, o desenvolvimento radicular das plantas e a sua capacidade de assimilar os nutrientes de forma mais eficaz. Apresenta-se sob a forma de microgr\u00e2nulos de alta pureza, totalmente sol\u00faveis em \u00e1gua, o que o torna ideal para a aplica\u00e7\u00e3o radicular, incluindo a sua utiliza\u00e7\u00e3o em fertirriga\u00e7\u00e3o. A sua aplica\u00e7\u00e3o regular potencia o desenvolvimento das culturas, melhorando a fertilidade do solo e aumentando a capacidade de reten\u00e7\u00e3o de \u00e1gua e nutrientes. Pode ser aplicado durante todo o per\u00edodo vegetativo para melhorar as propriedades f\u00edsico-qu\u00edmicas do solo, aumentar a sua capacidade de troca cati\u00f3nica, melhorar as condi\u00e7\u00f5es h\u00eddricas e estimular o desenvolvimento radicular. A sua composi\u00e7\u00e3o confere-lhe uma grande capacidade para melhorar todos os tipos de solos: aumenta o arejamento em solos argilosos; melhora a capacidade de reten\u00e7\u00e3o de \u00e1gua em solos arenosos; ajuda a recuperar a estrutura de solos erodidos.     <\/p>\n","protected":false},"excerpt":{"rendered":"<ul>\n<li>\u00c1cidos h\u00famicos e f\u00falvicos da leonardite sol\u00favel<\/li>\n<li>Melhora as propriedades do solo, a capacidade de reten\u00e7\u00e3o de humidade e o desenvolvimento das ra\u00edzes das plantas.<\/li>\n<li>Microgr\u00e2nulos de alta pureza, totalmente sol\u00faveis em \u00e1gua, o que o torna ideal para a aplica\u00e7\u00e3o em ra\u00edzes, incluindo a fertirriga\u00e7\u00e3o.<\/li>\n<li>O seu fornecimento regular favorece o desenvolvimento das culturas, melhorando a fertilidade do solo e aumentando a capacidade de reten\u00e7\u00e3o de \u00e1gua e de nutrientes.<\/li>\n<li>Pode ser aplicado durante toda a esta\u00e7\u00e3o de crescimento para melhorar as propriedades f\u00edsico-qu\u00edmicas do solo, aumentar a sua capacidade de troca cati\u00f3nica<\/li>\n<\/ul>\n","protected":false},"featured_media":13042,"comment_status":"open","ping_status":"closed","template":"","meta":{"_acf_changed":false},"product_brand":[],"product_cat":[667,406],"product_tag":[1411],"class_list":{"0":"post-18584","1":"product","2":"type-product","3":"status-publish","4":"has-post-thumbnail","6":"product_cat-acidos-humicos","7":"product_cat-regeneradores-de-solos","8":"product_tag-caae-pt-pt","10":"first","11":"instock","12":"taxable","13":"shipping-taxable","14":"purchasable","15":"product-type-variable","16":"has-default-attributes"},"acf":[],"_links":{"self":[{"href":"https:\/\/cultivers.es\/pt-pt\/wp-json\/wp\/v2\/product\/18584","targetHints":{"allow":["GET"]}}],"collection":[{"href":"https:\/\/cultivers.es\/pt-pt\/wp-json\/wp\/v2\/product"}],"about":[{"href":"https:\/\/cultivers.es\/pt-pt\/wp-json\/wp\/v2\/types\/product"}],"replies":[{"embeddable":true,"href":"https:\/\/cultivers.es\/pt-pt\/wp-json\/wp\/v2\/comments?post=18584"}],"wp:featuredmedia":[{"embeddable":true,"href":"https:\/\/cultivers.es\/pt-pt\/wp-json\/wp\/v2\/media\/13042"}],"wp:attachment":[{"href":"https:\/\/cultivers.es\/pt-pt\/wp-json\/wp\/v2\/media?parent=18584"}],"wp:term":[{"taxonomy":"product_brand","embeddable":true,"href":"https:\/\/cultivers.es\/pt-pt\/wp-json\/wp\/v2\/product_brand?post=18584"},{"taxonomy":"product_cat","embeddable":true,"href":"https:\/\/cultivers.es\/pt-pt\/wp-json\/wp\/v2\/product_cat?post=18584"},{"taxonomy":"product_tag","embeddable":true,"href":"https:\/\/cultivers.es\/pt-pt\/wp-json\/wp\/v2\/product_tag?post=18584"}],"curies":[{"name":"wp","href":"https:\/\/api.w.org\/{rel}","templated":true}]}}