{"id":18585,"date":"2021-10-22T12:12:48","date_gmt":"2021-10-22T12:12:48","guid":{"rendered":"https:\/\/cultivers.es\/abonos\/agente-de-enraizamento-liquido\/"},"modified":"2025-09-22T05:00:48","modified_gmt":"2025-09-22T05:00:48","slug":"liquido-de-enraizamento-ecologico","status":"publish","type":"product","link":"https:\/\/cultivers.es\/pt-pt\/fertilizantes\/liquido-de-enraizamento-ecologico\/","title":{"rendered":"Agente de enraizamento l\u00edquido"},"content":{"rendered":"<p>\u00c9 um fertilizante org\u00e2nico especialmente indicado para estimular o desenvolvimento radicular nas fases mais dif\u00edceis da cultura e onde \u00e9 necess\u00e1rio o m\u00e1ximo envolvimento do sistema radicular. A sua formula\u00e7\u00e3o estudada com microelementos quelatados por EDTA e complexados por amino\u00e1cidos, permite a sua r\u00e1pida absor\u00e7\u00e3o e transloca\u00e7\u00e3o na planta, garantindo a m\u00e1xima efic\u00e1cia no menor tempo poss\u00edvel. Favorece as intera\u00e7\u00f5es solo-planta e promove o equil\u00edbrio entre os sistemas radicular e a\u00e9reo da planta. A sua utiliza\u00e7\u00e3o justifica-se plenamente a partir da transplanta\u00e7\u00e3o, nas fases de flora\u00e7\u00e3o e frutifica\u00e7\u00e3o ou para ultrapassar epis\u00f3dios de stress ou de fitotoxicidade que possam ocorrer durante o ciclo da cultura.<\/p>\n","protected":false},"excerpt":{"rendered":"<ul class=\"a-unordered-list a-vertical a-spacing-mini\">\n<li><span class=\"a-list-item\">Estimula a forma\u00e7\u00e3o de ra\u00edzes secund\u00e1rias, aumentando o n\u00famero de p\u00ealos absorventes e regenerando a capacidade de absor\u00e7\u00e3o de nutrientes.<\/span><\/li>\n<li><span class=\"a-list-item\">Adubo org\u00e2nico para o desenvolvimento das ra\u00edzes.<\/span><\/li>\n<li><span class=\"a-list-item\">Favorece as intera\u00e7\u00f5es solo-planta e promove o equil\u00edbrio entre as ra\u00edzes e a parte a\u00e9rea da planta.<\/span><\/li>\n<li><span class=\"a-list-item\">Deve ser utilizado desde a transplanta\u00e7\u00e3o, na fase de flora\u00e7\u00e3o e frutifica\u00e7\u00e3o ou para superar o stress ou a fitotoxicidade que possam ocorrer durante o ciclo vegetativo.<\/span><\/li>\n<li><span class=\"a-list-item\">Agente de enraizamento 100% biol\u00f3gico. Certificado para a agricultura biol\u00f3gica pela Ecocert. <\/span><\/li>\n<\/ul>\n","protected":false},"featured_media":28282,"comment_status":"open","ping_status":"closed","template":"","meta":{"_acf_changed":false},"product_brand":[],"product_cat":[355,668],"product_tag":[1564],"class_list":{"0":"post-18585","1":"product","2":"type-product","3":"status-publish","4":"has-post-thumbnail","6":"product_cat-bonsai-pt-pt","7":"product_cat-enraizamento","8":"product_tag-ecocert-pt-pt","10":"first","11":"instock","12":"taxable","13":"shipping-taxable","14":"purchasable","15":"product-type-variable"},"acf":[],"_links":{"self":[{"href":"https:\/\/cultivers.es\/pt-pt\/wp-json\/wp\/v2\/product\/18585","targetHints":{"allow":["GET"]}}],"collection":[{"href":"https:\/\/cultivers.es\/pt-pt\/wp-json\/wp\/v2\/product"}],"about":[{"href":"https:\/\/cultivers.es\/pt-pt\/wp-json\/wp\/v2\/types\/product"}],"replies":[{"embeddable":true,"href":"https:\/\/cultivers.es\/pt-pt\/wp-json\/wp\/v2\/comments?post=18585"}],"wp:featuredmedia":[{"embeddable":true,"href":"https:\/\/cultivers.es\/pt-pt\/wp-json\/wp\/v2\/media\/28282"}],"wp:attachment":[{"href":"https:\/\/cultivers.es\/pt-pt\/wp-json\/wp\/v2\/media?parent=18585"}],"wp:term":[{"taxonomy":"product_brand","embeddable":true,"href":"https:\/\/cultivers.es\/pt-pt\/wp-json\/wp\/v2\/product_brand?post=18585"},{"taxonomy":"product_cat","embeddable":true,"href":"https:\/\/cultivers.es\/pt-pt\/wp-json\/wp\/v2\/product_cat?post=18585"},{"taxonomy":"product_tag","embeddable":true,"href":"https:\/\/cultivers.es\/pt-pt\/wp-json\/wp\/v2\/product_tag?post=18585"}],"curies":[{"name":"wp","href":"https:\/\/api.w.org\/{rel}","templated":true}]}}