{"id":18593,"date":"2021-10-22T12:12:47","date_gmt":"2021-10-22T12:12:47","guid":{"rendered":"https:\/\/cultivers.es\/abonos\/fertilizante-liquido-para-hortensias-organico\/"},"modified":"2025-09-22T04:54:49","modified_gmt":"2025-09-22T04:54:49","slug":"fertilizante-liquido-ecologico-para-hortensias","status":"publish","type":"product","link":"https:\/\/cultivers.es\/pt-pt\/fertilizantes\/fertilizante-liquido-ecologico-para-hortensias\/","title":{"rendered":"Fertilizante de hort\u00eansia l\u00edquido org\u00e2nico"},"content":{"rendered":"<p>Fertilizante l\u00edquido org\u00e2nico para hort\u00eansias. O fertilizante org\u00e2nico para <a href=\"https:\/\/cultivers.es\/pt-pt\/abonos-ecologicos\/plantacoes\/hortensias-pt-pt\/\">hort\u00eansias<\/a> e outras plantas \u00e1cidas \u00e9 um fertilizante org\u00e2nico l\u00edquido que proporciona um equil\u00edbrio nutricional desenvolvido para manter o pH do solo mais baixo. Facilita a absor\u00e7\u00e3o de nutrientes pela planta. Recomendado para estimular a flora\u00e7\u00e3o e o crescimento controlado. Cont\u00e9m ferro quelatado para manter as folhas verdes intensas.    <\/p>\n","protected":false},"excerpt":{"rendered":"<div id=\"featurebullets_feature_div\" class=\"celwidget\" data-feature-name=\"featurebullets\" data-csa-c-id=\"h67mi0-q9y2q7-vu8qw4-w2mjpb\" data-cel-widget=\"featurebullets_feature_div\">\n<div id=\"feature-bullets\" class=\"a-section a-spacing-medium a-spacing-top-small\">\n<ul class=\"a-unordered-list a-vertical a-spacing-mini\">\n<li><span class=\"a-list-item\">Adubo org\u00e2nico universal l\u00edquido para todos os tipos de hort\u00eansias<\/span><\/li>\n<li><span class=\"a-list-item\">Plantas mais saud\u00e1veis e mais vigorosas; facilita o desenvolvimento das plantas em situa\u00e7\u00f5es de stress, permitindo uma melhor recupera\u00e7\u00e3o das plantas<\/span><\/li>\n<li><span class=\"a-list-item\">Equil\u00edbrio \u00f3timo de nutrientes essenciais para o crescimento vegetativo e a flora\u00e7\u00e3o<\/span><\/li>\n<li><span class=\"a-list-item\">solu\u00e7\u00e3o npk 4-1-4; fornecimento combinado de macronutrientes (azoto, f\u00f3sforo e pot\u00e1ssio) e de micronutrientes (boro, c\u00e1lcio, ferro, magn\u00e9sio, molibd\u00e9nio e zinco) para uma nutri\u00e7\u00e3o mais completa e equilibrada; os amino\u00e1cidos favorecem a assimila\u00e7\u00e3o dos elementos e proporcionam uma a\u00e7\u00e3o bioestimulante<\/span><\/li>\n<li><span class=\"a-list-item\">Produto 100% natural e amigo dos animais, amigo do ambiente.<\/span><\/li>\n<\/ul>\n<\/div>\n<\/div>\n<div id=\"customerReviewsAttribute_feature_div\" class=\"celwidget\" data-feature-name=\"customerReviewsAttribute\" data-csa-c-id=\"ects49-4kgjvk-2bbvbt-fwog5a\" data-cel-widget=\"customerReviewsAttribute_feature_div\"><\/div>\n<div id=\"addOnItem_feature_div\" class=\"celwidget\" data-feature-name=\"addOnItem\" data-csa-c-id=\"32fera-bvdwdu-3reqfs-j84kzh\" data-cel-widget=\"addOnItem_feature_div\"><\/div>\n<div id=\"andonCord_feature_div\" class=\"celwidget\" data-feature-name=\"andonCord\" data-csa-c-id=\"m483jm-dl2w6t-iso3nd-zdw8h4\" data-cel-widget=\"andonCord_feature_div\"><\/div>\n<div id=\"HLCXComparisonJumplink_feature_div\"><\/div>\n","protected":false},"featured_media":27002,"comment_status":"open","ping_status":"closed","template":"","meta":{"_acf_changed":false},"product_brand":[],"product_cat":[325,402,545],"product_tag":[1411],"class_list":{"0":"post-18593","1":"product","2":"type-product","3":"status-publish","4":"has-post-thumbnail","6":"product_cat-fertilizantes","7":"product_cat-fertilizantes-liquidos","8":"product_cat-hortensias-pt-pt","9":"product_tag-caae-pt-pt","11":"first","12":"instock","13":"taxable","14":"shipping-taxable","15":"purchasable","16":"product-type-variable"},"acf":[],"_links":{"self":[{"href":"https:\/\/cultivers.es\/pt-pt\/wp-json\/wp\/v2\/product\/18593","targetHints":{"allow":["GET"]}}],"collection":[{"href":"https:\/\/cultivers.es\/pt-pt\/wp-json\/wp\/v2\/product"}],"about":[{"href":"https:\/\/cultivers.es\/pt-pt\/wp-json\/wp\/v2\/types\/product"}],"replies":[{"embeddable":true,"href":"https:\/\/cultivers.es\/pt-pt\/wp-json\/wp\/v2\/comments?post=18593"}],"wp:featuredmedia":[{"embeddable":true,"href":"https:\/\/cultivers.es\/pt-pt\/wp-json\/wp\/v2\/media\/27002"}],"wp:attachment":[{"href":"https:\/\/cultivers.es\/pt-pt\/wp-json\/wp\/v2\/media?parent=18593"}],"wp:term":[{"taxonomy":"product_brand","embeddable":true,"href":"https:\/\/cultivers.es\/pt-pt\/wp-json\/wp\/v2\/product_brand?post=18593"},{"taxonomy":"product_cat","embeddable":true,"href":"https:\/\/cultivers.es\/pt-pt\/wp-json\/wp\/v2\/product_cat?post=18593"},{"taxonomy":"product_tag","embeddable":true,"href":"https:\/\/cultivers.es\/pt-pt\/wp-json\/wp\/v2\/product_tag?post=18593"}],"curies":[{"name":"wp","href":"https:\/\/api.w.org\/{rel}","templated":true}]}}