{"id":18601,"date":"2021-10-22T12:12:47","date_gmt":"2021-10-22T12:12:47","guid":{"rendered":"https:\/\/cultivers.es\/abonos\/fertilizante-organico-de-geranio-liquido\/"},"modified":"2025-09-22T04:54:41","modified_gmt":"2025-09-22T04:54:41","slug":"fertilizantes-geranios-ecologicos-liquidos","status":"publish","type":"product","link":"https:\/\/cultivers.es\/pt-pt\/fertilizantes\/fertilizantes-geranios-ecologicos-liquidos\/","title":{"rendered":"Fertilizante org\u00e2nico de ger\u00e2nio l\u00edquido"},"content":{"rendered":"<p>Fertilizante l\u00edquido para <a href=\"https:\/\/cultivers.es\/pt-pt\/abonos-ecologicos\/plantacoes\/geranios-pt-pt\/\">ger\u00e2nios<\/a> Ecol\u00f3gico. O nosso fertilizante org\u00e2nico para ger\u00e2nios \u00e9 uma formula\u00e7\u00e3o org\u00e2nica com um equil\u00edbrio nutricional estudado que proporciona um desenvolvimento \u00f3timo dos ger\u00e2nios. Uma flora\u00e7\u00e3o exuberante e duradoura cont\u00e9m um complexo de macro e micronutrientes que optimizam todas as fases de crescimento e flora\u00e7\u00e3o da planta.  <\/p>\n","protected":false},"excerpt":{"rendered":"<ul class=\"a-unordered-list a-vertical a-spacing-mini\">\n<li><span class=\"a-list-item\">Adubo org\u00e2nico l\u00edquido universal para todos os tipos de ger\u00e2nios.<\/span><\/li>\n<li><span class=\"a-list-item\">Plantas mais saud\u00e1veis e vigorosas. Facilita o desenvolvimento da planta em situa\u00e7\u00f5es de stress, permitindo uma melhor recupera\u00e7\u00e3o das plantas. <\/span><\/li>\n<li><span class=\"a-list-item\">Equil\u00edbrio \u00f3timo de nutrientes essenciais para o desenvolvimento vegetativo e a frutifica\u00e7\u00e3o.<\/span><\/li>\n<li><span class=\"a-list-item\">Solu\u00e7\u00e3o NPK 4-1-7. Fornecimento combinado de macronutrientes (azoto, f\u00f3sforo e pot\u00e1ssio) e micronutrientes (boro, c\u00e1lcio, ferro, mangan\u00eas, molibd\u00e9nio e zinco) para uma nutri\u00e7\u00e3o mais completa e equilibrada. Os amino\u00e1cidos favorecem a assimila\u00e7\u00e3o dos elementos e conferem-lhe uma a\u00e7\u00e3o bioestimulante.  <\/span><\/li>\n<li><span class=\"a-list-item\">Produto 100% natural e inofensivo para os animais, respeitando o meio ambiente.<\/span><\/li>\n<\/ul>\n","protected":false},"featured_media":27026,"comment_status":"open","ping_status":"closed","template":"","meta":{"_acf_changed":false},"product_brand":[],"product_cat":[325,402],"product_tag":[1411],"class_list":{"0":"post-18601","1":"product","2":"type-product","3":"status-publish","4":"has-post-thumbnail","6":"product_cat-fertilizantes","7":"product_cat-fertilizantes-liquidos","8":"product_tag-caae-pt-pt","10":"first","11":"instock","12":"taxable","13":"shipping-taxable","14":"purchasable","15":"product-type-variable"},"acf":[],"_links":{"self":[{"href":"https:\/\/cultivers.es\/pt-pt\/wp-json\/wp\/v2\/product\/18601","targetHints":{"allow":["GET"]}}],"collection":[{"href":"https:\/\/cultivers.es\/pt-pt\/wp-json\/wp\/v2\/product"}],"about":[{"href":"https:\/\/cultivers.es\/pt-pt\/wp-json\/wp\/v2\/types\/product"}],"replies":[{"embeddable":true,"href":"https:\/\/cultivers.es\/pt-pt\/wp-json\/wp\/v2\/comments?post=18601"}],"wp:featuredmedia":[{"embeddable":true,"href":"https:\/\/cultivers.es\/pt-pt\/wp-json\/wp\/v2\/media\/27026"}],"wp:attachment":[{"href":"https:\/\/cultivers.es\/pt-pt\/wp-json\/wp\/v2\/media?parent=18601"}],"wp:term":[{"taxonomy":"product_brand","embeddable":true,"href":"https:\/\/cultivers.es\/pt-pt\/wp-json\/wp\/v2\/product_brand?post=18601"},{"taxonomy":"product_cat","embeddable":true,"href":"https:\/\/cultivers.es\/pt-pt\/wp-json\/wp\/v2\/product_cat?post=18601"},{"taxonomy":"product_tag","embeddable":true,"href":"https:\/\/cultivers.es\/pt-pt\/wp-json\/wp\/v2\/product_tag?post=18601"}],"curies":[{"name":"wp","href":"https:\/\/api.w.org\/{rel}","templated":true}]}}