{"id":18696,"date":"2021-10-25T08:52:28","date_gmt":"2021-10-25T08:52:28","guid":{"rendered":"https:\/\/cultivers.es\/abonos\/oxicloreto-de-cobre\/"},"modified":"2025-09-22T05:00:46","modified_gmt":"2025-09-22T05:00:46","slug":"oxicloreto-de-cobre","status":"publish","type":"product","link":"https:\/\/cultivers.es\/pt-pt\/fertilizantes\/oxicloreto-de-cobre\/","title":{"rendered":"Oxicloreto de cobre"},"content":{"rendered":"<div class=\"fusion-text\">\n<h3 class=\"fusion-responsive-typography-calculated\" data-fontsize=\"16\" data-lineheight=\"30.08px\">Fonte de cobre para todos os tipos de plantas<\/h3>\n<\/div>\n<div class=\"fusion-text\">\n<h4 class=\"fusion-responsive-typography-calculated\" data-fontsize=\"15\" data-lineheight=\"25.95px\">O cobre \u00e9 classificado pelo FRAC (Comit\u00e9 de A\u00e7\u00e3o para a Resist\u00eancia aos Fungicidas) como um fungicida inorg\u00e2nico, multi-s\u00edtio e bacteriost\u00e1tico com um risco de resist\u00eancia muito baixo.<\/h4>\n<div class=\"fusion-text\">\n<p>O seu modo de a\u00e7\u00e3o baseia-se na presen\u00e7a de i\u00f5es Cu2+ numa solu\u00e7\u00e3o aquosa. Os i\u00f5es Cu2+ s\u00e3o absorvidos pelo agente patog\u00e9nico at\u00e9 que a sua acumula\u00e7\u00e3o provoque o colapso das suas c\u00e9lulas, bloqueando o processo respirat\u00f3rio, inibindo a s\u00edntese proteica e reduzindo a atividade das membranas.<br \/>\nEsta a\u00e7\u00e3o multidiana do cobre envolve diferentes processos controlados por diferentes genes, o que dificulta o desenvolvimento da resist\u00eancia. <\/p>\n<\/div>\n<p>O cobre \u00e9 classificado pelo FRAC (Fungicide Resistance Action Committee) como um fungicida inorg\u00e2nico, multiss\u00edtio e bacteriost\u00e1tico com um risco de resist\u00eancia muito baixo.<br \/>\nO seu modo de a\u00e7\u00e3o baseia-se na presen\u00e7a de i\u00f5es Cu2+ em solu\u00e7\u00e3o aquosa. Os i\u00f5es Cu2+ s\u00e3o absorvidos pelo agente patog\u00e9nico at\u00e9 que a sua acumula\u00e7\u00e3o provoque o colapso das suas c\u00e9lulas, bloqueando o processo respirat\u00f3rio, inibindo a s\u00edntese proteica e reduzindo a atividade das membranas.<br \/>\nEsta a\u00e7\u00e3o multidiagn\u00f3stica do cobre envolve diferentes processos controlados por diferentes genes, o que dificulta o desenvolvimento de resist\u00eancia. <\/p>\n<\/div>\n","protected":false},"excerpt":{"rendered":"<ul>\n<li>O oxicloreto de cobre \u00e9 uma fonte de cobre para todos os tipos de plantas.<\/li>\n<li>70% de oxicloreto de cobre<\/li>\n<li>Produto para agricultura biol\u00f3gica de acordo com os regulamentos CE 834\/2007 e 889\/2008 e o regulamento NOP.<\/li>\n<li>Suspens\u00e3o de fertilizantes \u00e0 base de cobre<\/li>\n<li>Aplicar por pulveriza\u00e7\u00e3o foliar, dilu\u00eddo em \u00e1gua, agitando previamente o recipiente.<\/li>\n<\/ul>\n","protected":false},"featured_media":28709,"comment_status":"open","ping_status":"closed","template":"","meta":{"_acf_changed":false},"product_brand":[],"product_cat":[613,620,614,529,618,512],"product_tag":[1564],"class_list":{"0":"post-18696","1":"product","2":"type-product","3":"status-publish","4":"has-post-thumbnail","6":"product_cat-correctores-de-deficiencias","7":"product_cat-arvores-de-fruto","8":"product_cat-bioprotectores","9":"product_cat-oliveira","10":"product_cat-pomar","11":"product_cat-protecao-das-culturas-e-das-plantas","12":"product_tag-ecocert-pt-pt","14":"first","15":"instock","16":"taxable","17":"shipping-taxable","18":"purchasable","19":"product-type-variable","20":"has-default-attributes"},"acf":[],"_links":{"self":[{"href":"https:\/\/cultivers.es\/pt-pt\/wp-json\/wp\/v2\/product\/18696","targetHints":{"allow":["GET"]}}],"collection":[{"href":"https:\/\/cultivers.es\/pt-pt\/wp-json\/wp\/v2\/product"}],"about":[{"href":"https:\/\/cultivers.es\/pt-pt\/wp-json\/wp\/v2\/types\/product"}],"replies":[{"embeddable":true,"href":"https:\/\/cultivers.es\/pt-pt\/wp-json\/wp\/v2\/comments?post=18696"}],"wp:featuredmedia":[{"embeddable":true,"href":"https:\/\/cultivers.es\/pt-pt\/wp-json\/wp\/v2\/media\/28709"}],"wp:attachment":[{"href":"https:\/\/cultivers.es\/pt-pt\/wp-json\/wp\/v2\/media?parent=18696"}],"wp:term":[{"taxonomy":"product_brand","embeddable":true,"href":"https:\/\/cultivers.es\/pt-pt\/wp-json\/wp\/v2\/product_brand?post=18696"},{"taxonomy":"product_cat","embeddable":true,"href":"https:\/\/cultivers.es\/pt-pt\/wp-json\/wp\/v2\/product_cat?post=18696"},{"taxonomy":"product_tag","embeddable":true,"href":"https:\/\/cultivers.es\/pt-pt\/wp-json\/wp\/v2\/product_tag?post=18696"}],"curies":[{"name":"wp","href":"https:\/\/api.w.org\/{rel}","templated":true}]}}