{"id":18784,"date":"2021-10-22T12:12:52","date_gmt":"2021-10-22T12:12:52","guid":{"rendered":"https:\/\/cultivers.es\/abonos\/terra-de-diatomaceas-moida\/"},"modified":"2025-09-22T05:23:47","modified_gmt":"2025-09-22T05:23:47","slug":"terra-de-diatomaceas","status":"publish","type":"product","link":"https:\/\/cultivers.es\/pt-pt\/fertilizantes\/terra-de-diatomaceas\/","title":{"rendered":"Terra de diatom\u00e1ceas mo\u00edda"},"content":{"rendered":"<p>A nutri\u00e7\u00e3o da cultura com sil\u00edcio aumenta a capacidade da planta para armazenar e distribuir os hidratos de carbono necess\u00e1rios ao crescimento e \u00e0 produ\u00e7\u00e3o da cultura.<br \/>\nA terra de diatom\u00e1ceas, como fonte de s\u00edlica mineral, promove a coloniza\u00e7\u00e3o das ra\u00edzes por algas, l\u00edquenes, bact\u00e9rias e micorrizas, melhorando a fixa\u00e7\u00e3o e assimila\u00e7\u00e3o de azoto e f\u00f3sforo, entre outros minerais.<br \/>\nO sil\u00edcio tem uma a\u00e7\u00e3o sin\u00e9rgica com o c\u00e1lcio (Ca), o magn\u00e9sio (Mg), o ferro (Fe), o zinco (Zn) e o molibd\u00e9nio (Mo). Os seis elementos t\u00eam uma a\u00e7\u00e3o sin\u00e9rgica, optimizando o desenvolvimento das culturas e a produ\u00e7\u00e3o vegetal, melhorando tamb\u00e9m a meia-vida das culturas perec\u00edveis.<\/p>\n","protected":false},"excerpt":{"rendered":"<ul>\n<li>S\u00f3lido em p\u00f3 mo\u00eddo (tritura\u00e7\u00e3o).<\/li>\n<\/ul>\n","protected":false},"featured_media":30794,"comment_status":"open","ping_status":"closed","template":"","meta":{"_acf_changed":false},"product_brand":[],"product_cat":[702],"product_tag":[1564],"woo-feed-brand":[],"class_list":{"0":"post-18784","1":"product","2":"type-product","3":"status-publish","4":"has-post-thumbnail","6":"product_cat-materias-primas-pt-pt","7":"product_tag-ecocert-pt-pt","9":"first","10":"instock","11":"taxable","12":"shipping-taxable","13":"purchasable","14":"product-type-variable"},"acf":[],"_links":{"self":[{"href":"https:\/\/cultivers.es\/pt-pt\/wp-json\/wp\/v2\/product\/18784","targetHints":{"allow":["GET"]}}],"collection":[{"href":"https:\/\/cultivers.es\/pt-pt\/wp-json\/wp\/v2\/product"}],"about":[{"href":"https:\/\/cultivers.es\/pt-pt\/wp-json\/wp\/v2\/types\/product"}],"replies":[{"embeddable":true,"href":"https:\/\/cultivers.es\/pt-pt\/wp-json\/wp\/v2\/comments?post=18784"}],"wp:featuredmedia":[{"embeddable":true,"href":"https:\/\/cultivers.es\/pt-pt\/wp-json\/wp\/v2\/media\/30794"}],"wp:attachment":[{"href":"https:\/\/cultivers.es\/pt-pt\/wp-json\/wp\/v2\/media?parent=18784"}],"wp:term":[{"taxonomy":"product_brand","embeddable":true,"href":"https:\/\/cultivers.es\/pt-pt\/wp-json\/wp\/v2\/product_brand?post=18784"},{"taxonomy":"product_cat","embeddable":true,"href":"https:\/\/cultivers.es\/pt-pt\/wp-json\/wp\/v2\/product_cat?post=18784"},{"taxonomy":"product_tag","embeddable":true,"href":"https:\/\/cultivers.es\/pt-pt\/wp-json\/wp\/v2\/product_tag?post=18784"},{"taxonomy":"woo-feed-brand","embeddable":true,"href":"https:\/\/cultivers.es\/pt-pt\/wp-json\/wp\/v2\/woo-feed-brand?post=18784"}],"curies":[{"name":"wp","href":"https:\/\/api.w.org\/{rel}","templated":true}]}}