{"id":18792,"date":"2021-10-22T12:12:52","date_gmt":"2021-10-22T12:12:52","guid":{"rendered":"https:\/\/cultivers.es\/abonos\/farinha-de-ossos\/"},"modified":"2026-03-24T18:20:04","modified_gmt":"2026-03-24T18:20:04","slug":"osso-de-farinha","status":"publish","type":"product","link":"https:\/\/cultivers.es\/pt-pt\/fertilizantes\/osso-de-farinha\/","title":{"rendered":"Farinha de ossos"},"content":{"rendered":"<p>O sistema radicular da planta \u00e9 respons\u00e1vel pela explora\u00e7\u00e3o do solo e pela absor\u00e7\u00e3o de \u00e1gua e nutrientes minerais; uma raiz abundante \u00e9 uma das formas mais diretas e econ\u00f3micas de aumentar a efici\u00eancia da absor\u00e7\u00e3o de nutrientes, reduzindo assim a entrada extra de NPK.<br \/>\nAl\u00e9m disso, \u00e9 na raiz que se sintetiza a maior parte das hormonas respons\u00e1veis pela regula\u00e7\u00e3o do metabolismo da planta em processos importantes como a divis\u00e3o celular, o espessamento e alongamento das c\u00e9lulas, a frutifica\u00e7\u00e3o e o crescimento dos frutos, etc. O c\u00e1lcio est\u00e1 envolvido nas reac\u00e7\u00f5es de resist\u00eancia e de adapta\u00e7\u00e3o das plantas e \u00e9 um dos componentes mais importantes da parede celular, o que a torna perme\u00e1vel. Melhora tamb\u00e9m a qualidade, a consist\u00eancia e a vida p\u00f3s-colheita dos frutos.<br \/>\nFertilizante natural ideal para a planta\u00e7\u00e3o de \u00e1rvores e arbustos. Promove o enraizamento e estimula a flora\u00e7\u00e3o e a frutifica\u00e7\u00e3o.<\/p>\n","protected":false},"excerpt":{"rendered":"<ul>\n<li>Adubo natural para fornecer f\u00f3sforo e c\u00e1lcio a todos os tipos de culturas.<\/li>\n<li>Estimula o enraizamento, o crescimento, a absor\u00e7\u00e3o de nutrientes e a flora\u00e7\u00e3o das plantas<\/li>\n<li>Aumenta a frutifica\u00e7\u00e3o<\/li>\n<li>Aumenta o vigor e a resist\u00eancia contra pragas e factores negativos externos<\/li>\n<li>Ideal para todos os tipos de culturas, plantas e jardins.<\/li>\n<\/ul>\n","protected":false},"featured_media":13172,"comment_status":"open","ping_status":"closed","template":"","meta":{"_acf_changed":false},"product_brand":[],"product_cat":[1275,702,406],"product_tag":[1564],"woo-feed-brand":[],"class_list":{"0":"post-18792","1":"product","2":"type-product","3":"status-publish","4":"has-post-thumbnail","6":"product_cat-adubos-recomendados","7":"product_cat-materias-primas-pt-pt","8":"product_cat-regeneradores-de-solos","9":"product_tag-ecocert-pt-pt","11":"first","12":"outofstock","13":"taxable","14":"shipping-taxable","15":"purchasable","16":"product-type-variable"},"acf":[],"_links":{"self":[{"href":"https:\/\/cultivers.es\/pt-pt\/wp-json\/wp\/v2\/product\/18792","targetHints":{"allow":["GET"]}}],"collection":[{"href":"https:\/\/cultivers.es\/pt-pt\/wp-json\/wp\/v2\/product"}],"about":[{"href":"https:\/\/cultivers.es\/pt-pt\/wp-json\/wp\/v2\/types\/product"}],"replies":[{"embeddable":true,"href":"https:\/\/cultivers.es\/pt-pt\/wp-json\/wp\/v2\/comments?post=18792"}],"wp:featuredmedia":[{"embeddable":true,"href":"https:\/\/cultivers.es\/pt-pt\/wp-json\/wp\/v2\/media\/13172"}],"wp:attachment":[{"href":"https:\/\/cultivers.es\/pt-pt\/wp-json\/wp\/v2\/media?parent=18792"}],"wp:term":[{"taxonomy":"product_brand","embeddable":true,"href":"https:\/\/cultivers.es\/pt-pt\/wp-json\/wp\/v2\/product_brand?post=18792"},{"taxonomy":"product_cat","embeddable":true,"href":"https:\/\/cultivers.es\/pt-pt\/wp-json\/wp\/v2\/product_cat?post=18792"},{"taxonomy":"product_tag","embeddable":true,"href":"https:\/\/cultivers.es\/pt-pt\/wp-json\/wp\/v2\/product_tag?post=18792"},{"taxonomy":"woo-feed-brand","embeddable":true,"href":"https:\/\/cultivers.es\/pt-pt\/wp-json\/wp\/v2\/woo-feed-brand?post=18792"}],"curies":[{"name":"wp","href":"https:\/\/api.w.org\/{rel}","templated":true}]}}