{"id":18804,"date":"2021-10-25T06:37:06","date_gmt":"2021-10-25T06:37:06","guid":{"rendered":"https:\/\/cultivers.es\/abonos\/fertilizante-de-algas-marinhas-liquido\/"},"modified":"2026-03-19T07:05:53","modified_gmt":"2026-03-19T07:05:53","slug":"algas-marinhas-liquido","status":"publish","type":"product","link":"https:\/\/cultivers.es\/pt-pt\/fertilizantes\/algas-marinhas-liquido\/","title":{"rendered":"Fertilizante l\u00edquido de algas marinhas"},"content":{"rendered":"<p>Solu\u00e7\u00e3o concentrada de extrato natural de algas marinhas (Ascophyllum nodosum), amino\u00e1cidos, p\u00e9ptidos, \u00e1cido alg\u00ednico e manitol, que aceleram o crescimento com o m\u00e1ximo vigor, devido ao fornecimento de energia, ativa\u00e7\u00e3o metab\u00f3lica, fontes minerais quelatadas e subst\u00e2ncias fito-hormonais naturalmente presentes nas algas marinhas, que estimulam e potenciam o recurso gen\u00e9tico da planta mesmo em condi\u00e7\u00f5es adversas. O extrato de algas marinhas \u00e9 rico em hormonas de crescimento vegetal, tais como citocininas, giberelinas e auxinas, e mol\u00e9culas org\u00e2nicas naturais, incluindo beta\u00ednas, manitol, polissac\u00e1ridos e amino\u00e1cidos. Os amino\u00e1cidos desempenham um papel essencial na manuten\u00e7\u00e3o do equil\u00edbrio h\u00eddrico das plantas, especialmente em condi\u00e7\u00f5es clim\u00e1ticas adversas. Fornece metabolitos essenciais, que s\u00e3o facilmente absorvidos pelos sistemas radiculares, e aumenta a fertilidade do solo, estimulando a atividade microbiana. Reativador do crescimento e metabolismo das plantas alterado por eventos fisiol\u00f3gicos adversos ou stress abi\u00f3tico.<\/p>\n","protected":false},"excerpt":{"rendered":"<ul class=\"a-unordered-list a-vertical a-spacing-mini\">\n<li><span class=\"a-list-item\">Fertilizante 100% natural de algas marinhas. Extrato de algas marinhas (Ascophyllum nodosum) <\/span><\/li>\n<li><span class=\"a-list-item\">Estimula o crescimento radicular e o crescimento vegetativo. Favorece a troca entre a raiz e o solo. <\/span><\/li>\n<li><span class=\"a-list-item\">Recupera\u00e7\u00e3o de culturas em situa\u00e7\u00e3o de stress.<\/span><\/li>\n<li><span class=\"a-list-item\">Aumenta o poder de absor\u00e7\u00e3o das ra\u00edzes e de transloca\u00e7\u00e3o de nutrientes<\/span><\/li>\n<li><span class=\"a-list-item\">Melhora o sistema radicular e o transplante.<\/span><\/li>\n<li><span class=\"a-list-item\">Aumenta as colheitas. Aumenta o n\u00famero de frutos e melhora a sua qualidade. <\/span><\/li>\n<li><span class=\"a-list-item\">O extrato de algas marinhas \u00e9 rico em hormonas de crescimento vegetal, como as citocininas, as giberelinas e as auxinas, e em mol\u00e9culas org\u00e2nicas naturais, incluindo beta\u00ednas, manitol, polissac\u00e1ridos e amino\u00e1cidos.<\/span><\/li>\n<\/ul>\n","protected":false},"featured_media":28946,"comment_status":"open","ping_status":"closed","template":"","meta":{"_acf_changed":false},"product_brand":[],"product_cat":[703,620,497,355,528,629,545,630,618,351,628,619],"product_tag":[1411],"class_list":{"0":"post-18804","1":"product","2":"type-product","3":"status-publish","4":"has-post-thumbnail","6":"product_cat-algas-marinhas","7":"product_cat-arvores-de-fruto","8":"product_cat-bioestimulantes-pt-pt","9":"product_cat-bonsai-pt-pt","10":"product_cat-citrinos","11":"product_cat-geranios-pt-pt","12":"product_cat-hortensias-pt-pt","13":"product_cat-plantas-ornamentais","14":"product_cat-pomar","15":"product_cat-relvado","16":"product_cat-roseiras","17":"product_cat-tropical-pt-pt","18":"product_tag-caae-pt-pt","20":"first","21":"instock","22":"taxable","23":"shipping-taxable","24":"purchasable","25":"product-type-variable"},"acf":[],"_links":{"self":[{"href":"https:\/\/cultivers.es\/pt-pt\/wp-json\/wp\/v2\/product\/18804","targetHints":{"allow":["GET"]}}],"collection":[{"href":"https:\/\/cultivers.es\/pt-pt\/wp-json\/wp\/v2\/product"}],"about":[{"href":"https:\/\/cultivers.es\/pt-pt\/wp-json\/wp\/v2\/types\/product"}],"replies":[{"embeddable":true,"href":"https:\/\/cultivers.es\/pt-pt\/wp-json\/wp\/v2\/comments?post=18804"}],"wp:featuredmedia":[{"embeddable":true,"href":"https:\/\/cultivers.es\/pt-pt\/wp-json\/wp\/v2\/media\/28946"}],"wp:attachment":[{"href":"https:\/\/cultivers.es\/pt-pt\/wp-json\/wp\/v2\/media?parent=18804"}],"wp:term":[{"taxonomy":"product_brand","embeddable":true,"href":"https:\/\/cultivers.es\/pt-pt\/wp-json\/wp\/v2\/product_brand?post=18804"},{"taxonomy":"product_cat","embeddable":true,"href":"https:\/\/cultivers.es\/pt-pt\/wp-json\/wp\/v2\/product_cat?post=18804"},{"taxonomy":"product_tag","embeddable":true,"href":"https:\/\/cultivers.es\/pt-pt\/wp-json\/wp\/v2\/product_tag?post=18804"}],"curies":[{"name":"wp","href":"https:\/\/api.w.org\/{rel}","templated":true}]}}