{"id":18816,"date":"2021-10-22T12:12:52","date_gmt":"2021-10-22T12:12:52","guid":{"rendered":"https:\/\/cultivers.es\/abonos\/farinha-de-pedra-po-de-basalto\/"},"modified":"2025-09-22T05:24:42","modified_gmt":"2025-09-22T05:24:42","slug":"farinha-de-rocha","status":"publish","type":"product","link":"https:\/\/cultivers.es\/pt-pt\/fertilizantes\/farinha-de-rocha\/","title":{"rendered":"Farinha de rocha. P\u00f3 de basalto"},"content":{"rendered":"<p>O basalto \u00e9 uma rocha \u00edgnea de origem vulc\u00e2nica, rica em s\u00edlica, c\u00e1lcio, magn\u00e9sio e ferro, para utiliza\u00e7\u00e3o na agricultura convencional e biol\u00f3gica.<br \/>\nAs aplica\u00e7\u00f5es peri\u00f3dicas em solos pobres melhoram a capacidade de troca cati\u00f3nica e a reten\u00e7\u00e3o de nutrientes.<br \/>\nEm condi\u00e7\u00f5es de precipita\u00e7\u00e3o intensa e lixivia\u00e7\u00e3o, os nutrientes podem ser libertados a uma taxa que lhes permita permanecer no solo e serem utilizados pelas plantas.<\/p>\n","protected":false},"excerpt":{"rendered":"<ul>\n<li>P\u00f3 de basalto. Adubos \u00e0 base de sil\u00edcio. Fornecimento de microelementos para todos os tipos de plantas.  <\/li>\n<li>O p\u00f3 de basalto \u00e9 uma rocha \u00edgnea de origem vulc\u00e2nica rica em s\u00edlica, c\u00e1lcio, magn\u00e9sio e ferro, para utiliza\u00e7\u00e3o na agricultura convencional e biol\u00f3gica.<\/li>\n<li>As aplica\u00e7\u00f5es peri\u00f3dicas de farinha de rocha em solos pobres melhoram a capacidade de troca cati\u00f3nica e a reten\u00e7\u00e3o de nutrientes.<\/li>\n<li>Ajuda a corrigir as toxicidades causadas pelo excesso de alum\u00ednio, ferro ou mangan\u00eas.<\/li>\n<\/ul>\n","protected":false},"featured_media":11160,"comment_status":"open","ping_status":"closed","template":"","meta":{"_acf_changed":false},"product_brand":[],"product_cat":[702,406],"product_tag":[],"woo-feed-brand":[],"class_list":{"0":"post-18816","1":"product","2":"type-product","3":"status-publish","4":"has-post-thumbnail","6":"product_cat-materias-primas-pt-pt","7":"product_cat-regeneradores-de-solos","9":"first","10":"instock","11":"featured","12":"taxable","13":"shipping-taxable","14":"purchasable","15":"product-type-variable","16":"has-default-attributes"},"acf":[],"_links":{"self":[{"href":"https:\/\/cultivers.es\/pt-pt\/wp-json\/wp\/v2\/product\/18816","targetHints":{"allow":["GET"]}}],"collection":[{"href":"https:\/\/cultivers.es\/pt-pt\/wp-json\/wp\/v2\/product"}],"about":[{"href":"https:\/\/cultivers.es\/pt-pt\/wp-json\/wp\/v2\/types\/product"}],"replies":[{"embeddable":true,"href":"https:\/\/cultivers.es\/pt-pt\/wp-json\/wp\/v2\/comments?post=18816"}],"wp:featuredmedia":[{"embeddable":true,"href":"https:\/\/cultivers.es\/pt-pt\/wp-json\/wp\/v2\/media\/11160"}],"wp:attachment":[{"href":"https:\/\/cultivers.es\/pt-pt\/wp-json\/wp\/v2\/media?parent=18816"}],"wp:term":[{"taxonomy":"product_brand","embeddable":true,"href":"https:\/\/cultivers.es\/pt-pt\/wp-json\/wp\/v2\/product_brand?post=18816"},{"taxonomy":"product_cat","embeddable":true,"href":"https:\/\/cultivers.es\/pt-pt\/wp-json\/wp\/v2\/product_cat?post=18816"},{"taxonomy":"product_tag","embeddable":true,"href":"https:\/\/cultivers.es\/pt-pt\/wp-json\/wp\/v2\/product_tag?post=18816"},{"taxonomy":"woo-feed-brand","embeddable":true,"href":"https:\/\/cultivers.es\/pt-pt\/wp-json\/wp\/v2\/woo-feed-brand?post=18816"}],"curies":[{"name":"wp","href":"https:\/\/api.w.org\/{rel}","templated":true}]}}