{"id":18824,"date":"2021-10-25T06:46:15","date_gmt":"2021-10-25T06:46:15","guid":{"rendered":"https:\/\/cultivers.es\/abonos\/quelato-de-ferro\/"},"modified":"2025-09-22T05:00:44","modified_gmt":"2025-09-22T05:00:44","slug":"quelato-de-ferro","status":"publish","type":"product","link":"https:\/\/cultivers.es\/pt-pt\/fertilizantes\/quelato-de-ferro\/","title":{"rendered":"Quelato de ferro"},"content":{"rendered":"<p>Quelato de ferro de alta qualidade e amigo do ambiente (Fe-EDDHA). O agente quelante EDDHA provou ser o mais est\u00e1vel numa ampla gama de pH, bem como eficaz na preven\u00e7\u00e3o da defici\u00eancia de ferro e nos tratamentos de corre\u00e7\u00e3o. A aplica\u00e7\u00e3o de EDDHA satisfaz nutricionalmente as culturas mais exigentes em ferro, garantindo n\u00edveis \u00f3ptimos durante todo o ciclo. \u00c9 um dos melhores quelatos de ferro do mercado devido \u00e0 sua r\u00e1pida assimila\u00e7\u00e3o e ao facto de n\u00e3o obstruir nenhum sistema de gotejamento. \u00c9 muito f\u00e1cil de aplicar e muito importante para o normal funcionamento e bom desenvolvimento das plantas.    <\/p>\n","protected":false},"excerpt":{"rendered":"<div id=\"featurebullets_feature_div\" class=\"celwidget\" data-feature-name=\"featurebullets\" data-csa-c-id=\"l7uvy3-ao07gy-on54rr-cc6d0a\" data-cel-widget=\"featurebullets_feature_div\">\n<div id=\"feature-bullets\" class=\"a-section a-spacing-medium a-spacing-top-small\">\n<ul class=\"a-unordered-list a-vertical a-spacing-mini\">\n<li>Quelato de ferro de elevada dissolu\u00e7\u00e3o, que n\u00e3o causa problemas de entupimento nos sistemas de rega.<\/li>\n<li>Nutriente essencial das plantas envolvido em muitas fun\u00e7\u00f5es vitais, incluindo a s\u00edntese de clorofila.<\/li>\n<li>Corretor de car\u00eancias de ferro. Previne e cura a defici\u00eancia de ferro (clorose f\u00e9rrica) em culturas hort\u00edcolas, \u00e1rvores e plantas ornamentais. <\/li>\n<li>Produto ecol\u00f3gico concebido para todos os tipos de plantas e \u00e1rvores. COMPOSI\u00c7\u00c3O 6%Fe-EDDHA, 4,8 ORTHO-ORTHO ISOMERE <\/li>\n<li><span class=\"a-list-item\">N\u00famero de registo certificado CAAE: CE-007459-2019.<\/span><\/li>\n<\/ul>\n<\/div>\n<\/div>\n<div id=\"bissProductSpecification_feature_div\" class=\"celwidget\" data-feature-name=\"bissProductSpecification\" data-csa-c-id=\"sq1azf-sizrfp-blbik0-fsxp1s\" data-cel-widget=\"bissProductSpecification_feature_div\"><\/div>\n","protected":false},"featured_media":13062,"comment_status":"open","ping_status":"closed","template":"","meta":{"_acf_changed":false},"product_brand":[],"product_cat":[613,620,355,528,324,545,529,618,366,619],"product_tag":[1411],"class_list":{"0":"post-18824","1":"product","2":"type-product","3":"status-publish","4":"has-post-thumbnail","6":"product_cat-correctores-de-deficiencias","7":"product_cat-arvores-de-fruto","8":"product_cat-bonsai-pt-pt","9":"product_cat-citrinos","10":"product_cat-coniferas-e-sebes","11":"product_cat-hortensias-pt-pt","12":"product_cat-oliveira","13":"product_cat-pomar","14":"product_cat-tomates-pt-pt","15":"product_cat-tropical-pt-pt","16":"product_tag-caae-pt-pt","18":"first","19":"instock","20":"taxable","21":"shipping-taxable","22":"purchasable","23":"product-type-variable"},"acf":[],"_links":{"self":[{"href":"https:\/\/cultivers.es\/pt-pt\/wp-json\/wp\/v2\/product\/18824","targetHints":{"allow":["GET"]}}],"collection":[{"href":"https:\/\/cultivers.es\/pt-pt\/wp-json\/wp\/v2\/product"}],"about":[{"href":"https:\/\/cultivers.es\/pt-pt\/wp-json\/wp\/v2\/types\/product"}],"replies":[{"embeddable":true,"href":"https:\/\/cultivers.es\/pt-pt\/wp-json\/wp\/v2\/comments?post=18824"}],"wp:featuredmedia":[{"embeddable":true,"href":"https:\/\/cultivers.es\/pt-pt\/wp-json\/wp\/v2\/media\/13062"}],"wp:attachment":[{"href":"https:\/\/cultivers.es\/pt-pt\/wp-json\/wp\/v2\/media?parent=18824"}],"wp:term":[{"taxonomy":"product_brand","embeddable":true,"href":"https:\/\/cultivers.es\/pt-pt\/wp-json\/wp\/v2\/product_brand?post=18824"},{"taxonomy":"product_cat","embeddable":true,"href":"https:\/\/cultivers.es\/pt-pt\/wp-json\/wp\/v2\/product_cat?post=18824"},{"taxonomy":"product_tag","embeddable":true,"href":"https:\/\/cultivers.es\/pt-pt\/wp-json\/wp\/v2\/product_tag?post=18824"}],"curies":[{"name":"wp","href":"https:\/\/api.w.org\/{rel}","templated":true}]}}