{"id":18825,"date":"2021-10-22T13:29:43","date_gmt":"2021-10-22T13:29:43","guid":{"rendered":"https:\/\/cultivers.es\/abonos\/humus-de-minhoca-liquido\/"},"modified":"2025-09-22T05:49:03","modified_gmt":"2025-09-22T05:49:03","slug":"humus-liquido-de-minhoca","status":"publish","type":"product","link":"https:\/\/cultivers.es\/pt-pt\/fertilizantes\/humus-liquido-de-minhoca\/","title":{"rendered":"H\u00famus de minhoca l\u00edquido"},"content":{"rendered":"<p>LOMBRIZ HUMUS prov\u00e9m da estabiliza\u00e7\u00e3o da mat\u00e9ria org\u00e2nica de origem animal pelas minhocas da esp\u00e9cie Eisenia foetida e \u00e9 enriquecido com fito-hormonas que actuam como reguladores do crescimento das plantas. \u00c9 rico em flora microbiana (1 grama de h\u00famus cont\u00e9m cerca de 2 trili\u00f5es de microrganismos), restabelecendo rapidamente a vida no solo. Melhora a estrutura do solo, o arejamento e a capacidade de reten\u00e7\u00e3o de humidade. Estimula o desenvolvimento das ra\u00edzes das plantas e a absor\u00e7\u00e3o de nutrientes. Tem um pH neutro, o que o torna ideal para aplica\u00e7\u00e3o em qualquer tipo de solo. Produto isento de Salmonella sp, Escherichia coli e de metais pesados. Produto isento de Salmonella sp, Escherichia coli e de metais pesados. A aplica\u00e7\u00e3o cont\u00ednua de vermicomposto melhora as propriedades do solo, o que se traduz num aumento da qualidade e do rendimento das culturas. O h\u00famus de minhoca tem uma elevada atividade microbiana que melhora o crescimento das plantas. Tem um efeito supressor contra nem\u00e1todos e outros agentes patog\u00e9nicos das plantas. O h\u00famus de minhoca tem a capacidade de modificar a capacidade de extra\u00e7\u00e3o de metais pesados, o comportamento (adsor\u00e7\u00e3o, degrada\u00e7\u00e3o) dos pesticidas no solo e de regenerar solos degradados.<\/p>\n","protected":false},"excerpt":{"rendered":"<div id=\"featurebullets_feature_div\" class=\"celwidget\" data-feature-name=\"featurebullets\" data-csa-c-id=\"245fnw-2te75m-sv0udn-eq9t1v\" data-cel-widget=\"featurebullets_feature_div\">\n<div id=\"feature-bullets\" class=\"a-section a-spacing-medium a-spacing-top-small\">\n<ul class=\"a-unordered-list a-vertical a-spacing-mini\">\n<li><span class=\"a-list-item\">100% h\u00famus de minhoca org\u00e2nico da melhor qualidade.<\/span><\/li>\n<li><span class=\"a-list-item\">Estimula o desenvolvimento das ra\u00edzes das plantas e a absor\u00e7\u00e3o de nutrientes.  <\/span><\/li>\n<li><span class=\"a-list-item\">Tem um pH neutro, o que o torna ideal para todos os tipos de solos como fonte de mat\u00e9ria org\u00e2nica.  <\/span><\/li>\n<li><span class=\"a-list-item\">O h\u00famus de minhoca aumenta a qualidade e o rendimento das culturas. Tem uma rela\u00e7\u00e3o C\/N baixa, permitindo uma r\u00e1pida mineraliza\u00e7\u00e3o e liberta\u00e7\u00e3o de nutrientes. <\/span><\/li>\n<li><span class=\"a-list-item\">N\u00famero de registo certificado pelo sohiscert: CV237PAE-07.<\/span><\/li>\n<\/ul>\n<\/div>\n<\/div>\n<div id=\"customerReviewsAttribute_feature_div\" class=\"celwidget\" data-feature-name=\"customerReviewsAttribute\" data-csa-c-id=\"gms01g-hds0gw-ttj0o5-amotg8\" data-cel-widget=\"customerReviewsAttribute_feature_div\"><\/div>\n<div id=\"addOnItem_feature_div\" class=\"celwidget\" data-feature-name=\"addOnItem\" data-csa-c-id=\"sjbsfd-ae4hfa-ywtuny-kelnhg\" data-cel-widget=\"addOnItem_feature_div\"><\/div>\n<div id=\"andonCord_feature_div\" class=\"celwidget\" data-feature-name=\"andonCord\" data-csa-c-id=\"vkqi6k-olw88z-eqvebc-9slw0y\" data-cel-widget=\"andonCord_feature_div\"><\/div>\n<div id=\"HLCXComparisonJumplink_feature_div\"><\/div>\n","protected":false},"featured_media":28794,"comment_status":"open","ping_status":"closed","template":"","meta":{"_acf_changed":false},"product_brand":[],"product_cat":[620,355,528,324,402,629,545,631,630,618,406,351,628,366,619],"product_tag":[1564],"class_list":{"0":"post-18825","1":"product","2":"type-product","3":"status-publish","4":"has-post-thumbnail","6":"product_cat-arvores-de-fruto","7":"product_cat-bonsai-pt-pt","8":"product_cat-citrinos","9":"product_cat-coniferas-e-sebes","10":"product_cat-fertilizantes-liquidos","11":"product_cat-geranios-pt-pt","12":"product_cat-hortensias-pt-pt","13":"product_cat-plantas-de-interior-pt-pt","14":"product_cat-plantas-ornamentais","15":"product_cat-pomar","16":"product_cat-regeneradores-de-solos","17":"product_cat-relvado","18":"product_cat-roseiras","19":"product_cat-tomates-pt-pt","20":"product_cat-tropical-pt-pt","21":"product_tag-ecocert-pt-pt","23":"first","24":"instock","25":"taxable","26":"shipping-taxable","27":"purchasable","28":"product-type-variable"},"acf":[],"_links":{"self":[{"href":"https:\/\/cultivers.es\/pt-pt\/wp-json\/wp\/v2\/product\/18825","targetHints":{"allow":["GET"]}}],"collection":[{"href":"https:\/\/cultivers.es\/pt-pt\/wp-json\/wp\/v2\/product"}],"about":[{"href":"https:\/\/cultivers.es\/pt-pt\/wp-json\/wp\/v2\/types\/product"}],"replies":[{"embeddable":true,"href":"https:\/\/cultivers.es\/pt-pt\/wp-json\/wp\/v2\/comments?post=18825"}],"wp:featuredmedia":[{"embeddable":true,"href":"https:\/\/cultivers.es\/pt-pt\/wp-json\/wp\/v2\/media\/28794"}],"wp:attachment":[{"href":"https:\/\/cultivers.es\/pt-pt\/wp-json\/wp\/v2\/media?parent=18825"}],"wp:term":[{"taxonomy":"product_brand","embeddable":true,"href":"https:\/\/cultivers.es\/pt-pt\/wp-json\/wp\/v2\/product_brand?post=18825"},{"taxonomy":"product_cat","embeddable":true,"href":"https:\/\/cultivers.es\/pt-pt\/wp-json\/wp\/v2\/product_cat?post=18825"},{"taxonomy":"product_tag","embeddable":true,"href":"https:\/\/cultivers.es\/pt-pt\/wp-json\/wp\/v2\/product_tag?post=18825"}],"curies":[{"name":"wp","href":"https:\/\/api.w.org\/{rel}","templated":true}]}}