{"id":18968,"date":"2021-10-22T12:12:51","date_gmt":"2021-10-22T12:12:51","guid":{"rendered":"https:\/\/cultivers.es\/abonos\/bicarbonato-de-sodio\/"},"modified":"2025-09-22T05:23:35","modified_gmt":"2025-09-22T05:23:35","slug":"bicarbonato-de-sodio","status":"publish","type":"product","link":"https:\/\/cultivers.es\/pt-pt\/fertilizantes\/bicarbonato-de-sodio\/","title":{"rendered":"Bicarbonato de s\u00f3dio"},"content":{"rendered":"<p>O bicarbonato de s\u00f3dio, tamb\u00e9m conhecido como hidrogenocarbonato de s\u00f3dio, hidrogenocarbonato de s\u00f3dio, bicarbonato de s\u00f3dio ou sal de vichy, \u00e9 um composto s\u00f3lido cristalino branco obtido a partir de um mineral natural chamado natr\u00e3o, que cont\u00e9m grandes quantidades de bicarbonato de s\u00f3dio. \u00c9 um composto sol\u00favel em \u00e1gua que se decomp\u00f5e na presen\u00e7a de \u00e1cido para formar di\u00f3xido de carbono (CO2) e \u00e1gua.<\/p>\n","protected":false},"excerpt":{"rendered":"<ul>\n<li>Bicarbonato de s\u00f3dio 100% natural para m\u00faltiplas utiliza\u00e7\u00f5es.<\/li>\n<li>Ajuda a acelerar a fotoss\u00edntese, fortalecendo a planta e fazendo-a crescer mais folhas.<\/li>\n<li>Mant\u00e9m as formigas e outros insectos afastados.<\/li>\n<li>Limpeza dom\u00e9stica: limpeza de casas de banho, limpeza de cozinhas, limpeza de t\u00eaxteis, remo\u00e7\u00e3o de manchas, etc.<\/li>\n<\/ul>\n","protected":false},"featured_media":11176,"comment_status":"open","ping_status":"closed","template":"","meta":{"_acf_changed":false},"product_brand":[],"product_cat":[512,513],"product_tag":[],"woo-feed-brand":[],"class_list":{"0":"post-18968","1":"product","2":"type-product","3":"status-publish","4":"has-post-thumbnail","6":"product_cat-protecao-das-culturas-e-das-plantas","7":"product_cat-substancias-de-base","9":"first","10":"instock","11":"taxable","12":"shipping-taxable","13":"purchasable","14":"product-type-variable","15":"has-default-attributes"},"acf":[],"_links":{"self":[{"href":"https:\/\/cultivers.es\/pt-pt\/wp-json\/wp\/v2\/product\/18968","targetHints":{"allow":["GET"]}}],"collection":[{"href":"https:\/\/cultivers.es\/pt-pt\/wp-json\/wp\/v2\/product"}],"about":[{"href":"https:\/\/cultivers.es\/pt-pt\/wp-json\/wp\/v2\/types\/product"}],"replies":[{"embeddable":true,"href":"https:\/\/cultivers.es\/pt-pt\/wp-json\/wp\/v2\/comments?post=18968"}],"wp:featuredmedia":[{"embeddable":true,"href":"https:\/\/cultivers.es\/pt-pt\/wp-json\/wp\/v2\/media\/11176"}],"wp:attachment":[{"href":"https:\/\/cultivers.es\/pt-pt\/wp-json\/wp\/v2\/media?parent=18968"}],"wp:term":[{"taxonomy":"product_brand","embeddable":true,"href":"https:\/\/cultivers.es\/pt-pt\/wp-json\/wp\/v2\/product_brand?post=18968"},{"taxonomy":"product_cat","embeddable":true,"href":"https:\/\/cultivers.es\/pt-pt\/wp-json\/wp\/v2\/product_cat?post=18968"},{"taxonomy":"product_tag","embeddable":true,"href":"https:\/\/cultivers.es\/pt-pt\/wp-json\/wp\/v2\/product_tag?post=18968"},{"taxonomy":"woo-feed-brand","embeddable":true,"href":"https:\/\/cultivers.es\/pt-pt\/wp-json\/wp\/v2\/woo-feed-brand?post=18968"}],"curies":[{"name":"wp","href":"https:\/\/api.w.org\/{rel}","templated":true}]}}