{"id":18979,"date":"2021-10-22T12:12:50","date_gmt":"2021-10-22T12:12:50","guid":{"rendered":"https:\/\/cultivers.es\/abonos\/pasta-de-urtiga\/"},"modified":"2026-01-16T06:28:52","modified_gmt":"2026-01-16T06:28:52","slug":"urtiga-purina","status":"publish","type":"product","link":"https:\/\/cultivers.es\/pt-pt\/fertilizantes\/urtiga-purina\/","title":{"rendered":"Pasta de urtiga"},"content":{"rendered":"<p>Urtiga biol\u00f3gica. Subst\u00e2ncia b\u00e1sica natural \u00e0 base de Urtica spp. A urtiga (urtica spp.) \u00e9 uma planta cujo extrato ou chorume cont\u00e9m uma composi\u00e7\u00e3o rica em compostos que refor\u00e7am o mecanismo de defesa natural das plantas. Pode ser aplicado como fertilizante ou como estimulante das plantas. \u00c9 tamb\u00e9m rica em elementos secund\u00e1rios como o enxofre, o sil\u00edcio e o magn\u00e9sio. Cont\u00e9m tamb\u00e9m oligoelementos como o ferro e o mangan\u00e9sio. \u00c9 conhecido por repelir insectos (principalmente af\u00eddeos) e o sil\u00edcio contribui para o seu efeito preventivo contra os fungos. Tamb\u00e9m lhe s\u00e3o atribu\u00eddos outros efeitos, como os que se seguem: -Facilita o desenvolvimento das ra\u00edzes, a flora\u00e7\u00e3o e o aumento do Brix nos frutos. Aceleram a decomposi\u00e7\u00e3o da mat\u00e9ria org\u00e2nica e s\u00e3o utilizados como activadores nos processos de compostagem. Corretor de car\u00eancias nutricionais e melhorador da fotoss\u00edntese das plantas. Aumenta a atividade microbiana no solo.<\/p>\n","protected":false},"excerpt":{"rendered":"<ul class=\"a-unordered-list a-vertical a-spacing-mini\">\n<li><span class=\"a-list-item\">O extrato ou chorume cont\u00e9m uma composi\u00e7\u00e3o rica em compostos que refor\u00e7am o mecanismo de defesa natural das plantas. Pode ser utilizado como fertilizante ou como estimulante das plantas.   <\/span><\/li>\n<li><span class=\"a-list-item\">Rico em elementos secund\u00e1rios como o enxofre, o sil\u00edcio e o magn\u00e9sio.<\/span><\/li>\n<li><span class=\"a-list-item\">Efeito repelente de insectos (principalmente pulg\u00f5es) e o sil\u00edcio contribui para o seu efeito de preven\u00e7\u00e3o de fungos.<\/span><\/li>\n<li><span class=\"a-list-item\">Promove o desenvolvimento das ra\u00edzes, a flora\u00e7\u00e3o e o aumento dos graus Brix nos frutos. Aumenta a atividade microbiana do solo. <\/span><\/li>\n<li><span class=\"a-list-item\">Aceleram a decomposi\u00e7\u00e3o da mat\u00e9ria org\u00e2nica e s\u00e3o utilizados como activadores nos processos de compostagem.<\/span><\/li>\n<li><span class=\"a-list-item\">Corrige as car\u00eancias de nutrientes e melhora a fotoss\u00edntese das plantas. Cont\u00e9m microelementos como o ferro e o mangan\u00eas. <\/span><\/li>\n<\/ul>\n","protected":false},"featured_media":28548,"comment_status":"open","ping_status":"closed","template":"","meta":{"_acf_changed":false},"product_brand":[],"product_cat":[513],"product_tag":[1564],"woo-feed-brand":[],"class_list":{"0":"post-18979","1":"product","2":"type-product","3":"status-publish","4":"has-post-thumbnail","6":"product_cat-substancias-de-base","7":"product_tag-ecocert-pt-pt","9":"first","10":"instock","11":"taxable","12":"shipping-taxable","13":"purchasable","14":"product-type-variable"},"acf":[],"_links":{"self":[{"href":"https:\/\/cultivers.es\/pt-pt\/wp-json\/wp\/v2\/product\/18979","targetHints":{"allow":["GET"]}}],"collection":[{"href":"https:\/\/cultivers.es\/pt-pt\/wp-json\/wp\/v2\/product"}],"about":[{"href":"https:\/\/cultivers.es\/pt-pt\/wp-json\/wp\/v2\/types\/product"}],"replies":[{"embeddable":true,"href":"https:\/\/cultivers.es\/pt-pt\/wp-json\/wp\/v2\/comments?post=18979"}],"wp:featuredmedia":[{"embeddable":true,"href":"https:\/\/cultivers.es\/pt-pt\/wp-json\/wp\/v2\/media\/28548"}],"wp:attachment":[{"href":"https:\/\/cultivers.es\/pt-pt\/wp-json\/wp\/v2\/media?parent=18979"}],"wp:term":[{"taxonomy":"product_brand","embeddable":true,"href":"https:\/\/cultivers.es\/pt-pt\/wp-json\/wp\/v2\/product_brand?post=18979"},{"taxonomy":"product_cat","embeddable":true,"href":"https:\/\/cultivers.es\/pt-pt\/wp-json\/wp\/v2\/product_cat?post=18979"},{"taxonomy":"product_tag","embeddable":true,"href":"https:\/\/cultivers.es\/pt-pt\/wp-json\/wp\/v2\/product_tag?post=18979"},{"taxonomy":"woo-feed-brand","embeddable":true,"href":"https:\/\/cultivers.es\/pt-pt\/wp-json\/wp\/v2\/woo-feed-brand?post=18979"}],"curies":[{"name":"wp","href":"https:\/\/api.w.org\/{rel}","templated":true}]}}