{"id":18990,"date":"2021-10-22T12:12:50","date_gmt":"2021-10-22T12:12:50","guid":{"rendered":"https:\/\/cultivers.es\/abonos\/fertilizante-de-engorda-e-intensificador-de-cor\/"},"modified":"2025-09-22T05:00:19","modified_gmt":"2025-09-22T05:00:19","slug":"adubo-intensificador-da-cor-que-melhora-a-cor","status":"publish","type":"product","link":"https:\/\/cultivers.es\/pt-pt\/fertilizantes\/adubo-intensificador-da-cor-que-melhora-a-cor\/","title":{"rendered":"Fertilizante de engorda e intensificador de cor"},"content":{"rendered":"<p>Fertilizante engordante e intensificador da cor \u00e0 base de <a href=\"https:\/\/cultivers.es\/pt-pt\/abonos-ecologicos\/fertilizantes\/bioestimulantes-pt-pt\/algas-marinhas\/\">extractos de algas<\/a> com micronutrientes. Estes actuam em sinergia na planta para redirecionar o maior n\u00famero poss\u00edvel de fotoassimilados dispon\u00edveis para os frutos em crescimento. Na planta, os frutos competem por uma disponibilidade limitada, mas n\u00e3o fixa, de fotoassimilados. Estes s\u00e3o distribu\u00eddos entre os v\u00e1rios sumidouros, dependendo das suas posi\u00e7\u00f5es e dist\u00e2ncias das fontes. E, claro, da for\u00e7a exercida por eles, que nada mais \u00e9 do que a capacidade de atrair e acumular fotoassimilados. Esta capacidade \u00e9 determinada por factores anat\u00f3micos e hormonais.     <\/p>\n<p>A distribui\u00e7\u00e3o de fotoassimilados na planta pode, portanto, ser considerada um processo regulado. De uma forma complexa, pela intera\u00e7\u00e3o entre os pr\u00f3prios frutos, entre os frutos e as folhas e, naturalmente, pelo estado funcional da via de transporte, o floema<a href=\"https:\/\/es.wikipedia.org\/wiki\/Floema\" target=\"_blank\" rel=\"noopener\">.<\/a> Este \u00e9 constitu\u00eddo pelos tubos crivosos, pelas c\u00e9lulas associadas e pelas liga\u00e7\u00f5es vasculares. <\/p>\n<p>O adubo Intensificador de Gordura e Cor deve ser aplicado durante as fases de frutifica\u00e7\u00e3o, crescimento dos frutos e matura\u00e7\u00e3o, aumentando o n\u00famero de frutos, o tamanho e a colora\u00e7\u00e3o.<\/p>\n","protected":false},"excerpt":{"rendered":"<ul class=\"a-unordered-list a-vertical a-spacing-mini\">\n<li><span class=\"a-list-item\">Fertilizante \u00e0 base de algas para estimular o crescimento dos frutos, sem hormonas de s\u00edntese.<\/span><\/li>\n<li><span class=\"a-list-item\">\u00c9 um produto ideal para a frutifica\u00e7\u00e3o, a engorda, a colora\u00e7\u00e3o e o amadurecimento dos frutos.<\/span><\/li>\n<li><span class=\"a-list-item\">Aumenta o rendimento de todos os tipos de culturas e os seus efeitos s\u00e3o vis\u00edveis muito rapidamente.<\/span><\/li>\n<li><span class=\"a-list-item\">Melhora todos os par\u00e2metros de qualidade dos frutos: tamanho, consist\u00eancia, turgesc\u00eancia, colora\u00e7\u00e3o, homogeneidade e dura\u00e7\u00e3o de conserva\u00e7\u00e3o.<\/span><\/li>\n<li><span class=\"a-list-item\">\u00c9 um estimulante 100% biol\u00f3gico. Certificado para a agricultura biol\u00f3gica pelo CAEE. <\/span><\/li>\n<\/ul>\n","protected":false},"featured_media":29173,"comment_status":"open","ping_status":"closed","template":"","meta":{"_acf_changed":false},"product_brand":[],"product_cat":[620,528,715,529,619],"product_tag":[],"class_list":{"0":"post-18990","1":"product","2":"type-product","3":"status-publish","4":"has-post-thumbnail","6":"product_cat-arvores-de-fruto","7":"product_cat-citrinos","8":"product_cat-maturacao-e-engorda-pt-pt","9":"product_cat-oliveira","10":"product_cat-tropical-pt-pt","12":"first","13":"instock","14":"taxable","15":"shipping-taxable","16":"purchasable","17":"product-type-variable"},"acf":[],"_links":{"self":[{"href":"https:\/\/cultivers.es\/pt-pt\/wp-json\/wp\/v2\/product\/18990","targetHints":{"allow":["GET"]}}],"collection":[{"href":"https:\/\/cultivers.es\/pt-pt\/wp-json\/wp\/v2\/product"}],"about":[{"href":"https:\/\/cultivers.es\/pt-pt\/wp-json\/wp\/v2\/types\/product"}],"replies":[{"embeddable":true,"href":"https:\/\/cultivers.es\/pt-pt\/wp-json\/wp\/v2\/comments?post=18990"}],"wp:featuredmedia":[{"embeddable":true,"href":"https:\/\/cultivers.es\/pt-pt\/wp-json\/wp\/v2\/media\/29173"}],"wp:attachment":[{"href":"https:\/\/cultivers.es\/pt-pt\/wp-json\/wp\/v2\/media?parent=18990"}],"wp:term":[{"taxonomy":"product_brand","embeddable":true,"href":"https:\/\/cultivers.es\/pt-pt\/wp-json\/wp\/v2\/product_brand?post=18990"},{"taxonomy":"product_cat","embeddable":true,"href":"https:\/\/cultivers.es\/pt-pt\/wp-json\/wp\/v2\/product_cat?post=18990"},{"taxonomy":"product_tag","embeddable":true,"href":"https:\/\/cultivers.es\/pt-pt\/wp-json\/wp\/v2\/product_tag?post=18990"}],"curies":[{"name":"wp","href":"https:\/\/api.w.org\/{rel}","templated":true}]}}