{"id":18994,"date":"2021-10-22T12:12:50","date_gmt":"2021-10-22T12:12:50","guid":{"rendered":"https:\/\/cultivers.es\/abonos\/fertilizante-de-engorda-e-maturacao\/"},"modified":"2026-03-19T07:05:37","modified_gmt":"2026-03-19T07:05:37","slug":"adubacao-engorda-e-maturacao","status":"publish","type":"product","link":"https:\/\/cultivers.es\/pt-pt\/fertilizantes\/adubacao-engorda-e-maturacao\/","title":{"rendered":"Fertilizante de engorda e matura\u00e7\u00e3o"},"content":{"rendered":"<div class=\"page\" title=\"P\u00e1gina 1\">\n<div class=\"section\">\n<div class=\"layoutArea\">\n<div class=\"column\">\n<p>O adubo para a engorda e a matura\u00e7\u00e3o \u00e9 um adubo altamente concentrado em <a href=\"https:\/\/cultivers.es\/pt-pt\/abonos-ecologicos\/fertilizantes\/acidos-humicos\/\">\u00e1cidos f\u00falvicos<\/a> e pot\u00e1ssio. Apresenta in\u00fameros benef\u00edcios que complementam a sua fun\u00e7\u00e3o principal de fornecer pot\u00e1ssio de alta qualidade e rapidamente assimil\u00e1vel.<\/p>\n<p>Os \u00e1cidos f\u00falvicos s\u00e3o potentes estimulantes org\u00e2nicos. S\u00e3o mais reactivos do que os \u00e1cidos h\u00famicos devido ao seu tamanho molecular mais pequeno, o que significa que actuam mais rapidamente para melhorar o desenvolvimento das plantas. Aumentam tamb\u00e9m a permeabilidade das membranas celulares, melhorando a absor\u00e7\u00e3o dos nutrientes.  <\/p>\n<p>No solo, actuam como agentes quelantes naturais. Formam fulvatos com cati\u00f5es bloqueados, convertendo-os em mol\u00e9culas facilmente assimil\u00e1veis que entram rapidamente no interior da planta, optimizando o fornecimento de fertilizantes aplicados durante a rega. Melhoram a estrutura do solo, aumentando o arejamento e a flocula\u00e7\u00e3o das argilas, favorecendo o crescimento das ra\u00edzes.  <\/p>\n<p>O nosso adubo de engorda e matura\u00e7\u00e3o melhora a produ\u00e7\u00e3o de pigmentos nas frutas e legumes e, consequentemente, a intensidade da cor. Aumenta o teor de a\u00e7\u00facar, a acidez e o sumo e intensifica o aroma. Os frutos comercializados s\u00e3o muito mais atractivos para os clientes.  <\/p>\n<p>Aumenta a consist\u00eancia dos tecidos da planta, o que \u00e9 decisivo.<\/p>\n<\/div>\n<\/div>\n<\/div>\n<\/div>\n","protected":false},"excerpt":{"rendered":"<div id=\"featurebullets_feature_div\" class=\"celwidget\" data-feature-name=\"featurebullets\" data-csa-c-id=\"kxuqun-1zzt9o-6y97l6-wnlnvu\" data-cel-widget=\"featurebullets_feature_div\">\n<div id=\"feature-bullets\" class=\"a-section a-spacing-medium a-spacing-top-small\">\n<ul class=\"a-unordered-list a-vertical a-spacing-mini\">\n<li><span class=\"a-list-item\">Solu\u00e7\u00e3o de pot\u00e1ssio com pH neutro para a engorda e o amadurecimento dos frutos.<\/span><\/li>\n<li><span class=\"a-list-item\">\u00c9 altamente m\u00f3vel e transloc\u00e1vel, pelo que a planta tem uma maior capacidade de o assimilar rapidamente.<\/span><\/li>\n<li><span class=\"a-list-item\">Promove a s\u00edntese de a\u00e7\u00facares e a sua subsequente acumula\u00e7\u00e3o nos \u00f3rg\u00e3os de reserva.<\/span><\/li>\n<li><span class=\"a-list-item\">Recomenda-se a aplica\u00e7\u00e3o durante a fase de frutifica\u00e7\u00e3o para melhorar o processo de engorda, uma vez que favorece o aumento do tamanho e a uniformidade dos frutos.<\/span><\/li>\n<li><span class=\"a-list-item\">adubo pot\u00e1ssico para aplica\u00e7\u00e3o durante as fases de crescimento dos frutos e outros \u00f3rg\u00e3os de reserva<\/span><\/li>\n<\/ul>\n<\/div>\n<\/div>\n","protected":false},"featured_media":12697,"comment_status":"open","ping_status":"closed","template":"","meta":{"_acf_changed":false},"product_brand":[],"product_cat":[715,618,366],"product_tag":[1564],"class_list":{"0":"post-18994","1":"product","2":"type-product","3":"status-publish","4":"has-post-thumbnail","6":"product_cat-maturacao-e-engorda-pt-pt","7":"product_cat-pomar","8":"product_cat-tomates-pt-pt","9":"product_tag-ecocert-pt-pt","11":"first","12":"instock","13":"featured","14":"taxable","15":"shipping-taxable","16":"purchasable","17":"product-type-variable"},"acf":[],"_links":{"self":[{"href":"https:\/\/cultivers.es\/pt-pt\/wp-json\/wp\/v2\/product\/18994","targetHints":{"allow":["GET"]}}],"collection":[{"href":"https:\/\/cultivers.es\/pt-pt\/wp-json\/wp\/v2\/product"}],"about":[{"href":"https:\/\/cultivers.es\/pt-pt\/wp-json\/wp\/v2\/types\/product"}],"replies":[{"embeddable":true,"href":"https:\/\/cultivers.es\/pt-pt\/wp-json\/wp\/v2\/comments?post=18994"}],"wp:featuredmedia":[{"embeddable":true,"href":"https:\/\/cultivers.es\/pt-pt\/wp-json\/wp\/v2\/media\/12697"}],"wp:attachment":[{"href":"https:\/\/cultivers.es\/pt-pt\/wp-json\/wp\/v2\/media?parent=18994"}],"wp:term":[{"taxonomy":"product_brand","embeddable":true,"href":"https:\/\/cultivers.es\/pt-pt\/wp-json\/wp\/v2\/product_brand?post=18994"},{"taxonomy":"product_cat","embeddable":true,"href":"https:\/\/cultivers.es\/pt-pt\/wp-json\/wp\/v2\/product_cat?post=18994"},{"taxonomy":"product_tag","embeddable":true,"href":"https:\/\/cultivers.es\/pt-pt\/wp-json\/wp\/v2\/product_tag?post=18994"}],"curies":[{"name":"wp","href":"https:\/\/api.w.org\/{rel}","templated":true}]}}