{"id":18999,"date":"2021-10-22T12:12:50","date_gmt":"2021-10-22T12:12:50","guid":{"rendered":"https:\/\/cultivers.es\/abonos\/cobre-sistemico\/"},"modified":"2026-03-19T07:05:35","modified_gmt":"2026-03-19T07:05:35","slug":"cobre-sistemico","status":"publish","type":"product","link":"https:\/\/cultivers.es\/pt-pt\/fertilizantes\/cobre-sistemico\/","title":{"rendered":"Cobre sist\u00e9mico"},"content":{"rendered":"<p>O Cobre Sist\u00e9mico \u00e9 o melhor insumo c\u00faprico para manter os tecidos vegetais em n\u00edveis \u00f3ptimos de sa\u00fade. Gra\u00e7as \u00e0 sua r\u00e1pida assimila\u00e7\u00e3o e transloca\u00e7\u00e3o interna eficaz atrav\u00e9s da planta, tem um efeito fungist\u00e1tico que impede o desenvolvimento de agentes patog\u00e9nicos. Ao contr\u00e1rio de outros produtos no mercado, n\u00e3o abranda o crescimento das plantas ap\u00f3s a aplica\u00e7\u00e3o, mas proporciona um efeito bioestimulante que resulta num aumento do rendimento.<\/p>\n","protected":false},"excerpt":{"rendered":"<ul class=\"a-unordered-list a-vertical a-spacing-mini\">\n<li><span class=\"a-list-item\">Corrige as defici\u00eancias de cobre, tem efeito fungist\u00e1tico, aumenta o rendimento das culturas.<\/span><\/li>\n<li><span class=\"a-list-item\">Solu\u00e7\u00e3o org\u00e2nica de cobre de assimila\u00e7\u00e3o r\u00e1pida com efeito estimulante.<\/span><\/li>\n<li><span class=\"a-list-item\">Melhora o sistema de defesa da planta em ambientes hostis que favorecem o desenvolvimento de doen\u00e7as f\u00fangicas e bacterianas.<\/span><\/li>\n<li><span class=\"a-list-item\">\u00c9 o melhor contributo c\u00faprico para manter os tecidos vegetais em n\u00edveis \u00f3ptimos de sa\u00fade.<\/span><\/li>\n<li><span class=\"a-list-item\">N\u00e3o abranda o crescimento das plantas ap\u00f3s a aplica\u00e7\u00e3o, mas proporciona um efeito bioestimulante que resulta num aumento dos rendimentos.<\/span><\/li>\n<\/ul>\n","protected":false},"featured_media":28481,"comment_status":"open","ping_status":"closed","template":"","meta":{"_acf_changed":false},"product_brand":[],"product_cat":[620,614,613,529,618,512,366],"product_tag":[1411],"class_list":{"0":"post-18999","1":"product","2":"type-product","3":"status-publish","4":"has-post-thumbnail","6":"product_cat-arvores-de-fruto","7":"product_cat-bioprotectores","8":"product_cat-correctores-de-deficiencias","9":"product_cat-oliveira","10":"product_cat-pomar","11":"product_cat-protecao-das-culturas-e-das-plantas","12":"product_cat-tomates-pt-pt","13":"product_tag-caae-pt-pt","15":"first","16":"instock","17":"taxable","18":"shipping-taxable","19":"purchasable","20":"product-type-variable"},"acf":[],"_links":{"self":[{"href":"https:\/\/cultivers.es\/pt-pt\/wp-json\/wp\/v2\/product\/18999","targetHints":{"allow":["GET"]}}],"collection":[{"href":"https:\/\/cultivers.es\/pt-pt\/wp-json\/wp\/v2\/product"}],"about":[{"href":"https:\/\/cultivers.es\/pt-pt\/wp-json\/wp\/v2\/types\/product"}],"replies":[{"embeddable":true,"href":"https:\/\/cultivers.es\/pt-pt\/wp-json\/wp\/v2\/comments?post=18999"}],"wp:featuredmedia":[{"embeddable":true,"href":"https:\/\/cultivers.es\/pt-pt\/wp-json\/wp\/v2\/media\/28481"}],"wp:attachment":[{"href":"https:\/\/cultivers.es\/pt-pt\/wp-json\/wp\/v2\/media?parent=18999"}],"wp:term":[{"taxonomy":"product_brand","embeddable":true,"href":"https:\/\/cultivers.es\/pt-pt\/wp-json\/wp\/v2\/product_brand?post=18999"},{"taxonomy":"product_cat","embeddable":true,"href":"https:\/\/cultivers.es\/pt-pt\/wp-json\/wp\/v2\/product_cat?post=18999"},{"taxonomy":"product_tag","embeddable":true,"href":"https:\/\/cultivers.es\/pt-pt\/wp-json\/wp\/v2\/product_tag?post=18999"}],"curies":[{"name":"wp","href":"https:\/\/api.w.org\/{rel}","templated":true}]}}