{"id":19013,"date":"2021-10-22T12:12:50","date_gmt":"2021-10-22T12:12:50","guid":{"rendered":"https:\/\/cultivers.es\/abonos\/solucao-de-potassio-de-contacto-forcado\/"},"modified":"2025-09-22T04:44:43","modified_gmt":"2025-09-22T04:44:43","slug":"solucao-de-potassio","status":"publish","type":"product","link":"https:\/\/cultivers.es\/pt-pt\/fertilizantes\/solucao-de-potassio\/","title":{"rendered":"Sab\u00e3o de Pot\u00e1ssio Force Contac"},"content":{"rendered":"<p>Produto que combina eficazmente o efeito tensioativo e dispersante dos \u00e1cidos gordos. A origem dos \u00e1cidos gordos, juntamente com o efeito do pot\u00e1ssio como elemento estruturante, prepara adequadamente a superf\u00edcie da folha, impedindo o ataque de v\u00e1rios insectos pragas. Tem tamb\u00e9m um efeito adequado de lavagem da pel\u00edcula foliar quando pulverizado a alta press\u00e3o.<\/p>\n","protected":false},"excerpt":{"rendered":"<ul class=\"a-unordered-list a-vertical a-spacing-mini\">\n<li><span class=\"a-list-item\">Solu\u00e7\u00e3o de pot\u00e1ssio, 100% org\u00e2nica, que actua por contacto e \u00e9 eficaz contra todos os tipos de pragas.<\/span><\/li>\n<li><span class=\"a-list-item\">Deve ser aplicado de manh\u00e3 cedo ou \u00e0 noite, evitando as horas de maior exposi\u00e7\u00e3o solar. Carater\u00edsticas principais. <\/span><\/li>\n<li><span class=\"a-list-item\">Ajuda a limpar as manchas de mela\u00e7o e de plantas, bem como a desinfetar os utens\u00edlios de trabalho. Carater\u00edsticas principais. <\/span><\/li>\n<li><span class=\"a-list-item\">N\u00e3o tem fitotoxicidade, nem per\u00edodo de seguran\u00e7a. Inseticida sem res\u00edduos <\/span><\/li>\n<\/ul>\n","protected":false},"featured_media":14677,"comment_status":"open","ping_status":"closed","template":"","meta":{"_acf_changed":false},"product_brand":[],"product_cat":[614],"product_tag":[1564],"woo-feed-brand":[],"class_list":{"0":"post-19013","1":"product","2":"type-product","3":"status-publish","4":"has-post-thumbnail","6":"product_cat-bioprotectores","7":"product_tag-ecocert-pt-pt","9":"first","10":"instock","11":"taxable","12":"shipping-taxable","13":"purchasable","14":"product-type-variable"},"acf":[],"_links":{"self":[{"href":"https:\/\/cultivers.es\/pt-pt\/wp-json\/wp\/v2\/product\/19013","targetHints":{"allow":["GET"]}}],"collection":[{"href":"https:\/\/cultivers.es\/pt-pt\/wp-json\/wp\/v2\/product"}],"about":[{"href":"https:\/\/cultivers.es\/pt-pt\/wp-json\/wp\/v2\/types\/product"}],"replies":[{"embeddable":true,"href":"https:\/\/cultivers.es\/pt-pt\/wp-json\/wp\/v2\/comments?post=19013"}],"wp:featuredmedia":[{"embeddable":true,"href":"https:\/\/cultivers.es\/pt-pt\/wp-json\/wp\/v2\/media\/14677"}],"wp:attachment":[{"href":"https:\/\/cultivers.es\/pt-pt\/wp-json\/wp\/v2\/media?parent=19013"}],"wp:term":[{"taxonomy":"product_brand","embeddable":true,"href":"https:\/\/cultivers.es\/pt-pt\/wp-json\/wp\/v2\/product_brand?post=19013"},{"taxonomy":"product_cat","embeddable":true,"href":"https:\/\/cultivers.es\/pt-pt\/wp-json\/wp\/v2\/product_cat?post=19013"},{"taxonomy":"product_tag","embeddable":true,"href":"https:\/\/cultivers.es\/pt-pt\/wp-json\/wp\/v2\/product_tag?post=19013"},{"taxonomy":"woo-feed-brand","embeddable":true,"href":"https:\/\/cultivers.es\/pt-pt\/wp-json\/wp\/v2\/woo-feed-brand?post=19013"}],"curies":[{"name":"wp","href":"https:\/\/api.w.org\/{rel}","templated":true}]}}