{"id":19017,"date":"2021-10-22T12:12:50","date_gmt":"2021-10-22T12:12:50","guid":{"rendered":"https:\/\/cultivers.es\/abonos\/fertilizante-de-algas-marinhas\/"},"modified":"2025-09-22T04:59:39","modified_gmt":"2025-09-22T04:59:39","slug":"adubo-algas-marinhas","status":"publish","type":"product","link":"https:\/\/cultivers.es\/pt-pt\/fertilizantes\/adubo-algas-marinhas\/","title":{"rendered":"Fertilizante de algas Ascophyllum nodosum"},"content":{"rendered":"<p>Seaweed Fertiliser \u00e9 um bioactivador de \u00faltima gera\u00e7\u00e3o baseado em extractos de Ascophyllum nodosum.<\/p>\n<p>Este fertilizante fornece componentes bioactivos como o \u00e1cido alg\u00ednico, o manitol e as fitohormonas. Estes ajudam a planta a tolerar eficazmente as condi\u00e7\u00f5es adversas. <\/p>\n<p>O adubo de algas formulado \u00e9 um s\u00f3lido sol\u00favel. Desenvolvido a partir de algas marinhas do Atl\u00e2ntico Norte que s\u00e3o colhidas, selecionadas e processadas diretamente na costa para manter a m\u00e1xima frescura e vigor do seu material bioativo. <\/p>\n<p>A presen\u00e7a de \u00e1cido alg\u00ednico e manitol na sua composi\u00e7\u00e3o contribui para a absor\u00e7\u00e3o e transloca\u00e7\u00e3o de nutrientes. Gera um efeito sin\u00e9rgico que melhora a resposta da cultura \u00e0s condi\u00e7\u00f5es adversas e favorece a atividade hormonal nas diferentes fases fenol\u00f3gicas. Isto favorece o aumento do rendimento.  <\/p>\n<p>A esp\u00e9cie Ascophyllum nodosum, ao contr\u00e1rio de outras algas castanhas no seu habitat natural, suporta per\u00edodos de imers\u00e3o marinha e per\u00edodos de exposi\u00e7\u00e3o ao ar livre, de acordo com o ciclo das mar\u00e9s. Esta \u00e9 uma adapta\u00e7\u00e3o fisiol\u00f3gica bem sucedida \u00e0s condi\u00e7\u00f5es de stress h\u00eddrico, salino e t\u00e9rmico, e significa que estas algas t\u00eam uma composi\u00e7\u00e3o bioqu\u00edmica \u00fanica. <\/p>\n<p>O \u00e1cido alg\u00ednico \u00e9 um polissac\u00e1rido, um componente estrutural das paredes celulares do Ascophyllum nodosum. Desempenha um papel importante no equil\u00edbrio da \u00e1gua e na resposta fisiol\u00f3gica ao stress abi\u00f3tico. <\/p>\n<p>O manitol \u00e9 um poliol sintetizado pelo Ascophyllum nodosum. Para al\u00e9m de atuar como osmoprotector, comporta-se como um antioxidante eficaz, bloqueando as esp\u00e9cies reactivas de oxig\u00e9nio (ROS) e prevenindo assim as altera\u00e7\u00f5es metab\u00f3licas. <\/p>\n","protected":false},"excerpt":{"rendered":"<ul>\n<li>Bioactivador de \u00faltima gera\u00e7\u00e3o baseado em extractos de Ascophyllum nodosum<\/li>\n<li>Fornece componentes bioactivos como o \u00e1cido alg\u00ednico, o manitol e as fito-hormonas<\/li>\n<li>Ajudam a planta a tolerar eficazmente as condi\u00e7\u00f5es adversas.<\/li>\n<li>Formula\u00e7\u00e3o s\u00f3lida sol\u00favel, desenvolvida a partir de algas marinhas do Atl\u00e2ntico Norte que s\u00e3o colhidas, selecionadas e processadas na costa para manter a m\u00e1xima frescura e vigor do seu material bioativo.<\/li>\n<li>A presen\u00e7a na sua composi\u00e7\u00e3o de \u00e1cido alg\u00ednico e manitol, que contribuem para a absor\u00e7\u00e3o e transloca\u00e7\u00e3o de nutrientes.<\/li>\n<\/ul>\n","protected":false},"featured_media":11196,"comment_status":"open","ping_status":"closed","template":"","meta":{"_acf_changed":false},"product_brand":[],"product_cat":[703,620,497,355,528,629,545,529,544,630,618,628,366,619],"product_tag":[1411],"class_list":{"0":"post-19017","1":"product","2":"type-product","3":"status-publish","4":"has-post-thumbnail","6":"product_cat-algas-marinhas","7":"product_cat-arvores-de-fruto","8":"product_cat-bioestimulantes-pt-pt","9":"product_cat-bonsai-pt-pt","10":"product_cat-citrinos","11":"product_cat-geranios-pt-pt","12":"product_cat-hortensias-pt-pt","13":"product_cat-oliveira","14":"product_cat-orquideas","15":"product_cat-plantas-ornamentais","16":"product_cat-pomar","17":"product_cat-roseiras","18":"product_cat-tomates-pt-pt","19":"product_cat-tropical-pt-pt","20":"product_tag-caae-pt-pt","22":"first","23":"instock","24":"taxable","25":"shipping-taxable","26":"purchasable","27":"product-type-variable"},"acf":[],"_links":{"self":[{"href":"https:\/\/cultivers.es\/pt-pt\/wp-json\/wp\/v2\/product\/19017","targetHints":{"allow":["GET"]}}],"collection":[{"href":"https:\/\/cultivers.es\/pt-pt\/wp-json\/wp\/v2\/product"}],"about":[{"href":"https:\/\/cultivers.es\/pt-pt\/wp-json\/wp\/v2\/types\/product"}],"replies":[{"embeddable":true,"href":"https:\/\/cultivers.es\/pt-pt\/wp-json\/wp\/v2\/comments?post=19017"}],"wp:featuredmedia":[{"embeddable":true,"href":"https:\/\/cultivers.es\/pt-pt\/wp-json\/wp\/v2\/media\/11196"}],"wp:attachment":[{"href":"https:\/\/cultivers.es\/pt-pt\/wp-json\/wp\/v2\/media?parent=19017"}],"wp:term":[{"taxonomy":"product_brand","embeddable":true,"href":"https:\/\/cultivers.es\/pt-pt\/wp-json\/wp\/v2\/product_brand?post=19017"},{"taxonomy":"product_cat","embeddable":true,"href":"https:\/\/cultivers.es\/pt-pt\/wp-json\/wp\/v2\/product_cat?post=19017"},{"taxonomy":"product_tag","embeddable":true,"href":"https:\/\/cultivers.es\/pt-pt\/wp-json\/wp\/v2\/product_tag?post=19017"}],"curies":[{"name":"wp","href":"https:\/\/api.w.org\/{rel}","templated":true}]}}