{"id":19044,"date":"2022-01-03T15:43:48","date_gmt":"2022-01-03T15:43:48","guid":{"rendered":"https:\/\/cultivers.es\/abonos\/argila-expandida-arlite\/"},"modified":"2025-09-22T04:39:56","modified_gmt":"2025-09-22T04:39:56","slug":"argila-expandida-argila-arlite","status":"publish","type":"product","link":"https:\/\/cultivers.es\/pt-pt\/fertilizantes\/argila-expandida-argila-arlite\/","title":{"rendered":"Argila expandida Arlite"},"content":{"rendered":"<div id=\"dpx-product-description_feature_div\">\n<div class=\"celwidget\" data-csa-c-id=\"me6ggt-ey59js-65y5uj-bfwyy4\" data-cel-widget=\"dpx-product-description_csm_instrumentation_wrapper\">\n<div id=\"descriptionAndDetails\" class=\"a-section a-spacing-extra-large\">\n<div id=\"productDescription_feature_div\" class=\"celwidget\" data-feature-name=\"productDescription\" data-csa-c-id=\"8fgsas-5nyvrc-j3hehr-52zv5x\" data-cel-widget=\"productDescription_feature_div\">\n<div>\n<div id=\"productDescription_feature_div\" class=\"a-row feature\" data-feature-name=\"productDescription\" data-template-name=\"productDescription\" data-cel-widget=\"productDescription_feature_div\">\n<div id=\"productDescription\" class=\"a-section a-spacing-small\">\n<p>Arlite ou argila expandida \u00e9 um agregado cer\u00e2mico leve. Com uma granulometria entre 8\/16mm com m\u00faltiplas utiliza\u00e7\u00f5es no campo da jardinagem e da constru\u00e7\u00e3o. Esferas de argila natural de cor cer\u00e2mica, submetidas a altas temperaturas, obtendo-se um produto leve, altamente poroso, decorativo e drenante. Evita a colagem em substratos e ret\u00e9m nutrientes. Base de drenagem e em cultivos hidrop\u00f3nicos. Utiliza-se como elemento decorativo pela sua cor e aspeto, al\u00e9m de melhorar a filtra\u00e7\u00e3o da \u00e1gua, reduzir a evapora\u00e7\u00e3o da \u00e1gua do substrato, reduzir a germina\u00e7\u00e3o de ervas daninhas no nosso jardim.     <\/p>\n<\/div>\n<\/div>\n<\/div>\n<\/div>\n<\/div>\n<\/div>\n<\/div>\n","protected":false},"excerpt":{"rendered":"<ul class=\"a-unordered-list a-vertical a-spacing-mini\">\n<li><span class=\"a-list-item\">Bolas de argila natural obtidas a altas temperaturas, tamanho 8\/16 mm. Produto homog\u00e9neo, leve e com elevada porosidade. <\/span><\/li>\n<li><span class=\"a-list-item\">Evita a aglomera\u00e7\u00e3o de substratos e ret\u00e9m os nutrientes.<\/span><\/li>\n<li><span class=\"a-list-item\">Pode ser utilizado como base drenante e em hidroponia.<\/span><\/li>\n<li><span class=\"a-list-item\">Melhora a drenagem das plantas. Evita o apodrecimento das ra\u00edzes. Protege o solo das mudan\u00e7as bruscas de temperatura.  <\/span><\/li>\n<li><span class=\"a-list-item\">UTILIZA\u00c7\u00c3O: Sozinho ou misturado com o substrato. Pode ser utilizado como decora\u00e7\u00e3o. <\/span><\/li>\n<\/ul>\n","protected":false},"featured_media":13412,"comment_status":"open","ping_status":"closed","template":"","meta":{"_acf_changed":false},"product_brand":[],"product_cat":[625,544,631,720],"product_tag":[],"class_list":{"0":"post-19044","1":"product","2":"type-product","3":"status-publish","4":"has-post-thumbnail","6":"product_cat-cactos-suculentas-e-suculentas","7":"product_cat-orquideas","8":"product_cat-plantas-de-interior-pt-pt","9":"product_cat-substratos-e-decorativos","11":"first","12":"instock","13":"taxable","14":"shipping-taxable","15":"purchasable","16":"product-type-variable"},"acf":[],"_links":{"self":[{"href":"https:\/\/cultivers.es\/pt-pt\/wp-json\/wp\/v2\/product\/19044","targetHints":{"allow":["GET"]}}],"collection":[{"href":"https:\/\/cultivers.es\/pt-pt\/wp-json\/wp\/v2\/product"}],"about":[{"href":"https:\/\/cultivers.es\/pt-pt\/wp-json\/wp\/v2\/types\/product"}],"replies":[{"embeddable":true,"href":"https:\/\/cultivers.es\/pt-pt\/wp-json\/wp\/v2\/comments?post=19044"}],"wp:featuredmedia":[{"embeddable":true,"href":"https:\/\/cultivers.es\/pt-pt\/wp-json\/wp\/v2\/media\/13412"}],"wp:attachment":[{"href":"https:\/\/cultivers.es\/pt-pt\/wp-json\/wp\/v2\/media?parent=19044"}],"wp:term":[{"taxonomy":"product_brand","embeddable":true,"href":"https:\/\/cultivers.es\/pt-pt\/wp-json\/wp\/v2\/product_brand?post=19044"},{"taxonomy":"product_cat","embeddable":true,"href":"https:\/\/cultivers.es\/pt-pt\/wp-json\/wp\/v2\/product_cat?post=19044"},{"taxonomy":"product_tag","embeddable":true,"href":"https:\/\/cultivers.es\/pt-pt\/wp-json\/wp\/v2\/product_tag?post=19044"}],"curies":[{"name":"wp","href":"https:\/\/api.w.org\/{rel}","templated":true}]}}