{"id":19049,"date":"2021-12-21T14:34:10","date_gmt":"2021-12-21T14:34:10","guid":{"rendered":"https:\/\/cultivers.es\/abonos\/sulfato-de-potassio\/"},"modified":"2025-09-22T04:39:57","modified_gmt":"2025-09-22T04:39:57","slug":"sulfato-de-potassio","status":"publish","type":"product","link":"https:\/\/cultivers.es\/pt-pt\/fertilizantes\/sulfato-de-potassio\/","title":{"rendered":"Sulfato de pot\u00e1ssio"},"content":{"rendered":"<p class=\"p1\"><b>O sulfato de pot\u00e1ssio <\/b>(K2SO4) \u00e9 o sal de pot\u00e1ssio do \u00e1cido sulf\u00farico, sob a forma de um p\u00f3 branco sol\u00favel em \u00e1gua. Adubo <b>para o<\/b> cultivo de plantas, especialmente plantas aqu\u00e1ticas, <b>uma vez que<\/b> n\u00e3o cont\u00e9m cloro. Combina dois nutrientes essenciais: <b>o pot\u00e1ssio<\/b> e o enxofre, ambos assimil\u00e1veis <b>pelas<\/b> plantas. O elevado teor de pot\u00e1ssio e de enxofre melhora a qualidade e aumenta o rendimento. O pot\u00e1ssio melhora o regime h\u00eddrico das plantas, ativa um certo n\u00famero de enzimas que contribuem para o metabolismo do azoto. Aumenta o teor de prote\u00ednas e de gl\u00faten (nos cereais), melhora a atividade fotossint\u00e9tica e a digest\u00e3o do dreno. Torna as plantas resistentes ao stress e ao acamamento. O enxofre \u00e9 essencial para a s\u00edntese de prote\u00ednas e para o funcionamento das enzimas.       <span class=\"Apple-converted-space\">  <\/span>Compat\u00edvel com a maior parte dos adubos, exceto com os adubos c\u00e1lcicos, pois produz precipitados insol\u00faveis de sulfato de c\u00e1lcio. Compat\u00edvel com uma grande variedade de outras solu\u00e7\u00f5es de nutri\u00e7\u00e3o vegetal. <\/p>\n<p class=\"p2\">Estimula o teor de \u00e1gua das c\u00e9lulas, melhora o teor de \u00e1gua das c\u00e9lulas, melhora<span class=\"Apple-converted-space\">  <\/span>engorda e qualidade dos frutos. Conserva melhor as frutas e os legumes. <\/p>\n<p class=\"p2\">Contribui para a resist\u00eancia das plantas ao frio, regulando a concentra\u00e7\u00e3o de sais dos sucos celulares.<\/p>\n<p class=\"p2\">O pot\u00e1ssio e o azoto s\u00e3o bons amigos, pelo que um plano de fertiliza\u00e7\u00e3o rico em pot\u00e1ssio favorecer\u00e1 a absor\u00e7\u00e3o do azoto.<\/p>\n","protected":false},"excerpt":{"rendered":"<ul class=\"a-unordered-list a-vertical a-spacing-mini\">\n<li><span class=\"a-list-item\">Fertilizante NPK 0-0-50. Adubo para plantas de jardim e plantas de aqu\u00e1rio. N\u00e3o deixa res\u00edduos. N\u00e3o cont\u00e9m cloro.   <\/span><\/li>\n<li><span class=\"a-list-item\">Ajuda a reduzir o pH \u00e0 superf\u00edcie das ra\u00edzes em solos alcalinos e salinos. Adequado para zonas com risco de salinidade. <\/span><\/li>\n<li><span class=\"a-list-item\">Aumenta a produ\u00e7\u00e3o das culturas, fertilizante sol\u00favel em \u00e1gua que fornece pot\u00e1ssio e enxofre \u00e0s culturas. Melhora a disponibilidade de f\u00f3sforo, ferro e outros micronutrientes. <\/span><\/li>\n<li><span class=\"a-list-item\">DOSE: 0,5\/1 g por litro de \u00e1gua. Aplica de quinze em quinze dias at\u00e9 4 utiliza\u00e7\u00f5es por esta\u00e7\u00e3o. Aplica\u00e7\u00e3o em \u00e1gua de rega 2,5\/5 g por litro de \u00e1gua.  <\/span><\/li>\n<li><span class=\"a-list-item\">Estimula o teor de \u00e1gua das c\u00e9lulas, melhora a engorda e a qualidade dos frutos. Conserva melhor os frutos e os legumes. Contribui para a resist\u00eancia das plantas ao frio, pois regula a concentra\u00e7\u00e3o salina dos sucos celulares.  <\/span><\/li>\n<\/ul>\n","protected":false},"featured_media":12887,"comment_status":"open","ping_status":"closed","template":"","meta":{"_acf_changed":false},"product_brand":[],"product_cat":[613,715],"product_tag":[1564],"class_list":{"0":"post-19049","1":"product","2":"type-product","3":"status-publish","4":"has-post-thumbnail","6":"product_cat-correctores-de-deficiencias","7":"product_cat-maturacao-e-engorda-pt-pt","8":"product_tag-ecocert-pt-pt","10":"first","11":"instock","12":"taxable","13":"shipping-taxable","14":"purchasable","15":"product-type-variable"},"acf":[],"_links":{"self":[{"href":"https:\/\/cultivers.es\/pt-pt\/wp-json\/wp\/v2\/product\/19049","targetHints":{"allow":["GET"]}}],"collection":[{"href":"https:\/\/cultivers.es\/pt-pt\/wp-json\/wp\/v2\/product"}],"about":[{"href":"https:\/\/cultivers.es\/pt-pt\/wp-json\/wp\/v2\/types\/product"}],"replies":[{"embeddable":true,"href":"https:\/\/cultivers.es\/pt-pt\/wp-json\/wp\/v2\/comments?post=19049"}],"wp:featuredmedia":[{"embeddable":true,"href":"https:\/\/cultivers.es\/pt-pt\/wp-json\/wp\/v2\/media\/12887"}],"wp:attachment":[{"href":"https:\/\/cultivers.es\/pt-pt\/wp-json\/wp\/v2\/media?parent=19049"}],"wp:term":[{"taxonomy":"product_brand","embeddable":true,"href":"https:\/\/cultivers.es\/pt-pt\/wp-json\/wp\/v2\/product_brand?post=19049"},{"taxonomy":"product_cat","embeddable":true,"href":"https:\/\/cultivers.es\/pt-pt\/wp-json\/wp\/v2\/product_cat?post=19049"},{"taxonomy":"product_tag","embeddable":true,"href":"https:\/\/cultivers.es\/pt-pt\/wp-json\/wp\/v2\/product_tag?post=19049"}],"curies":[{"name":"wp","href":"https:\/\/api.w.org\/{rel}","templated":true}]}}