{"id":19118,"date":"2023-05-19T09:55:06","date_gmt":"2023-05-19T09:55:06","guid":{"rendered":"https:\/\/cultivers.es\/abonos\/pacote-pnp\/"},"modified":"2025-09-22T05:38:47","modified_gmt":"2025-09-22T05:38:47","slug":"nnp","status":"publish","type":"product","link":"https:\/\/cultivers.es\/pt-pt\/fertilizantes\/nnp\/","title":{"rendered":"Pacote PNP"},"content":{"rendered":"<p>Este pacote inclui tr\u00eas poderosos produtos naturais para o controlo de pragas e doen\u00e7as nas tuas culturas. Estes tr\u00eas produtos combinados oferecem uma solu\u00e7\u00e3o abrangente e amiga do ambiente para proteger as tuas plantas de pragas e infec\u00e7\u00f5es f\u00fangicas. A utiliza\u00e7\u00e3o regular ajuda a manter um jardim saud\u00e1vel e sem problemas, sem recorrer a produtos qu\u00edmicos agressivos. Cuida das tuas culturas de uma forma natural e ecol\u00f3gica com este pacote completo de inseticida e fungicida!<\/p>\n","protected":false},"excerpt":{"rendered":"<p>Este pacote inclui tr\u00eas poderosos produtos naturais para o controlo de pragas e doen\u00e7as nas tuas culturas. Estes tr\u00eas produtos combinados oferecem uma solu\u00e7\u00e3o abrangente e amiga do ambiente para proteger as tuas plantas de pragas e infec\u00e7\u00f5es f\u00fangicas. A utiliza\u00e7\u00e3o regular ajuda a manter um jardim saud\u00e1vel e sem problemas, sem recorrer a produtos [&hellip;]<\/p>\n","protected":false},"featured_media":16657,"comment_status":"open","ping_status":"closed","template":"","meta":{"_acf_changed":false},"product_brand":[],"product_cat":[614,512],"product_tag":[],"woo-feed-brand":[],"class_list":{"0":"post-19118","1":"product","2":"type-product","3":"status-publish","4":"has-post-thumbnail","6":"product_cat-bioprotectores","7":"product_cat-protecao-das-culturas-e-das-plantas","9":"first","10":"instock","11":"taxable","12":"shipping-taxable","13":"purchasable","14":"product-type-variable"},"acf":[],"_links":{"self":[{"href":"https:\/\/cultivers.es\/pt-pt\/wp-json\/wp\/v2\/product\/19118","targetHints":{"allow":["GET"]}}],"collection":[{"href":"https:\/\/cultivers.es\/pt-pt\/wp-json\/wp\/v2\/product"}],"about":[{"href":"https:\/\/cultivers.es\/pt-pt\/wp-json\/wp\/v2\/types\/product"}],"replies":[{"embeddable":true,"href":"https:\/\/cultivers.es\/pt-pt\/wp-json\/wp\/v2\/comments?post=19118"}],"wp:featuredmedia":[{"embeddable":true,"href":"https:\/\/cultivers.es\/pt-pt\/wp-json\/wp\/v2\/media\/16657"}],"wp:attachment":[{"href":"https:\/\/cultivers.es\/pt-pt\/wp-json\/wp\/v2\/media?parent=19118"}],"wp:term":[{"taxonomy":"product_brand","embeddable":true,"href":"https:\/\/cultivers.es\/pt-pt\/wp-json\/wp\/v2\/product_brand?post=19118"},{"taxonomy":"product_cat","embeddable":true,"href":"https:\/\/cultivers.es\/pt-pt\/wp-json\/wp\/v2\/product_cat?post=19118"},{"taxonomy":"product_tag","embeddable":true,"href":"https:\/\/cultivers.es\/pt-pt\/wp-json\/wp\/v2\/product_tag?post=19118"},{"taxonomy":"woo-feed-brand","embeddable":true,"href":"https:\/\/cultivers.es\/pt-pt\/wp-json\/wp\/v2\/woo-feed-brand?post=19118"}],"curies":[{"name":"wp","href":"https:\/\/api.w.org\/{rel}","templated":true}]}}