{"id":19136,"date":"2023-01-31T20:51:36","date_gmt":"2023-01-31T20:51:36","guid":{"rendered":"https:\/\/cultivers.es\/abonos\/coniferas-e-sebes-anti-crescimento\/"},"modified":"2026-03-19T07:05:12","modified_gmt":"2026-03-19T07:05:12","slug":"anti-crescimento-de-coniferas-e-sebes","status":"publish","type":"product","link":"https:\/\/cultivers.es\/pt-pt\/fertilizantes\/anti-crescimento-de-coniferas-e-sebes\/","title":{"rendered":"Con\u00edferas e sebes anti-crescimento"},"content":{"rendered":"<p>Adubo preventivo e curativo ideal para con\u00edferas, abetos, pinheiros, cedros, thujas, ciprestes, etc. Ativa a forma\u00e7\u00e3o de folhas verdes. Corrige as car\u00eancias de magn\u00e9sio. O amarelecimento e o escurecimento subsequente s\u00e3o causados por uma falta de magn\u00e9sio. Preventivo e curativo ativa a forma\u00e7\u00e3o de folhas verdes e melhora a sua efic\u00e1cia.<\/p>\n","protected":false},"excerpt":{"rendered":"<ul class=\"a-unordered-list a-vertical a-spacing-mini\">\n<li><span class=\"a-list-item\">Preventivo e curativo quando aparecem colora\u00e7\u00f5es castanhas por falta de magn\u00e9sio que afectam os pinheiros, os abetos e os thujas.<\/span><\/li>\n<li><span class=\"a-list-item\">Adubo natural CE. Pode ser dilu\u00eddo em \u00e1gua para ser utilizado com a ajuda de um pulverizador ou regador. <\/span><\/li>\n<li><span class=\"a-list-item\">Ativa a forma\u00e7\u00e3o de folhas verdes nas con\u00edferas, abetos, pinheiros, cedros, thujas e ciprestes. Acelera o crescimento. <\/span><\/li>\n<li><span class=\"a-list-item\">A defici\u00eancia de magn\u00e9sio causa amarelecimento e posterior escurecimento, come\u00e7ando nas pontas das folhas e estendendo-se at\u00e9 ao ramo.<\/span><\/li>\n<li><span class=\"a-list-item\">100% natural e inofensivo para animais e plantas.<\/span><\/li>\n<\/ul>\n","protected":false},"featured_media":16627,"comment_status":"open","ping_status":"closed","template":"","meta":{"_acf_changed":false},"product_brand":[],"product_cat":[324,613],"product_tag":[],"class_list":{"0":"post-19136","1":"product","2":"type-product","3":"status-publish","4":"has-post-thumbnail","6":"product_cat-coniferas-e-sebes","7":"product_cat-correctores-de-deficiencias","9":"first","10":"instock","11":"taxable","12":"shipping-taxable","13":"purchasable","14":"product-type-variable"},"acf":[],"_links":{"self":[{"href":"https:\/\/cultivers.es\/pt-pt\/wp-json\/wp\/v2\/product\/19136","targetHints":{"allow":["GET"]}}],"collection":[{"href":"https:\/\/cultivers.es\/pt-pt\/wp-json\/wp\/v2\/product"}],"about":[{"href":"https:\/\/cultivers.es\/pt-pt\/wp-json\/wp\/v2\/types\/product"}],"replies":[{"embeddable":true,"href":"https:\/\/cultivers.es\/pt-pt\/wp-json\/wp\/v2\/comments?post=19136"}],"wp:featuredmedia":[{"embeddable":true,"href":"https:\/\/cultivers.es\/pt-pt\/wp-json\/wp\/v2\/media\/16627"}],"wp:attachment":[{"href":"https:\/\/cultivers.es\/pt-pt\/wp-json\/wp\/v2\/media?parent=19136"}],"wp:term":[{"taxonomy":"product_brand","embeddable":true,"href":"https:\/\/cultivers.es\/pt-pt\/wp-json\/wp\/v2\/product_brand?post=19136"},{"taxonomy":"product_cat","embeddable":true,"href":"https:\/\/cultivers.es\/pt-pt\/wp-json\/wp\/v2\/product_cat?post=19136"},{"taxonomy":"product_tag","embeddable":true,"href":"https:\/\/cultivers.es\/pt-pt\/wp-json\/wp\/v2\/product_tag?post=19136"}],"curies":[{"name":"wp","href":"https:\/\/api.w.org\/{rel}","templated":true}]}}