{"id":19137,"date":"2023-06-06T06:53:07","date_gmt":"2023-06-06T06:53:07","guid":{"rendered":"https:\/\/cultivers.es\/abonos\/mistura-profunda\/"},"modified":"2025-09-22T05:39:02","modified_gmt":"2025-09-22T05:39:02","slug":"mistura-profunda","status":"publish","type":"product","link":"https:\/\/cultivers.es\/pt-pt\/fertilizantes\/mistura-profunda\/","title":{"rendered":"Mistura profunda"},"content":{"rendered":"<p>Descobre Deep Mix, uma solu\u00e7\u00e3o revolucion\u00e1ria para melhorar a sa\u00fade e o desempenho das tuas culturas na agricultura e na jardinagem urbana. Este inovador optimizador de tratamentos foliares foi concebido para maximizar a absor\u00e7\u00e3o e a efic\u00e1cia dos produtos fitossanit\u00e1rios e nutricionais, garantindo resultados excepcionais. <\/p>\n<p>Melhora as tuas colheitas agora! Descobre os benef\u00edcios do Deep Mix e obt\u00e9m colheitas abundantes e saud\u00e1veis. Potencia os teus tratamentos foliares e garante o sucesso da tua agricultura e horta urbana.  <\/p>\n<ul>\n<li>Melhora a absor\u00e7\u00e3o de nutrientes<\/li>\n<li>Aumenta a efic\u00e1cia dos tratamentos<\/li>\n<li>Aumenta o desempenho e a qualidade<\/li>\n<li>F\u00e1cil de utilizar<\/li>\n<\/ul>\n","protected":false},"excerpt":{"rendered":"<p>Melhora a sa\u00fade das tuas plantas e maximiza os resultados dos teus tratamentos foliares com Deep Mix. Optimiza o potencial das tuas culturas e desfruta de uma agricultura e jardinagem urbanas bem sucedidas. Aumenta a tua produ\u00e7\u00e3o e cresce com confian\u00e7a!<\/p>\n","protected":false},"featured_media":16697,"comment_status":"open","ping_status":"closed","template":"","meta":{"_acf_changed":false},"product_brand":[],"product_cat":[614],"product_tag":[],"woo-feed-brand":[],"class_list":{"0":"post-19137","1":"product","2":"type-product","3":"status-publish","4":"has-post-thumbnail","6":"product_cat-bioprotectores","8":"first","9":"instock","10":"taxable","11":"shipping-taxable","12":"purchasable","13":"product-type-variable"},"acf":[],"_links":{"self":[{"href":"https:\/\/cultivers.es\/pt-pt\/wp-json\/wp\/v2\/product\/19137","targetHints":{"allow":["GET"]}}],"collection":[{"href":"https:\/\/cultivers.es\/pt-pt\/wp-json\/wp\/v2\/product"}],"about":[{"href":"https:\/\/cultivers.es\/pt-pt\/wp-json\/wp\/v2\/types\/product"}],"replies":[{"embeddable":true,"href":"https:\/\/cultivers.es\/pt-pt\/wp-json\/wp\/v2\/comments?post=19137"}],"wp:featuredmedia":[{"embeddable":true,"href":"https:\/\/cultivers.es\/pt-pt\/wp-json\/wp\/v2\/media\/16697"}],"wp:attachment":[{"href":"https:\/\/cultivers.es\/pt-pt\/wp-json\/wp\/v2\/media?parent=19137"}],"wp:term":[{"taxonomy":"product_brand","embeddable":true,"href":"https:\/\/cultivers.es\/pt-pt\/wp-json\/wp\/v2\/product_brand?post=19137"},{"taxonomy":"product_cat","embeddable":true,"href":"https:\/\/cultivers.es\/pt-pt\/wp-json\/wp\/v2\/product_cat?post=19137"},{"taxonomy":"product_tag","embeddable":true,"href":"https:\/\/cultivers.es\/pt-pt\/wp-json\/wp\/v2\/product_tag?post=19137"},{"taxonomy":"woo-feed-brand","embeddable":true,"href":"https:\/\/cultivers.es\/pt-pt\/wp-json\/wp\/v2\/woo-feed-brand?post=19137"}],"curies":[{"name":"wp","href":"https:\/\/api.w.org\/{rel}","templated":true}]}}