{"id":19149,"date":"2023-06-06T07:51:18","date_gmt":"2023-06-06T07:51:18","guid":{"rendered":"https:\/\/cultivers.es\/abonos\/boost\/"},"modified":"2025-09-22T04:48:02","modified_gmt":"2025-09-22T04:48:02","slug":"impulso","status":"publish","type":"product","link":"https:\/\/cultivers.es\/pt-pt\/fertilizantes\/impulso\/","title":{"rendered":"BOOST"},"content":{"rendered":"<p data-start=\"1499\" data-end=\"1776\">A Cultivers desenvolveu uma solu\u00e7\u00e3o avan\u00e7ada para os produtores que procuram <strong data-start=\"1576\" data-end=\"1642\">resultados superiores na engorda e matura\u00e7\u00e3o dos seus frutos<\/strong>. Este fertilizante de engorda foi concebido para aumentar <strong data-start=\"1698\" data-end=\"1726\">a qualidade e o rendimento<\/strong> das culturas, mesmo em condi\u00e7\u00f5es adversas. <\/p>\n<p data-start=\"1778\" data-end=\"2127\">Uma das suas principais vantagens \u00e9 a sua capacidade de <strong data-start=\"1831\" data-end=\"1871\">garantir um fornecimento \u00f3timo de pot\u00e1ssio<\/strong>, essencial para uma nutri\u00e7\u00e3o sustent\u00e1vel. Gra\u00e7as a isso, o produto melhora <strong data-start=\"1950\" data-end=\"1969\">a fixa\u00e7\u00e3o de CO\u2082,<\/strong> o que se traduz em maior efici\u00eancia fotossint\u00e9tica e aumento da mat\u00e9ria seca, fundamental para a obten\u00e7\u00e3o de frutos mais doces e melhor conservados na p\u00f3s-colheita. <\/p>\n<p data-start=\"2129\" data-end=\"2405\">Durante a sua utiliza\u00e7\u00e3o, os agricultores observaram que <strong data-start=\"2180\" data-end=\"2247\">melhora o tamanho dos frutos e a qualidade final da colheita<\/strong>, reduzindo a necessidade de outros minerais. Torna-se um aliado ideal quando se procura uma maior produtividade sem comprometer a sa\u00fade das culturas. <\/p>\n<p data-start=\"2407\" data-end=\"2757\">Al\u00e9m disso, Cultivers BOOST <strong data-start=\"2431\" data-end=\"2499\">aumenta a resist\u00eancia das plantas aos stresses abi\u00f3ticos<\/strong>, como a seca, a salinidade e as temperaturas extremas, protegendo a cultura e evitando perdas. A sua formula\u00e7\u00e3o tamb\u00e9m actua no metabolismo da planta, ajudando a <strong data-start=\"2662\" data-end=\"2705\">regular o equil\u00edbrio de a\u00e7\u00facares e gorduras<\/strong>, o que resulta numa maior qualidade nutricional. <\/p>\n<p data-start=\"2759\" data-end=\"2958\">Este adubo de engorda oferece tamb\u00e9m <strong data-start=\"2797\" data-end=\"2850\">uma excelente sinergia com as solu\u00e7\u00f5es biotecnol\u00f3gicas<\/strong>, optimizando a resposta agron\u00f3mica e melhorando a adapta\u00e7\u00e3o das culturas aos diferentes est\u00e1dios fenol\u00f3gicos.<\/p>\n<p data-start=\"2960\" data-end=\"3135\">Com a sua aplica\u00e7\u00e3o f\u00e1cil e segura, BOOST posiciona-se como <strong data-start=\"3018\" data-end=\"3072\">a escolha profissional para o agricultor moderno<\/strong>, garantindo um desempenho, qualidade e prote\u00e7\u00e3o sem compromissos.<\/p>\n","protected":false},"excerpt":{"rendered":"<p>Descobre BOOST, o aliado perfeito para potenciar a engorda, o amadurecimento e a prote\u00e7\u00e3o dos teus frutos e bagas. Este produto avan\u00e7ado foi especialmente concebido para proporcionar resultados excepcionais, promovendo um crescimento saud\u00e1vel e protegendo as culturas contra o stress abi\u00f3tico, garantindo uma produ\u00e7\u00e3o de alta qualidade. <\/p>\n<ul>\n<li>Estimula a engorda e a matura\u00e7\u00e3o<\/li>\n<li>Prote\u00e7\u00e3o contra o stress abi\u00f3tico<\/li>\n<li>Melhora a qualidade e o sabor<\/li>\n<li>Aplica\u00e7\u00e3o f\u00e1cil<\/li>\n<li>Seguro e eficiente<\/li>\n<\/ul>\n","protected":false},"featured_media":33700,"comment_status":"open","ping_status":"closed","template":"","meta":{"_acf_changed":false},"product_brand":[],"product_cat":[1275,620,497,528,715,529,618,513,366,619],"product_tag":[],"class_list":{"0":"post-19149","1":"product","2":"type-product","3":"status-publish","4":"has-post-thumbnail","6":"product_cat-adubos-recomendados","7":"product_cat-arvores-de-fruto","8":"product_cat-bioestimulantes-pt-pt","9":"product_cat-citrinos","10":"product_cat-maturacao-e-engorda-pt-pt","11":"product_cat-oliveira","12":"product_cat-pomar","13":"product_cat-substancias-de-base","14":"product_cat-tomates-pt-pt","15":"product_cat-tropical-pt-pt","17":"first","18":"instock","19":"taxable","20":"shipping-taxable","21":"purchasable","22":"product-type-variable"},"acf":[],"_links":{"self":[{"href":"https:\/\/cultivers.es\/pt-pt\/wp-json\/wp\/v2\/product\/19149","targetHints":{"allow":["GET"]}}],"collection":[{"href":"https:\/\/cultivers.es\/pt-pt\/wp-json\/wp\/v2\/product"}],"about":[{"href":"https:\/\/cultivers.es\/pt-pt\/wp-json\/wp\/v2\/types\/product"}],"replies":[{"embeddable":true,"href":"https:\/\/cultivers.es\/pt-pt\/wp-json\/wp\/v2\/comments?post=19149"}],"wp:featuredmedia":[{"embeddable":true,"href":"https:\/\/cultivers.es\/pt-pt\/wp-json\/wp\/v2\/media\/33700"}],"wp:attachment":[{"href":"https:\/\/cultivers.es\/pt-pt\/wp-json\/wp\/v2\/media?parent=19149"}],"wp:term":[{"taxonomy":"product_brand","embeddable":true,"href":"https:\/\/cultivers.es\/pt-pt\/wp-json\/wp\/v2\/product_brand?post=19149"},{"taxonomy":"product_cat","embeddable":true,"href":"https:\/\/cultivers.es\/pt-pt\/wp-json\/wp\/v2\/product_cat?post=19149"},{"taxonomy":"product_tag","embeddable":true,"href":"https:\/\/cultivers.es\/pt-pt\/wp-json\/wp\/v2\/product_tag?post=19149"}],"curies":[{"name":"wp","href":"https:\/\/api.w.org\/{rel}","templated":true}]}}