{"id":19160,"date":"2022-12-23T13:40:28","date_gmt":"2022-12-23T13:40:28","guid":{"rendered":"https:\/\/cultivers.es\/abonos\/corretor-de-calcio-vegetal\/"},"modified":"2025-09-22T05:16:57","modified_gmt":"2025-09-22T05:16:57","slug":"corretor-de-calcio-vegetais","status":"publish","type":"product","link":"https:\/\/cultivers.es\/pt-pt\/fertilizantes\/corretor-de-calcio-vegetais\/","title":{"rendered":"Corretor de c\u00e1lcio vegetal"},"content":{"rendered":"<p><b>C\u00e1lcio<\/b> dispon\u00edvel para a planta. Elevado n\u00edvel de microniza\u00e7\u00e3o (0,02 mm). Fornecimento de magn\u00e9sio (mant\u00e9m a rela\u00e7\u00e3o Ca\/M 10\/1). <strong>Melhora a estrutura do solo<\/strong>. Mant\u00e9m e melhora a capacidade de troca cati\u00f3nica (CEC). Melhora a lixivia\u00e7\u00e3o, a drenagem e o arejamento. Em solos \u00e1cidos e b\u00e1sicos. <strong>Corretor de salinidade para<\/strong> solos s\u00f3dicos e alcalinos. <b>Fornece NPK<\/b>. Evita <strong>a perda de solo<\/strong> por eros\u00e3o e mant\u00e9m a estrutura do complexo argilo-h\u00famico. <strong>Contribui com mat\u00e9ria org\u00e2nica<\/strong>. <strong>Atividade fortificante<\/strong> das plantas. <strong>Fornecimento de \u00e1cidos org\u00e2nicos<\/strong> com carater\u00edsticas bioestimulantes<strong>. <\/strong><strong>Corretor de pH.<\/strong>     <\/p>\n<p>&nbsp;<\/p>\n","protected":false},"excerpt":{"rendered":"<p>Ingest\u00e3o de c\u00e1lcio. Elevado n\u00edvel de microniza\u00e7\u00e3o. Corretor org\u00e2nico de c\u00e1lcio para plantas para aplica\u00e7\u00e3o no solo.<\/p>\n<p>Melhora a estrutura do solo. Mant\u00e9m e melhora a Capacidade de Troca Cati\u00f3nica (CEC). Melhora a lixivia\u00e7\u00e3o, a drenagem e o arejamento em solos \u00e1cidos e b\u00e1sicos.<\/p>\n<p>Fornece mat\u00e9ria org\u00e2nica Actua como corretor de salinidade para solos de s\u00f3dio com pH alcalino. Evita a perda de solo por eros\u00e3o e mant\u00e9m a estrutura do complexo argilo-h\u00famico.<\/p>\n<p>Fornece NPK como \u00fanica fonte e reduz a dose de fertilizantes tradicionais.<\/p>\n<p>Actua como corretor de pH Ajuda a melhorar o desenvolvimento das plantas. Fornece \u00e1cidos org\u00e2nicos com carater\u00edsticas bioestimulantes, reduz algumas doen\u00e7as criptog\u00e2micas.<\/p>\n","protected":false},"featured_media":16477,"comment_status":"open","ping_status":"closed","template":"","meta":{"_acf_changed":false},"product_brand":[],"product_cat":[613],"product_tag":[],"class_list":{"0":"post-19160","1":"product","2":"type-product","3":"status-publish","4":"has-post-thumbnail","6":"product_cat-correctores-de-deficiencias","8":"first","9":"instock","10":"featured","11":"taxable","12":"shipping-taxable","13":"purchasable","14":"product-type-variable"},"acf":[],"_links":{"self":[{"href":"https:\/\/cultivers.es\/pt-pt\/wp-json\/wp\/v2\/product\/19160","targetHints":{"allow":["GET"]}}],"collection":[{"href":"https:\/\/cultivers.es\/pt-pt\/wp-json\/wp\/v2\/product"}],"about":[{"href":"https:\/\/cultivers.es\/pt-pt\/wp-json\/wp\/v2\/types\/product"}],"replies":[{"embeddable":true,"href":"https:\/\/cultivers.es\/pt-pt\/wp-json\/wp\/v2\/comments?post=19160"}],"wp:featuredmedia":[{"embeddable":true,"href":"https:\/\/cultivers.es\/pt-pt\/wp-json\/wp\/v2\/media\/16477"}],"wp:attachment":[{"href":"https:\/\/cultivers.es\/pt-pt\/wp-json\/wp\/v2\/media?parent=19160"}],"wp:term":[{"taxonomy":"product_brand","embeddable":true,"href":"https:\/\/cultivers.es\/pt-pt\/wp-json\/wp\/v2\/product_brand?post=19160"},{"taxonomy":"product_cat","embeddable":true,"href":"https:\/\/cultivers.es\/pt-pt\/wp-json\/wp\/v2\/product_cat?post=19160"},{"taxonomy":"product_tag","embeddable":true,"href":"https:\/\/cultivers.es\/pt-pt\/wp-json\/wp\/v2\/product_tag?post=19160"}],"curies":[{"name":"wp","href":"https:\/\/api.w.org\/{rel}","templated":true}]}}