{"id":19170,"date":"2022-12-23T13:48:46","date_gmt":"2022-12-23T13:48:46","guid":{"rendered":"https:\/\/cultivers.es\/abonos\/farinha-de-penas\/"},"modified":"2025-09-22T04:45:25","modified_gmt":"2025-09-22T04:45:25","slug":"farinha-de-penas","status":"publish","type":"product","link":"https:\/\/cultivers.es\/pt-pt\/fertilizantes\/farinha-de-penas\/","title":{"rendered":"Farinha de penas"},"content":{"rendered":"<p>A farinha de penas pode ser utilizada na agricultura e \u00e9 uma fonte de azoto e amino\u00e1cidos, com 85% de mat\u00e9ria org\u00e2nica e mais de 49% de carbono org\u00e2nico, o que constitui um bom fertilizante para as nossas plantas. A farinha de penas \u00e9 um fertilizante org\u00e2nico com um elevado teor de azoto, sendo um promotor de crescimento para ra\u00edzes, caules e folhas, ideal para utiliza\u00e7\u00e3o em pomares org\u00e2nicos, \u00e1rvores floridas\/frut\u00edferas e plantas ornamentais.<\/p>\n<p>Al\u00e9m disso, gra\u00e7as \u00e0 utiliza\u00e7\u00e3o da tecnologia de hidr\u00f3lise com temperatura, press\u00e3o e enzimas, permite que as mol\u00e9culas de amino\u00e1cidos se tornem suficientemente pequenas para serem absorvidas pela raiz da planta.<\/p>\n<p>Outra carater\u00edstica da farinha de penas \u00e9 que o seu azoto \u00e9 de liberta\u00e7\u00e3o lenta, ao contr\u00e1rio da farinha de sangue, que \u00e9 de liberta\u00e7\u00e3o mais r\u00e1pida. Al\u00e9m disso, este azoto, sendo de decomposi\u00e7\u00e3o lenta, \u00e9 \u00fatil para ativar a decomposi\u00e7\u00e3o dos res\u00edduos vegetais no composto.<\/p>\n","protected":false},"excerpt":{"rendered":"<div class=\"page\" title=\"P\u00e1gina 1\">\n<div class=\"section\">\n<div class=\"layoutArea\">\n<div class=\"column\">\n<p>Farinha de penas. Fertilizante org\u00e2nico de liberta\u00e7\u00e3o lenta de origem animal com elevado teor de azoto. <\/p>\n<p>Promove o crescimento de ra\u00edzes, caules e folhas, ideal para utiliza\u00e7\u00e3o em hortas biol\u00f3gicas, \u00e1rvores floridas\/frut\u00edferas e plantas ornamentais.<\/p>\n<p>Ativa a decomposi\u00e7\u00e3o dos res\u00edduos vegetais no composto.<\/p>\n<p>Gra\u00e7as \u00e0 utiliza\u00e7\u00e3o da tecnologia de hidr\u00f3lise com temperatura, press\u00e3o e enzimas, permite que as mol\u00e9culas de amino\u00e1cidos se tornem suficientemente pequenas para serem absorvidas pela raiz da planta.<\/p>\n<p>Dose geral: aplicar 40 gramas por metro quadrado de 3 em 3 semanas ou de acordo com as necessidades da cultura.<\/p>\n<\/div>\n<\/div>\n<\/div>\n<\/div>\n","protected":false},"featured_media":16487,"comment_status":"open","ping_status":"closed","template":"","meta":{"_acf_changed":false},"product_brand":[],"product_cat":[702],"product_tag":[],"woo-feed-brand":[],"class_list":{"0":"post-19170","1":"product","2":"type-product","3":"status-publish","4":"has-post-thumbnail","6":"product_cat-materias-primas-pt-pt","8":"first","9":"outofstock","10":"taxable","11":"shipping-taxable","12":"purchasable","13":"product-type-variable","14":"has-default-attributes"},"acf":[],"_links":{"self":[{"href":"https:\/\/cultivers.es\/pt-pt\/wp-json\/wp\/v2\/product\/19170","targetHints":{"allow":["GET"]}}],"collection":[{"href":"https:\/\/cultivers.es\/pt-pt\/wp-json\/wp\/v2\/product"}],"about":[{"href":"https:\/\/cultivers.es\/pt-pt\/wp-json\/wp\/v2\/types\/product"}],"replies":[{"embeddable":true,"href":"https:\/\/cultivers.es\/pt-pt\/wp-json\/wp\/v2\/comments?post=19170"}],"wp:featuredmedia":[{"embeddable":true,"href":"https:\/\/cultivers.es\/pt-pt\/wp-json\/wp\/v2\/media\/16487"}],"wp:attachment":[{"href":"https:\/\/cultivers.es\/pt-pt\/wp-json\/wp\/v2\/media?parent=19170"}],"wp:term":[{"taxonomy":"product_brand","embeddable":true,"href":"https:\/\/cultivers.es\/pt-pt\/wp-json\/wp\/v2\/product_brand?post=19170"},{"taxonomy":"product_cat","embeddable":true,"href":"https:\/\/cultivers.es\/pt-pt\/wp-json\/wp\/v2\/product_cat?post=19170"},{"taxonomy":"product_tag","embeddable":true,"href":"https:\/\/cultivers.es\/pt-pt\/wp-json\/wp\/v2\/product_tag?post=19170"},{"taxonomy":"woo-feed-brand","embeddable":true,"href":"https:\/\/cultivers.es\/pt-pt\/wp-json\/wp\/v2\/woo-feed-brand?post=19170"}],"curies":[{"name":"wp","href":"https:\/\/api.w.org\/{rel}","templated":true}]}}