{"id":19262,"date":"2022-12-14T13:13:55","date_gmt":"2022-12-14T13:13:55","guid":{"rendered":"https:\/\/cultivers.es\/abonos\/pacote-de-10-sementes-aromaticas-biologicas-e-10-flores-comestiveis-biologicas-fertilizantes-e-tratamentos\/"},"modified":"2025-09-22T05:39:06","modified_gmt":"2025-09-22T05:39:06","slug":"pack-aromatico-10-sementes-e-10-flores-ecologico-fertilizantes-e-tratamentos-ecologicos","status":"publish","type":"product","link":"https:\/\/cultivers.es\/pt-pt\/fertilizantes\/pack-aromatico-10-sementes-e-10-flores-ecologico-fertilizantes-e-tratamentos-ecologicos\/","title":{"rendered":"Pacote 10 Sementes Arom\u00e1ticas e 10 Flores Comest\u00edveis \/ Fertilizantes e Tratamentos"},"content":{"rendered":"<p><img loading=\"lazy\" decoding=\"async\" class=\"alignnone wp-image-6960\" src=\"https:\/\/cultivers.es\/wp-content\/uploads\/2022\/12\/AROMATICASFLORESCOMESTIBLES-300x200.jpg\" alt=\"\" width=\"1328\" height=\"885\" title=\"\" srcset=\"https:\/\/cultivers.es\/wp-content\/uploads\/2022\/12\/AROMATICASFLORESCOMESTIBLES-300x200.jpg 300w, https:\/\/cultivers.es\/wp-content\/uploads\/2022\/12\/AROMATICASFLORESCOMESTIBLES-600x400.jpg 600w, https:\/\/cultivers.es\/wp-content\/uploads\/2022\/12\/AROMATICASFLORESCOMESTIBLES-1024x683.jpg 1024w, https:\/\/cultivers.es\/wp-content\/uploads\/2022\/12\/AROMATICASFLORESCOMESTIBLES-768x512.jpg 768w, https:\/\/cultivers.es\/wp-content\/uploads\/2022\/12\/AROMATICASFLORESCOMESTIBLES-1536x1025.jpg 1536w, https:\/\/cultivers.es\/wp-content\/uploads\/2022\/12\/AROMATICASFLORESCOMESTIBLES-2048x1366.jpg 2048w, https:\/\/cultivers.es\/wp-content\/uploads\/2022\/12\/AROMATICASFLORESCOMESTIBLES-1080x721.jpg 1080w, https:\/\/cultivers.es\/wp-content\/uploads\/2022\/12\/AROMATICASFLORESCOMESTIBLES-1280x854.jpg 1280w, https:\/\/cultivers.es\/wp-content\/uploads\/2022\/12\/AROMATICASFLORESCOMESTIBLES-980x654.jpg 980w, https:\/\/cultivers.es\/wp-content\/uploads\/2022\/12\/AROMATICASFLORESCOMESTIBLES-480x320.jpg 480w\" sizes=\"auto, (max-width: 1328px) 100vw, 1328px\" \/><\/p>\n<p>&nbsp;<\/p>\n<p>Conte\u00fado da embalagem:<br \/>\n<strong><br \/>\n10 SEMENTES DE FLORES COMEST\u00cdVEIS<\/strong><br \/>\nCosmos Mix of colours<br \/>\nEchinacea<br \/>\nPansy<br \/>\nPansy gigante<br \/>\nSunflower Velvet Queen<br \/>\nBlue Cornflower<br \/>\nHibiscus<br \/>\nMarigold<br \/>\nBorage<br \/>\nSafflower<\/p>\n<p><strong>10 SEMENTES AROM\u00c1TICAS<\/strong><br \/>\nManjeric\u00e3o genov\u00eas<br \/>\nManjeric\u00e3o canela<br \/>\nCilantro<br \/>\nSalsa gigante<br \/>\nCebolinho<br \/>\nMelissa<br \/>\nAnis<br \/>\nTomilho<br \/>\nEndro<br \/>\nS\u00e1lvia<\/p>\n<p><strong>FERTILIZANTES E TRATAMENTOS ORG\u00c2NICOS<\/strong><\/p>\n<p>1 l Mela\u00e7o de cana<br \/>\n1 l Tripla a\u00e7\u00e3o<br \/>\n1 l Amino\u00e1cidos<br \/>\n1 kg Fertilizante NPK Guano<br \/>\n10 Kg H\u00famus de minhoca<br \/>\n--<\/p>\n<p class=\"p1\"><strong><span class=\"s1\">Como utilizar os nossos produtos.<\/span><\/strong><\/p>\n<p>&nbsp;<\/p>\n<p class=\"p1\"><strong><span class=\"s1\">H\u00daMUS DE MINHOCA E COMPOSTO DE GUANO.<\/span><\/strong><\/p>\n<p class=\"p1\"><span class=\"s1\">1) Misturamos o teu substrato ou terra com o nosso h\u00famus de minhoca e o nosso adubo granulado NPK de Guano. De acordo com as medidas dos recipientes. <\/span><\/p>\n<p class=\"p1\"><span class=\"s1\">2. Quando tiveres a mistura, junta-a ao teu vaso ou jardineira e mexe bem at\u00e9 estar bem integrada. No caso dos vasos, basta encher os vasos. <\/span><\/p>\n<p>&nbsp;<\/p>\n<p class=\"p1\"><strong><span class=\"s1\">AGRO MELAZA<\/span><\/strong><\/p>\n<p class=\"p3\"><span class=\"s2\">1. Lo <\/span><span class=\"s1\">usa<\/span><span class=\"s2\"> uma vez que as plantas tenham um tamanho aproximado de 10 cm, se a usares antes, us\u00e1-la-\u00e1s a 1\/3 da sua dose.<\/span><\/p>\n<p class=\"p3\"><span class=\"s2\">2. Aplicar por aplica\u00e7\u00e3o radicular, quer com <\/span><span class=\"s1\">fertirriga\u00e7\u00e3o<\/span><span class=\"s2\"> ou por meio de uma mangueira, com as doses indicadas na embalagem, de 15 a 21 dias.<\/span><\/p>\n<p class=\"p3\"><span class=\"s2\">3. Podes <\/span><span class=\"s1\">utiliza-o<\/span><span class=\"s2\"> durante todo o ciclo das nossas plantas.<\/span><\/p>\n<p>&nbsp;<\/p>\n<p class=\"p1\"><strong><span class=\"s1\">QUELATO DE FERRO (CORRECTOR DE CAR\u00caNCIAS)<\/span><\/strong><\/p>\n<p class=\"p3\"><span class=\"s2\">1. podes <\/span><span class=\"s1\">utiliza-o<\/span><span class=\"s2\"> para corrigir a defici\u00eancia de ferro e para a prevenir.<\/span><\/p>\n<p class=\"p3\"><span class=\"s2\">2. Lo <\/span><span class=\"s1\">usa<\/span><span class=\"s2\"> utiliza sempre as doses recomendadas na embalagem.<\/span><\/p>\n<p class=\"p1\"><span class=\"s1\">3. Aplica-o por via radicular nas nossas culturas.<\/span><\/p>\n<p>&nbsp;<\/p>\n<p class=\"p1\"><strong><span class=\"s1\">TRIPLA AC\u00c7\u00c3O (INSECTICIDA-ACARICIDA-FUNGICIDA)<\/span><\/strong><\/p>\n<p class=\"p3\"><span class=\"s2\">1. Este produto ser\u00e1 <\/span><span class=\"s1\">utiliza-o<\/span><span class=\"s2\"> utiliza-o preventivamente ou quando a praga n\u00e3o est\u00e1 muito disseminada.<\/span><\/p>\n<p class=\"p1\"><span class=\"s1\">2) Sendo um produto biol\u00f3gico, n\u00e3o necessita de um per\u00edodo de car\u00eancia.<\/span><\/p>\n<p class=\"p1\"><span class=\"s1\">3. Como se trata de um produto de utiliza\u00e7\u00e3o, n\u00e3o precisa de ser misturado com \u00e1gua, basta aplic\u00e1-lo nas nossas culturas.<\/span><\/p>\n<p>&nbsp;<\/p>\n<p class=\"p1\"><strong><span class=\"s1\">AMINO\u00c1CIDOS<\/span><\/strong><\/p>\n<p class=\"p1\"><span class=\"s1\">1. ajuda as nossas plantas a crescerem sem problemas.<\/span><\/p>\n<p class=\"p3\"><span class=\"s2\">2. <\/span><span class=\"s1\">Vais notar<\/span><span class=\"s2\"> que as tuas plantas est\u00e3o <\/span><span class=\"s1\">mais<\/span><span class=\"s2\"> e vigorosas, aumentando a flora\u00e7\u00e3o, a frutifica\u00e7\u00e3o e a produtividade das tuas plantas.<\/span><\/p>\n<p class=\"p3\"><span class=\"s2\">3. Aplicaremos nas nossas plantas tanto <\/span><span class=\"s1\">foliares<\/span><span class=\"s2\"> e radiculares, nas doses indicadas na embalagem.<span class=\"Apple-converted-space\"> <\/span><\/span> <\/p>\n<p class=\"p1\"><span class=\"s1\">4. 2 a 3 aplica\u00e7\u00f5es durante todo o ciclo das nossas plantas.<\/span><\/p>\n<p>&nbsp;<\/p>\n<p class=\"p1\"><strong><span class=\"s1\">FERTILIZANTE DE ALGAS<\/span><\/strong><\/p>\n<p class=\"p3\"><span class=\"s2\">1. <\/span><span class=\"s1\">Ajuda-te a<\/span><span class=\"s2\"> as nossas culturas a n\u00e3o sofrerem stress.<\/span><\/p>\n<p class=\"p1\"><span class=\"s1\">2. Cont\u00e9m igualmente azoto e pot\u00e1ssio, macroelementos essenciais para as nossas plantas.<\/span><\/p>\n<p class=\"p3\"><span class=\"s2\">3. Administra \u00e0s nossas culturas a cada 20 <\/span><span class=\"s1\">dias,<\/span><span class=\"s2\"> quando a planta j\u00e1 est\u00e1 <\/span><span class=\"s1\">est\u00e1<\/span><span class=\"s2\">  a cerca de 10 cm. Se se tratar de uma cama de sementes, aplica \u00bc da dose recomendada. <\/span><\/p>\n<p>&nbsp;<\/p>\n<p class=\"p5\"><strong><span class=\"s1\">DICAS DE GERMINA\u00c7\u00c3O DE SEMENTES<span class=\"Apple-converted-space\"> <\/span><\/span><\/strong><\/p>\n<p>&nbsp;<\/p>\n<p class=\"p7\"><span class=\"s1\">Rega. As sementes precisam de absorver \u00e1gua para germinar.   <\/span><\/p>\n<p class=\"p7\"><span class=\"s1\">Temperatura. Cada esp\u00e9cie tem a sua pr\u00f3pria temperatura de germina\u00e7\u00e3o que deve ser atingida e mantida para que as sementes germinem corretamente. <\/span><\/p>\n<p class=\"p7\"><span class=\"s1\">Luz. No in\u00edcio da germina\u00e7\u00e3o a necessidade de luz n\u00e3o \u00e9 essencial, no entanto, ap\u00f3s a germina\u00e7\u00e3o \u00e9 essencial que as pl\u00e2ntulas tenham uma fonte de luz correta, por isso as camas de sementes devem ser colocadas num espa\u00e7o bem iluminado. <\/span><\/p>\n<p class=\"p5\"><span class=\"s2\">Sementes para uma boa germina\u00e7\u00e3o e crescimento:  <\/span><\/p>\n<p class=\"p7\"><span class=\"s1\">Semear\u00e1s em fun\u00e7\u00e3o da \u00e9poca. Algumas esp\u00e9cies podem ser semeadas durante todo o ano, mas outras precisam de ser semeadas numa \u00e9poca espec\u00edfica do ano. <\/span><\/p>\n<p class=\"p7\"><span class=\"s1\">Para germinarem, precisam de um substrato que retenha a humidade e o ar e que seja rico em nutrientes para o seu crescimento.<\/span><\/p>\n<p class=\"p7\"><span class=\"s1\">A humidade deve ser constante, evitando a rega excessiva, pois demasiada \u00e1gua apodrecer\u00e1 as sementes ou as pequenas pl\u00e2ntulas.<\/span><\/p>\n","protected":false},"excerpt":{"rendered":"<p>Conte\u00fado da embalagem:<br \/>\n<strong><br \/>\n10 SEMENTES DE FLORES COMEST\u00cdVEIS: <\/strong>Cosmos Mixed Colours, Equin\u00e1cea, Amor-perfeito, Girassol Gigante, Girassol Velvet Queen, Sabugueiro Azul, Hibisco, Cal\u00eandula, Borragem, C\u00e1rtamo<\/p>\n<p><strong>10 SEMENTES AROM\u00c1TICAS<\/strong>: Manjeric\u00e3o Genov\u00eas, Manjeric\u00e3o Canela, Coentros, Salsa Gigante, Cebolinho, Melissa, Anis, Tomilho, Endro, Salva<\/p>\n<p><strong>ADUBOS E TRATAMENTOS BIOL\u00d3GICOS: <\/strong>1 l de Mela\u00e7o de Cana, 1 l de Tripla A\u00e7\u00e3o, 1 l de Amino\u00e1cidos, 1 kg de Guano Fertilizante NPK, 10 kg de H\u00famus de Minhoca<\/p>\n","protected":false},"featured_media":16372,"comment_status":"open","ping_status":"closed","template":"","meta":{"_acf_changed":false},"product_brand":[],"product_cat":[427],"product_tag":[1578],"class_list":{"0":"post-19262","1":"product","2":"type-product","3":"status-publish","4":"has-post-thumbnail","6":"product_cat-sementes-organicas-2","7":"product_tag-eco","9":"first","10":"instock","11":"taxable","12":"shipping-taxable","13":"purchasable","14":"product-type-simple"},"acf":[],"_links":{"self":[{"href":"https:\/\/cultivers.es\/pt-pt\/wp-json\/wp\/v2\/product\/19262","targetHints":{"allow":["GET"]}}],"collection":[{"href":"https:\/\/cultivers.es\/pt-pt\/wp-json\/wp\/v2\/product"}],"about":[{"href":"https:\/\/cultivers.es\/pt-pt\/wp-json\/wp\/v2\/types\/product"}],"replies":[{"embeddable":true,"href":"https:\/\/cultivers.es\/pt-pt\/wp-json\/wp\/v2\/comments?post=19262"}],"wp:featuredmedia":[{"embeddable":true,"href":"https:\/\/cultivers.es\/pt-pt\/wp-json\/wp\/v2\/media\/16372"}],"wp:attachment":[{"href":"https:\/\/cultivers.es\/pt-pt\/wp-json\/wp\/v2\/media?parent=19262"}],"wp:term":[{"taxonomy":"product_brand","embeddable":true,"href":"https:\/\/cultivers.es\/pt-pt\/wp-json\/wp\/v2\/product_brand?post=19262"},{"taxonomy":"product_cat","embeddable":true,"href":"https:\/\/cultivers.es\/pt-pt\/wp-json\/wp\/v2\/product_cat?post=19262"},{"taxonomy":"product_tag","embeddable":true,"href":"https:\/\/cultivers.es\/pt-pt\/wp-json\/wp\/v2\/product_tag?post=19262"}],"curies":[{"name":"wp","href":"https:\/\/api.w.org\/{rel}","templated":true}]}}