{"id":19264,"date":"2022-12-19T11:00:51","date_gmt":"2022-12-19T11:00:51","guid":{"rendered":"https:\/\/cultivers.es\/abonos\/comece-o-seu-jardim-com-1-a-3-m2-pack-11-eco-seeds-and-fertilisers\/"},"modified":"2025-09-22T05:17:00","modified_gmt":"2025-09-22T05:17:00","slug":"inicia-tu-huerto-de-1-a-3-m2-pack-11-semillas-y-abonos-eco","status":"publish","type":"product","link":"https:\/\/cultivers.es\/pt-pt\/fertilizantes\/inicia-tu-huerto-de-1-a-3-m2-pack-11-semillas-y-abonos-eco\/","title":{"rendered":"Come\u00e7a o teu jardim com 1 a 3 m2. Pack 11 Eco Seeds and Fertilisers"},"content":{"rendered":"<p><img loading=\"lazy\" decoding=\"async\" class=\"alignnone wp-image-6975\" src=\"https:\/\/cultivers.es\/wp-content\/uploads\/2022\/12\/CALENDARIO-PACK-HUERTO-16-300x131.jpg\" alt=\"\" width=\"1266\" height=\"553\" title=\"\" srcset=\"https:\/\/cultivers.es\/wp-content\/uploads\/2022\/12\/CALENDARIO-PACK-HUERTO-16-300x131.jpg 300w, https:\/\/cultivers.es\/wp-content\/uploads\/2022\/12\/CALENDARIO-PACK-HUERTO-16-scaled-600x263.jpg 600w, https:\/\/cultivers.es\/wp-content\/uploads\/2022\/12\/CALENDARIO-PACK-HUERTO-16-2048x897.jpg 2048w, https:\/\/cultivers.es\/wp-content\/uploads\/2022\/12\/CALENDARIO-PACK-HUERTO-16-1080x473.jpg 1080w, https:\/\/cultivers.es\/wp-content\/uploads\/2022\/12\/CALENDARIO-PACK-HUERTO-16-480x210.jpg 480w\" sizes=\"auto, (max-width: 1266px) 100vw, 1266px\" \/><\/p>\n<p>Conte\u00fado da embalagem:<\/p>\n<p>Beringela White Egg<br \/>\nCenouras Jaune du Doubs<br \/>\nCebola Rossa Lunga di Firenze<br \/>\nTomate Beef Heart<br \/>\nTomate Black Cherry<br \/>\nPimento Corno di Toro Rosso<br \/>\nRabanete Saxa 2<br \/>\nEspinafres Matador<br \/>\nBr\u00f3colos roxos<br \/>\nAlface frisada Lollo Rosso<br \/>\nSaladeira de folhas de carvalho<\/p>\n<p>&nbsp;<\/p>\n<p><strong>Fertilizantes e tratamentos org\u00e2nicos<\/strong><\/p>\n<p>&nbsp;<\/p>\n<p>1,5 kg H\u00famus de minhoca<br \/>\n250 g Adubo NPK com guano<br \/>\n1 l Mela\u00e7o de cana<br \/>\n250 g Quelato de ferro<br \/>\n250 g Corretor de c\u00e1lcio<br \/>\n250 g Adubo de engorda e matura\u00e7\u00e3o<br \/>\n500 ml Tripla a\u00e7\u00e3o<\/p>\n<p>&nbsp;<\/p>\n<p class=\"p1\"><strong><span class=\"s1\">Como utilizar os nossos produtos.<\/span><\/strong><\/p>\n<p>&nbsp;<\/p>\n<p class=\"p1\"><strong><span class=\"s1\">H\u00daMUS DE MINHOCA E COMPOSTO DE GUANO.<\/span><\/strong><\/p>\n<p class=\"p1\"><span class=\"s1\">1) Misturamos o teu substrato ou terra com o nosso h\u00famus de minhoca e o nosso adubo granulado NPK de Guano. De acordo com as medidas dos recipientes. <\/span><\/p>\n<p class=\"p1\"><span class=\"s1\">2. Quando tiveres a mistura, junta-a ao teu vaso ou jardineira e mexe bem at\u00e9 estar bem integrada. No caso dos vasos, basta encher os vasos. <\/span><\/p>\n<p>&nbsp;<\/p>\n<p class=\"p1\"><strong><span class=\"s1\">AGRO MELAZA<\/span><\/strong><\/p>\n<p class=\"p3\"><span class=\"s2\">1. Lo <\/span><span class=\"s1\">usa<\/span><span class=\"s2\"> uma vez que as plantas tenham um tamanho aproximado de 10 cm, se a usares antes, us\u00e1-la-\u00e1s a 1\/3 da sua dose.<\/span><\/p>\n<p class=\"p3\"><span class=\"s2\">2. Aplicar por aplica\u00e7\u00e3o radicular, quer com <\/span><span class=\"s1\">fertirriga\u00e7\u00e3o<\/span><span class=\"s2\"> ou por meio de uma mangueira, com as doses indicadas na embalagem, de 15 a 21 dias.<\/span><\/p>\n<p class=\"p3\"><span class=\"s2\">3. Podes <\/span><span class=\"s1\">utiliza-o<\/span><span class=\"s2\"> durante todo o ciclo das nossas plantas.<\/span><\/p>\n<p>&nbsp;<\/p>\n<p class=\"p3\"><strong><span class=\"s2\">C\u00c1LCIO (<\/span><span class=\"s1\">CORRECTOR<\/span><span class=\"s2\"> CORRECTOR)<\/span><\/strong><\/p>\n<p class=\"p3\"><span class=\"s2\">1. Lo <\/span><span class=\"s1\">usa<\/span><span class=\"s2\"> nas doses indicadas 2 a 3 vezes durante todo o ciclo das nossas plantas.<\/span><\/p>\n<p class=\"p3\"><span class=\"s2\">2. O primeiro <\/span><span class=\"s1\">\u00e9<\/span><span class=\"s2\"> antes do in\u00edcio da flora\u00e7\u00e3o das nossas plantas, o que te ajudar\u00e1 a obter uma melhor frutifica\u00e7\u00e3o.<\/span><\/p>\n<p class=\"p1\"><span class=\"s1\">3. pode ser aplicado tanto por via foliar como pela raiz.<\/span><\/p>\n<p>&nbsp;<\/p>\n<p class=\"p1\"><strong><span class=\"s1\">QUELATO DE FERRO (CORRECTOR DE CAR\u00caNCIAS)<\/span><\/strong><\/p>\n<p class=\"p3\"><span class=\"s2\">1. podes <\/span><span class=\"s1\">utiliza-o<\/span><span class=\"s2\"> para corrigir a defici\u00eancia de ferro e para a prevenir.<\/span><\/p>\n<p class=\"p3\"><span class=\"s2\">2. Lo <\/span><span class=\"s1\">usa<\/span><span class=\"s2\"> utiliza sempre as doses recomendadas na embalagem.<\/span><\/p>\n<p class=\"p1\"><span class=\"s1\">3. Aplica-o por via radicular nas nossas culturas.<\/span><\/p>\n<p>&nbsp;<\/p>\n<p class=\"p1\"><strong><span class=\"s1\">MATURA\u00c7\u00c3O E ENGORDA<\/span><\/strong><\/p>\n<p class=\"p3\"><span class=\"s2\">1. Este produto \u00e9 particularmente adequado para <\/span><span class=\"s1\">utilizares<\/span><span class=\"s2\"> nas tuas plantas a partir da flora\u00e7\u00e3o.<\/span><\/p>\n<p class=\"p3\"><span class=\"s2\">2. podes ser <\/span><span class=\"s1\">pode ser utilizado<\/span><span class=\"s2\"> tanto na aplica\u00e7\u00e3o foliar como na aplica\u00e7\u00e3o radicular.<\/span><\/p>\n<p class=\"p3\"><span class=\"s2\">3. Utiliza-o uma vez em cada 21 <\/span><span class=\"s1\">dias<\/span><span class=\"s2\"> aproximadamente.<\/span><\/p>\n<p>&nbsp;<\/p>\n<p class=\"p1\"><strong><span class=\"s1\">TRIPLA AC\u00c7\u00c3O (INSECTICIDA-ACARICIDA-FUNGICIDA)<\/span><\/strong><\/p>\n<p class=\"p3\"><span class=\"s2\">1. Este produto ser\u00e1 <\/span><span class=\"s1\">utiliza-o<\/span><span class=\"s2\"> utiliza-o preventivamente ou quando a praga n\u00e3o est\u00e1 muito disseminada.<\/span><\/p>\n<p class=\"p1\"><span class=\"s1\">2) Sendo um produto biol\u00f3gico, n\u00e3o necessita de um per\u00edodo de car\u00eancia.<\/span><\/p>\n<p class=\"p1\"><span class=\"s1\">3. Como se trata de um produto de utiliza\u00e7\u00e3o, n\u00e3o precisa de ser misturado com \u00e1gua, basta aplic\u00e1-lo nas nossas culturas.<\/span><\/p>\n<p>&nbsp;<\/p>\n<p class=\"p5\"><strong><span class=\"s1\">DICAS DE GERMINA\u00c7\u00c3O DE SEMENTES<span class=\"Apple-converted-space\"> <\/span><\/span><\/strong><\/p>\n<p>&nbsp;<\/p>\n<p class=\"p7\"><span class=\"s1\">Rega. As sementes precisam de absorver \u00e1gua para germinar.   <\/span><\/p>\n<p class=\"p7\"><span class=\"s1\">Temperatura. Cada esp\u00e9cie tem a sua pr\u00f3pria temperatura de germina\u00e7\u00e3o que deve ser atingida e mantida para que as sementes germinem corretamente. <\/span><\/p>\n<p class=\"p7\"><span class=\"s1\">Luz. No in\u00edcio da germina\u00e7\u00e3o a necessidade de luz n\u00e3o \u00e9 essencial, no entanto, ap\u00f3s a germina\u00e7\u00e3o \u00e9 essencial que as pl\u00e2ntulas tenham uma fonte de luz correta, por isso as camas de sementes devem ser colocadas num espa\u00e7o bem iluminado. <\/span><\/p>\n<p class=\"p5\"><span class=\"s2\">Sementes para uma boa germina\u00e7\u00e3o e crescimento:  <\/span><\/p>\n<p class=\"p7\"><span class=\"s1\">Semear\u00e1s em fun\u00e7\u00e3o da \u00e9poca. Algumas esp\u00e9cies podem ser semeadas durante todo o ano, mas outras precisam de ser semeadas numa \u00e9poca espec\u00edfica do ano. <\/span><\/p>\n<p class=\"p7\"><span class=\"s1\">Para germinarem, precisam de um substrato que retenha a humidade e o ar e que seja rico em nutrientes para o seu crescimento.<\/span><\/p>\n<p class=\"p7\"><span class=\"s1\">A humidade deve ser constante, evitando a rega excessiva, pois demasiada \u00e1gua apodrecer\u00e1 as sementes ou as pequenas pl\u00e2ntulas.<\/span><\/p>\n","protected":false},"excerpt":{"rendered":"<p>Conte\u00fado:<\/p>\n<p><strong>11 Sementes biol\u00f3gicas:<\/strong> Beringela White Eggplant, Beringela Black Beauty, Cenoura Jaune du Doubs, Cebola Rossa Lunga di Firenze, Tomate Roma VF, Tomate Beef Heart, Tomate Black Cherry, Pimento Corno di Toro Rosso, Rabanete Saxa 2, Espinafres Matador, Br\u00f3colos Roxos, Alface Encaracolada Lollo Rosso, Alface Oak Leaf Salad Bowl<\/p>\n<p><strong>Fertilizantes biol\u00f3gicos:<\/strong> 10 kg de h\u00famus de minhoca, 5 kg de adubo NPK com Guano, 1 l de mela\u00e7o de cana, 1 l de \u00e1cidos Amimo, 250 g de algas 100%, 250 g de quelato de ferro, 250 g de corretor de c\u00e1lcio, 250 g de adubo de engorda e matura\u00e7\u00e3o, 1 l de tripla a\u00e7\u00e3o.<\/p>\n","protected":false},"featured_media":16357,"comment_status":"open","ping_status":"closed","template":"","meta":{"_acf_changed":false},"product_brand":[],"product_cat":[325,427],"product_tag":[],"class_list":{"0":"post-19264","1":"product","2":"type-product","3":"status-publish","4":"has-post-thumbnail","6":"product_cat-fertilizantes","7":"product_cat-sementes-organicas-2","9":"first","10":"instock","11":"taxable","12":"shipping-taxable","13":"purchasable","14":"product-type-simple"},"acf":[],"_links":{"self":[{"href":"https:\/\/cultivers.es\/pt-pt\/wp-json\/wp\/v2\/product\/19264","targetHints":{"allow":["GET"]}}],"collection":[{"href":"https:\/\/cultivers.es\/pt-pt\/wp-json\/wp\/v2\/product"}],"about":[{"href":"https:\/\/cultivers.es\/pt-pt\/wp-json\/wp\/v2\/types\/product"}],"replies":[{"embeddable":true,"href":"https:\/\/cultivers.es\/pt-pt\/wp-json\/wp\/v2\/comments?post=19264"}],"wp:featuredmedia":[{"embeddable":true,"href":"https:\/\/cultivers.es\/pt-pt\/wp-json\/wp\/v2\/media\/16357"}],"wp:attachment":[{"href":"https:\/\/cultivers.es\/pt-pt\/wp-json\/wp\/v2\/media?parent=19264"}],"wp:term":[{"taxonomy":"product_brand","embeddable":true,"href":"https:\/\/cultivers.es\/pt-pt\/wp-json\/wp\/v2\/product_brand?post=19264"},{"taxonomy":"product_cat","embeddable":true,"href":"https:\/\/cultivers.es\/pt-pt\/wp-json\/wp\/v2\/product_cat?post=19264"},{"taxonomy":"product_tag","embeddable":true,"href":"https:\/\/cultivers.es\/pt-pt\/wp-json\/wp\/v2\/product_tag?post=19264"}],"curies":[{"name":"wp","href":"https:\/\/api.w.org\/{rel}","templated":true}]}}