{"id":19313,"date":"2022-12-14T11:23:14","date_gmt":"2022-12-14T11:23:14","guid":{"rendered":"https:\/\/cultivers.es\/abonos\/vinagre-de-alcool-herbicida-natural-a-base-de-vinagre\/"},"modified":"2026-02-08T02:18:17","modified_gmt":"2026-02-08T02:18:17","slug":"vinagre-herbicida-natural","status":"publish","type":"product","link":"https:\/\/cultivers.es\/pt-pt\/fertilizantes\/vinagre-herbicida-natural\/","title":{"rendered":"Vinagre de \u00e1lcool. Herbicida natural \u00e0 base de vinagre."},"content":{"rendered":"<p>\u00c9 um produto inofensivo e amigo do ambiente, uma vez que os \u00fanicos produtos de decomposi\u00e7\u00e3o s\u00e3o o di\u00f3xido de carbono e o metano, que est\u00e3o amplamente presentes na natureza. \u00c9 altamente eficaz como desincrustante de dep\u00f3sitos calc\u00e1rios em sistemas de irriga\u00e7\u00e3o que utilizam \u00e1gua de elevada dureza, eliminando bloqueios devido \u00e0 precipita\u00e7\u00e3o de sais insol\u00faveis. Corrige o pH da \u00e1gua de rega e mant\u00e9m-no abaixo de pH 6,5, evitando continuamente a forma\u00e7\u00e3o de incrusta\u00e7\u00f5es calc\u00e1rias nos sistemas e elementos de rega, evitando o entupimento por precipita\u00e7\u00e3o de sais nos emissores e melhorando a absor\u00e7\u00e3o de nutrientes na fertirriga\u00e7\u00e3o.<\/p>\n","protected":false},"excerpt":{"rendered":"<p>Vinagre de \u00e1lcool. Herbicida 100% natural. Elimina as ervas daninhas.<br \/>\nEvita as doen\u00e7as das plantas. Fungicida e bactericida natural.<br \/>\nIrrigation Systems Cleaner. Altamente eficaz como desincrustante de dep\u00f3sitos calc\u00e1rios em sistemas de rega com \u00e1gua de elevada dureza, eliminando os bloqueios por precipita\u00e7\u00e3o de sais insol\u00faveis.<br \/>\nCorrige o pH da \u00e1gua de rega e mant\u00e9m-no abaixo de pH 6,5, prevenindo continuamente a forma\u00e7\u00e3o de incrusta\u00e7\u00f5es calc\u00e1rias nos sistemas e elementos de rega, evitando o entupimento por precipita\u00e7\u00e3o de sais nos emissores e melhorando a absor\u00e7\u00e3o de nutrientes na fertirriga\u00e7\u00e3o.<br \/>\nDilui 50% com \u00e1gua. Antes de agitares o jarro. Molha bem a planta. Aplica entre 15 e 20 cent\u00edmetros da planta a baixa press\u00e3o. Aplica durante as horas mais quentes do dia. Como descalcificador: 40L\/ha<br \/>\nCura e previne a clorose f\u00e9rrica<\/p>\n","protected":false},"featured_media":28976,"comment_status":"open","ping_status":"closed","template":"","meta":{"_acf_changed":false},"product_brand":[],"product_cat":[512,513],"product_tag":[],"woo-feed-brand":[],"class_list":{"0":"post-19313","1":"product","2":"type-product","3":"status-publish","4":"has-post-thumbnail","6":"product_cat-protecao-das-culturas-e-das-plantas","7":"product_cat-substancias-de-base","9":"first","10":"instock","11":"taxable","12":"shipping-taxable","13":"purchasable","14":"product-type-variable"},"acf":[],"_links":{"self":[{"href":"https:\/\/cultivers.es\/pt-pt\/wp-json\/wp\/v2\/product\/19313","targetHints":{"allow":["GET"]}}],"collection":[{"href":"https:\/\/cultivers.es\/pt-pt\/wp-json\/wp\/v2\/product"}],"about":[{"href":"https:\/\/cultivers.es\/pt-pt\/wp-json\/wp\/v2\/types\/product"}],"replies":[{"embeddable":true,"href":"https:\/\/cultivers.es\/pt-pt\/wp-json\/wp\/v2\/comments?post=19313"}],"wp:featuredmedia":[{"embeddable":true,"href":"https:\/\/cultivers.es\/pt-pt\/wp-json\/wp\/v2\/media\/28976"}],"wp:attachment":[{"href":"https:\/\/cultivers.es\/pt-pt\/wp-json\/wp\/v2\/media?parent=19313"}],"wp:term":[{"taxonomy":"product_brand","embeddable":true,"href":"https:\/\/cultivers.es\/pt-pt\/wp-json\/wp\/v2\/product_brand?post=19313"},{"taxonomy":"product_cat","embeddable":true,"href":"https:\/\/cultivers.es\/pt-pt\/wp-json\/wp\/v2\/product_cat?post=19313"},{"taxonomy":"product_tag","embeddable":true,"href":"https:\/\/cultivers.es\/pt-pt\/wp-json\/wp\/v2\/product_tag?post=19313"},{"taxonomy":"woo-feed-brand","embeddable":true,"href":"https:\/\/cultivers.es\/pt-pt\/wp-json\/wp\/v2\/woo-feed-brand?post=19313"}],"curies":[{"name":"wp","href":"https:\/\/api.w.org\/{rel}","templated":true}]}}