{"id":19329,"date":"2022-11-29T14:31:42","date_gmt":"2022-11-29T14:31:42","guid":{"rendered":"https:\/\/cultivers.es\/abonos\/clonepunch\/"},"modified":"2025-09-22T05:37:30","modified_gmt":"2025-09-22T05:37:30","slug":"clonepunch","status":"publish","type":"product","link":"https:\/\/cultivers.es\/pt-pt\/fertilizantes\/clonepunch\/","title":{"rendered":"ClonePunch"},"content":{"rendered":"","protected":false},"excerpt":{"rendered":"<p>Estimula a forma\u00e7\u00e3o de ra\u00edzes secund\u00e1rias, aumentando o n\u00famero de p\u00ealos absorventes e regenerando a capacidade de absor\u00e7\u00e3o de nutrientes. Adubo org\u00e2nico para o desenvolvimento das ra\u00edzes.<\/p>\n<p>Favorece as intera\u00e7\u00f5es solo-planta e promove o equil\u00edbrio entre as ra\u00edzes e a parte a\u00e9rea da planta.<\/p>\n<p>Deve ser utilizado desde a transplanta\u00e7\u00e3o, na fase de flora\u00e7\u00e3o e frutifica\u00e7\u00e3o ou para superar o stress ou a fitotoxicidade que possam ocorrer durante o ciclo vegetativo.<\/p>\n<p>Adubo org\u00e2nico indicado para estimular o desenvolvimento radicular nas fases mais dif\u00edceis da cultura e onde \u00e9 necess\u00e1rio o m\u00e1ximo envolvimento do sistema radicular.<\/p>\n<p>Formula\u00e7\u00e3o com microelementos quelatados por EDTA e complexados por amino\u00e1cidos, permitindo a sua r\u00e1pida absor\u00e7\u00e3o e transloca\u00e7\u00e3o na planta, garantindo a m\u00e1xima efic\u00e1cia no menor tempo poss\u00edvel.<\/p>\n","protected":false},"featured_media":16312,"comment_status":"open","ping_status":"closed","template":"","meta":{"_acf_changed":false},"product_brand":[],"product_cat":[724],"product_tag":[],"woo-feed-brand":[],"class_list":{"0":"post-19329","1":"product","2":"type-product","3":"status-publish","4":"has-post-thumbnail","6":"product_cat-growpunch-pt-pt","8":"first","9":"instock","10":"taxable","11":"shipping-taxable","12":"purchasable","13":"product-type-variable"},"acf":[],"_links":{"self":[{"href":"https:\/\/cultivers.es\/pt-pt\/wp-json\/wp\/v2\/product\/19329","targetHints":{"allow":["GET"]}}],"collection":[{"href":"https:\/\/cultivers.es\/pt-pt\/wp-json\/wp\/v2\/product"}],"about":[{"href":"https:\/\/cultivers.es\/pt-pt\/wp-json\/wp\/v2\/types\/product"}],"replies":[{"embeddable":true,"href":"https:\/\/cultivers.es\/pt-pt\/wp-json\/wp\/v2\/comments?post=19329"}],"wp:featuredmedia":[{"embeddable":true,"href":"https:\/\/cultivers.es\/pt-pt\/wp-json\/wp\/v2\/media\/16312"}],"wp:attachment":[{"href":"https:\/\/cultivers.es\/pt-pt\/wp-json\/wp\/v2\/media?parent=19329"}],"wp:term":[{"taxonomy":"product_brand","embeddable":true,"href":"https:\/\/cultivers.es\/pt-pt\/wp-json\/wp\/v2\/product_brand?post=19329"},{"taxonomy":"product_cat","embeddable":true,"href":"https:\/\/cultivers.es\/pt-pt\/wp-json\/wp\/v2\/product_cat?post=19329"},{"taxonomy":"product_tag","embeddable":true,"href":"https:\/\/cultivers.es\/pt-pt\/wp-json\/wp\/v2\/product_tag?post=19329"},{"taxonomy":"woo-feed-brand","embeddable":true,"href":"https:\/\/cultivers.es\/pt-pt\/wp-json\/wp\/v2\/woo-feed-brand?post=19329"}],"curies":[{"name":"wp","href":"https:\/\/api.w.org\/{rel}","templated":true}]}}