{"id":19367,"date":"2022-11-29T10:28:17","date_gmt":"2022-11-29T10:28:17","guid":{"rendered":"https:\/\/cultivers.es\/abonos\/sementes-de-cominho-preto-organico\/"},"modified":"2025-09-22T04:44:07","modified_gmt":"2025-09-22T04:44:07","slug":"sementes-de-cominhos-pretos-biologicos","status":"publish","type":"product","link":"https:\/\/cultivers.es\/pt-pt\/fertilizantes\/sementes-de-cominhos-pretos-biologicos\/","title":{"rendered":"Sementes de cominho preto"},"content":{"rendered":"","protected":false},"excerpt":{"rendered":"<p><strong>O cominho preto<\/strong><em>(Nigella sativa<\/em>), tamb\u00e9m conhecido como &#8220;absinto&#8221;, \u00e9 uma planta arom\u00e1tica e medicinal que produz pequenas sementes pretas com um sabor \u00fanico, ligeiramente picante, a nozes e a pimenta. Estas sementes s\u00e3o muito apreciadas na culin\u00e1ria pela sua utiliza\u00e7\u00e3o em p\u00e3es, caris, guisados e como condimento, para al\u00e9m das suas reconhecidas propriedades ben\u00e9ficas para a sa\u00fade. \u00c9 uma planta f\u00e1cil de cultivar, ideal para o teu <strong>jardim e horta<\/strong>.  <\/p>\n<p><strong>Sementes arom\u00e1ticas e vers\u00e1teis:<\/strong> O seu sabor picante e o seu aroma carater\u00edstico fazem delas um ingrediente ideal para p\u00e3es, saladas, guisados e misturas de especiarias como o zaatar.<\/p>\n<p><strong>Propriedades medicinais:<\/strong> Os cominhos pretos t\u00eam sido tradicionalmente utilizados como rem\u00e9dio natural devido aos seus benef\u00edcios antioxidantes, anti-inflamat\u00f3rios e digestivos.<\/p>\n<p><strong>Flores delicadas e ornamentais:<\/strong> Al\u00e9m do seu valor culin\u00e1rio, a planta produz belas flores brancas ou azuladas que embelezam o <strong>pomar e o jardim<\/strong>, atraindo polinizadores.<\/p>\n<p><strong>F\u00e1cil de cultivar:<\/strong> Resistente e adapt\u00e1vel, cresce bem em solos bem drenados e ensolarados, \u00e9 adequada tanto para principiantes como para cultivadores experientes.<\/p>\n<p><strong>Rico em nutrientes:<\/strong> As sementes de cominho preto s\u00e3o uma fonte natural de \u00e1cidos gordos essenciais, vitaminas e minerais, ideais para uma dieta equilibrada.<\/p>\n<p><strong>Cultivo org\u00e2nico:<\/strong> As nossas sementes s\u00e3o <strong>100% org\u00e2nicas<\/strong>, livres de pesticidas e fertilizantes qu\u00edmicos, garantindo um cultivo sustent\u00e1vel e amigo do ambiente.<\/p>\n<p>Adiciona <strong>cominhos pretos org\u00e2nicos<\/strong> ao teu <strong>jardim e<\/strong> \u00e0 tua <strong>horta<\/strong> para desfrutares da sua versatilidade culin\u00e1ria, dos seus benef\u00edcios para a sa\u00fade e da sua beleza natural - encomenda hoje e come\u00e7a a cultivar! <\/p>\n","protected":false},"featured_media":16237,"comment_status":"open","ping_status":"closed","template":"","meta":{"_acf_changed":false},"product_brand":[],"product_cat":[737,427],"product_tag":[1578],"woo-feed-brand":[],"class_list":{"0":"post-19367","1":"product","2":"type-product","3":"status-publish","4":"has-post-thumbnail","6":"product_cat-sementes-aromaticas-biologicas","7":"product_cat-sementes-organicas-2","8":"product_tag-eco","10":"first","11":"outofstock","12":"taxable","13":"shipping-taxable","14":"purchasable","15":"product-type-simple"},"acf":[],"_links":{"self":[{"href":"https:\/\/cultivers.es\/pt-pt\/wp-json\/wp\/v2\/product\/19367","targetHints":{"allow":["GET"]}}],"collection":[{"href":"https:\/\/cultivers.es\/pt-pt\/wp-json\/wp\/v2\/product"}],"about":[{"href":"https:\/\/cultivers.es\/pt-pt\/wp-json\/wp\/v2\/types\/product"}],"replies":[{"embeddable":true,"href":"https:\/\/cultivers.es\/pt-pt\/wp-json\/wp\/v2\/comments?post=19367"}],"wp:featuredmedia":[{"embeddable":true,"href":"https:\/\/cultivers.es\/pt-pt\/wp-json\/wp\/v2\/media\/16237"}],"wp:attachment":[{"href":"https:\/\/cultivers.es\/pt-pt\/wp-json\/wp\/v2\/media?parent=19367"}],"wp:term":[{"taxonomy":"product_brand","embeddable":true,"href":"https:\/\/cultivers.es\/pt-pt\/wp-json\/wp\/v2\/product_brand?post=19367"},{"taxonomy":"product_cat","embeddable":true,"href":"https:\/\/cultivers.es\/pt-pt\/wp-json\/wp\/v2\/product_cat?post=19367"},{"taxonomy":"product_tag","embeddable":true,"href":"https:\/\/cultivers.es\/pt-pt\/wp-json\/wp\/v2\/product_tag?post=19367"},{"taxonomy":"woo-feed-brand","embeddable":true,"href":"https:\/\/cultivers.es\/pt-pt\/wp-json\/wp\/v2\/woo-feed-brand?post=19367"}],"curies":[{"name":"wp","href":"https:\/\/api.w.org\/{rel}","templated":true}]}}