{"id":19379,"date":"2022-11-29T10:08:08","date_gmt":"2022-11-29T10:08:08","guid":{"rendered":"https:\/\/cultivers.es\/abonos\/nabicas-di-milano-a-colleto-viola-sementes-biologicas\/"},"modified":"2025-09-22T04:43:58","modified_gmt":"2025-09-22T04:43:58","slug":"nabos-di-milano-a-coleto-viola-ecologicas","status":"publish","type":"product","link":"https:\/\/cultivers.es\/pt-pt\/fertilizantes\/nabos-di-milano-a-coleto-viola-ecologicas\/","title":{"rendered":"Nabi\u00e7as - Colleto Viola Sementes"},"content":{"rendered":"","protected":false},"excerpt":{"rendered":"<p>El <strong>Nabo Di Milano A Colleto Viola<\/strong> (<em>Brassica rapa var. rapa <\/em>) \u00e9 uma variedade tradicional italiana, conhecida pela sua forma arredondada, pela sua pele branca com uma atraente ruga <strong>violeta<\/strong> e pelo seu sabor suave e ligeiramente doce. Este nabo \u00e9 ideal para saladas, guisados, cremes e pratos assados, dando-lhe um toque nutritivo e delicioso. \u00c9 tamb\u00e9m uma planta f\u00e1cil de cultivar, perfeita para a tua <strong>horta<\/strong>, tanto no outono como na primavera.  <\/p>\n<p><strong>Ra\u00edzes elegantes e saborosas:<\/strong> Produz nabos redondos com um contraste de cor \u00fanico entre o branco da pele e o roxo do pesco\u00e7o, que se destaca tanto pelo aspeto como pelo sabor.<\/p>\n<p><strong>Sabor suave e vers\u00e1til:<\/strong> O seu sabor doce e a sua textura tenra tornam-na ideal para comer crua em saladas ou cozinhada em sopas, pur\u00e9s e acompanhamentos.<\/p>\n<p><strong>Cresce rapidamente e \u00e9 resistente:<\/strong> \u00c9 uma variedade de crescimento r\u00e1pido, perfeita para sementeiras de curta dura\u00e7\u00e3o, com uma colheita em apenas 40-60 dias.<\/p>\n<p><strong>Rico em nutrientes:<\/strong> O nabo \u00e9 uma excelente fonte de vitaminas C e K, bem como de minerais como o c\u00e1lcio e o pot\u00e1ssio, o que faz dele um alimento saud\u00e1vel e nutritivo.<\/p>\n<p><strong>F\u00e1cil de cultivar:<\/strong> adapt\u00e1vel a diferentes tipos de solo e climas, resistente e adequado tanto para principiantes como para cultivadores experientes.<\/p>\n<p><strong>Cultivo org\u00e2nico:<\/strong> As nossas sementes s\u00e3o <strong>100% org\u00e2nicas<\/strong>, livres de pesticidas e fertilizantes qu\u00edmicos, promovendo um <strong>jardim<\/strong> sustent\u00e1vel e amigo do ambiente.<\/p>\n<p>Desfruta da qualidade, do sabor e da beleza do <strong>Nabo Org\u00e2nico Di Milano A Colleto Viola<\/strong>, um ingrediente \u00fanico e saud\u00e1vel que encher\u00e1 a tua mesa de tradi\u00e7\u00e3o e frescura, encomenda hoje e come\u00e7a a cultiv\u00e1-lo na tua horta! <\/p>\n","protected":false},"featured_media":16232,"comment_status":"open","ping_status":"closed","template":"","meta":{"_acf_changed":false},"product_brand":[],"product_cat":[428,427],"product_tag":[1578],"class_list":{"0":"post-19379","1":"product","2":"type-product","3":"status-publish","4":"has-post-thumbnail","6":"product_cat-sementes-de-brassicas-biologicas","7":"product_cat-sementes-organicas-2","8":"product_tag-eco","10":"first","11":"instock","12":"sale","13":"taxable","14":"shipping-taxable","15":"purchasable","16":"product-type-simple"},"acf":[],"_links":{"self":[{"href":"https:\/\/cultivers.es\/pt-pt\/wp-json\/wp\/v2\/product\/19379","targetHints":{"allow":["GET"]}}],"collection":[{"href":"https:\/\/cultivers.es\/pt-pt\/wp-json\/wp\/v2\/product"}],"about":[{"href":"https:\/\/cultivers.es\/pt-pt\/wp-json\/wp\/v2\/types\/product"}],"replies":[{"embeddable":true,"href":"https:\/\/cultivers.es\/pt-pt\/wp-json\/wp\/v2\/comments?post=19379"}],"wp:featuredmedia":[{"embeddable":true,"href":"https:\/\/cultivers.es\/pt-pt\/wp-json\/wp\/v2\/media\/16232"}],"wp:attachment":[{"href":"https:\/\/cultivers.es\/pt-pt\/wp-json\/wp\/v2\/media?parent=19379"}],"wp:term":[{"taxonomy":"product_brand","embeddable":true,"href":"https:\/\/cultivers.es\/pt-pt\/wp-json\/wp\/v2\/product_brand?post=19379"},{"taxonomy":"product_cat","embeddable":true,"href":"https:\/\/cultivers.es\/pt-pt\/wp-json\/wp\/v2\/product_cat?post=19379"},{"taxonomy":"product_tag","embeddable":true,"href":"https:\/\/cultivers.es\/pt-pt\/wp-json\/wp\/v2\/product_tag?post=19379"}],"curies":[{"name":"wp","href":"https:\/\/api.w.org\/{rel}","templated":true}]}}