{"id":19380,"date":"2022-11-29T14:29:32","date_gmt":"2022-11-29T14:29:32","guid":{"rendered":"https:\/\/cultivers.es\/abonos\/rizopunch\/"},"modified":"2025-09-22T05:36:42","modified_gmt":"2025-09-22T05:36:42","slug":"rizopunch","status":"publish","type":"product","link":"https:\/\/cultivers.es\/pt-pt\/fertilizantes\/rizopunch\/","title":{"rendered":"RizoPunch"},"content":{"rendered":"<p>Solu\u00e7\u00e3o de mangan\u00eas complexada por compostos org\u00e2nicos. Os seus nutrientes favorecem a reativa\u00e7\u00e3o do desenvolvimento radicular e vegetativo ap\u00f3s situa\u00e7\u00f5es de stress bi\u00f3tico. Devido ao seu modo eficiente de complexa\u00e7\u00e3o, proporciona uma r\u00e1pida absor\u00e7\u00e3o e uma elevada transloca\u00e7\u00e3o atrav\u00e9s dos tecidos vegetais. \u00c9 particularmente adequado para prevenir ou corrigir sintomas de defici\u00eancia devidos a car\u00eancias de mangan\u00eas ou a uma fraca semelhan\u00e7a de mangan\u00eas. A sua aplica\u00e7\u00e3o evita anomalias no desenvolvimento das folhas e na estrutura dos tecidos vegetais. Os nutrientes presentes na sua formula\u00e7\u00e3o melhoram a circula\u00e7\u00e3o da seiva e potenciam o desenvolvimento dos \u00f3rg\u00e3os vegetais com crescimento ativo, induzindo um aumento da germina\u00e7\u00e3o e um aumento do desenvolvimento radicular, especialmente dos p\u00ealos absorventes, que t\u00eam uma maior capacidade de assimila\u00e7\u00e3o de \u00e1gua e nutrientes. A sua aplica\u00e7\u00e3o regular melhora a sa\u00fade das culturas e aumenta a produtividade. Produto biol\u00f3gico natural e n\u00e3o t\u00f3xico. A sua utiliza\u00e7\u00e3o n\u00e3o representa um risco para a sa\u00fade humana, animal ou para o ambiente.<\/p>\n","protected":false},"excerpt":{"rendered":"<p>Promove e protege o sistema radicular, ativa a cria\u00e7\u00e3o de ra\u00edzes e ajuda a planta a crescer.<br \/>\nFormulado para uma r\u00e1pida absor\u00e7\u00e3o e transloca\u00e7\u00e3o pelos tecidos vegetais, enriquecido com extractos de fermenta\u00e7\u00e3o com propriedades nutritivas e elicitoras.<br \/>\n\u00c9 especialmente indicado para evitar ou corrigir sintomas de car\u00eancia destes elementos, prevenir anomalias no desenvolvimento das folhas e na estrutura\u00e7\u00e3o dos tecidos.<br \/>\nMelhor qualidade das colheitas. Melhor utiliza\u00e7\u00e3o do transporte de nutrientes do xilema-floema.<\/p>\n","protected":false},"featured_media":16317,"comment_status":"open","ping_status":"closed","template":"","meta":{"_acf_changed":false},"product_brand":[],"product_cat":[724],"product_tag":[],"woo-feed-brand":[],"class_list":{"0":"post-19380","1":"product","2":"type-product","3":"status-publish","4":"has-post-thumbnail","6":"product_cat-growpunch-pt-pt","8":"first","9":"instock","10":"taxable","11":"shipping-taxable","12":"purchasable","13":"product-type-variable"},"acf":[],"_links":{"self":[{"href":"https:\/\/cultivers.es\/pt-pt\/wp-json\/wp\/v2\/product\/19380","targetHints":{"allow":["GET"]}}],"collection":[{"href":"https:\/\/cultivers.es\/pt-pt\/wp-json\/wp\/v2\/product"}],"about":[{"href":"https:\/\/cultivers.es\/pt-pt\/wp-json\/wp\/v2\/types\/product"}],"replies":[{"embeddable":true,"href":"https:\/\/cultivers.es\/pt-pt\/wp-json\/wp\/v2\/comments?post=19380"}],"wp:featuredmedia":[{"embeddable":true,"href":"https:\/\/cultivers.es\/pt-pt\/wp-json\/wp\/v2\/media\/16317"}],"wp:attachment":[{"href":"https:\/\/cultivers.es\/pt-pt\/wp-json\/wp\/v2\/media?parent=19380"}],"wp:term":[{"taxonomy":"product_brand","embeddable":true,"href":"https:\/\/cultivers.es\/pt-pt\/wp-json\/wp\/v2\/product_brand?post=19380"},{"taxonomy":"product_cat","embeddable":true,"href":"https:\/\/cultivers.es\/pt-pt\/wp-json\/wp\/v2\/product_cat?post=19380"},{"taxonomy":"product_tag","embeddable":true,"href":"https:\/\/cultivers.es\/pt-pt\/wp-json\/wp\/v2\/product_tag?post=19380"},{"taxonomy":"woo-feed-brand","embeddable":true,"href":"https:\/\/cultivers.es\/pt-pt\/wp-json\/wp\/v2\/woo-feed-brand?post=19380"}],"curies":[{"name":"wp","href":"https:\/\/api.w.org\/{rel}","templated":true}]}}