{"id":19384,"date":"2022-11-29T11:06:45","date_gmt":"2022-11-29T11:06:45","guid":{"rendered":"https:\/\/cultivers.es\/abonos\/sementes-de-borragem-biologicas\/"},"modified":"2025-09-22T04:44:15","modified_gmt":"2025-09-22T04:44:15","slug":"sementes-de-beterraba-biologica-sementes-ecologicas","status":"publish","type":"product","link":"https:\/\/cultivers.es\/pt-pt\/fertilizantes\/sementes-de-beterraba-biologica-sementes-ecologicas\/","title":{"rendered":"Sementes de borragem Biodin\u00e2mica Demeter"},"content":{"rendered":"","protected":false},"excerpt":{"rendered":"<p><strong>A borragem<\/strong><em>(Borago officinalis<\/em>) \u00e9 uma planta anual conhecida pelas suas belas <strong>flores de um azul profundo<\/strong> e pelas suas folhas comest\u00edveis com um sabor fresco e delicado. \u00c9 muito apreciada tanto na cozinha, especialmente na cozinha tradicional, como no <strong>jardim e<\/strong> no <strong>pomar<\/strong> pela sua capacidade de atrair polinizadores. As suas flores n\u00e3o s\u00e3o apenas decorativas, mas tamb\u00e9m comest\u00edveis, perfeitas para saladas e decora\u00e7\u00f5es culin\u00e1rias. Para al\u00e9m disso, a certifica\u00e7\u00e3o <strong>Demeter<\/strong> garante que estas sementes foram cultivadas seguindo os princ\u00edpios da agricultura biodin\u00e2mica, assegurando a m\u00e1xima qualidade e sustentabilidade.   <\/p>\n<p><strong>Flores bonitas e comest\u00edveis:<\/strong> As suas flores azuis brilhantes s\u00e3o um verdadeiro espet\u00e1culo visual, ideais para decorar saladas, sobremesas e pratos frescos.<\/p>\n<p><strong>Folhas frescas e vers\u00e1teis:<\/strong> As suas folhas tenras s\u00e3o perfeitas para cozinhar em guisados, salteados ou mesmo para preparar infus\u00f5es, proporcionando um sabor fresco e natural.<\/p>\n<p><strong>Atraente para os polinizadores:<\/strong> A borragem \u00e9 uma planta mel\u00edfera que atrai abelhas e borboletas, favorecendo a biodiversidade no <strong>pomar e<\/strong> no <strong>jardim<\/strong>.<\/p>\n<p><strong>Propriedades medicinais:<\/strong> Tradicionalmente utilizada em ch\u00e1s de ervas e prepara\u00e7\u00f5es naturais, a borragem \u00e9 conhecida pelas suas propriedades anti-inflamat\u00f3rias, diur\u00e9ticas e relaxantes.<\/p>\n<p><strong>F\u00e1cil de cultivar:<\/strong> Resistente e adapt\u00e1vel, desenvolve-se em solos bem drenados e ensolarados e \u00e9 ideal para jardineiros principiantes e experientes.<\/p>\n<p><strong>Certifica\u00e7\u00e3o Demeter:<\/strong> Estas sementes biodin\u00e2micas garantem um cultivo sustent\u00e1vel que respeita os ciclos naturais do solo e do ambiente.<\/p>\n<p><strong>Cultivo Org\u00e2nico:<\/strong> As nossas sementes s\u00e3o <strong>100% org\u00e2nicas<\/strong>, livres de pesticidas e fertilizantes qu\u00edmicos, promovendo uma <strong>horta e<\/strong> um <strong>pomar<\/strong> sustent\u00e1veis.<\/p>\n<p>Enche o teu <strong>jardim e o<\/strong> teu <strong>pomar<\/strong> de cor, vida e versatilidade com <strong>Demeter Organic Borage<\/strong>, uma planta que combina beleza, utilidade culin\u00e1ria e benef\u00edcios para a biodiversidade. Encomenda hoje e desfruta desta maravilhosa variedade! <\/p>\n","protected":false},"featured_media":16242,"comment_status":"open","ping_status":"closed","template":"","meta":{"_acf_changed":false},"product_brand":[],"product_cat":[1310,498,427],"product_tag":[1270],"class_list":{"0":"post-19384","1":"product","2":"type-product","3":"status-publish","4":"has-post-thumbnail","6":"product_cat-recomendar-sementes","7":"product_cat-sementes-de-flores-comestiveis-organicas","8":"product_cat-sementes-organicas-2","9":"product_tag-demeter-pt-pt","11":"first","12":"instock","13":"taxable","14":"shipping-taxable","15":"purchasable","16":"product-type-simple"},"acf":[],"_links":{"self":[{"href":"https:\/\/cultivers.es\/pt-pt\/wp-json\/wp\/v2\/product\/19384","targetHints":{"allow":["GET"]}}],"collection":[{"href":"https:\/\/cultivers.es\/pt-pt\/wp-json\/wp\/v2\/product"}],"about":[{"href":"https:\/\/cultivers.es\/pt-pt\/wp-json\/wp\/v2\/types\/product"}],"replies":[{"embeddable":true,"href":"https:\/\/cultivers.es\/pt-pt\/wp-json\/wp\/v2\/comments?post=19384"}],"wp:featuredmedia":[{"embeddable":true,"href":"https:\/\/cultivers.es\/pt-pt\/wp-json\/wp\/v2\/media\/16242"}],"wp:attachment":[{"href":"https:\/\/cultivers.es\/pt-pt\/wp-json\/wp\/v2\/media?parent=19384"}],"wp:term":[{"taxonomy":"product_brand","embeddable":true,"href":"https:\/\/cultivers.es\/pt-pt\/wp-json\/wp\/v2\/product_brand?post=19384"},{"taxonomy":"product_cat","embeddable":true,"href":"https:\/\/cultivers.es\/pt-pt\/wp-json\/wp\/v2\/product_cat?post=19384"},{"taxonomy":"product_tag","embeddable":true,"href":"https:\/\/cultivers.es\/pt-pt\/wp-json\/wp\/v2\/product_tag?post=19384"}],"curies":[{"name":"wp","href":"https:\/\/api.w.org\/{rel}","templated":true}]}}