{"id":19388,"date":"2022-11-29T14:29:48","date_gmt":"2022-11-29T14:29:48","guid":{"rendered":"https:\/\/cultivers.es\/abonos\/bloompunch\/"},"modified":"2025-09-22T05:36:59","modified_gmt":"2025-09-22T05:36:59","slug":"bloompunch","status":"publish","type":"product","link":"https:\/\/cultivers.es\/pt-pt\/fertilizantes\/bloompunch\/","title":{"rendered":"BloomPunch"},"content":{"rendered":"","protected":false},"excerpt":{"rendered":"<div class=\"page\" title=\"P\u00e1gina 12\">\n<div class=\"section\">\n<div class=\"layoutArea\">\n<div class=\"column\">\n<p>Fertilizante de flora\u00e7\u00e3o NPK 3-4-3<br \/>\nNPK NPK org\u00e2nico com \u00e1cidos h\u00famicos e amino\u00e1cidos.<\/p>\n<\/div>\n<\/div>\n<\/div>\n<\/div>\n<p>Mat\u00e9ria org\u00e2nica e \u00e1cidos f\u00falvicos, elementos indispens\u00e1veis como N, P, K, Ca, bem como subst\u00e2ncias bioestimulantes naturais como beta\u00ednas, a\u00e7\u00facares, prote\u00ednas, enzimas, auxinas e vitaminas.<br \/>\nFormulado a partir de mat\u00e9ria org\u00e2nica obtida de plantas. Melhora a rizosfera, ret\u00e9m \u00e1gua e oxig\u00e9nio no solo, bem como estimula o desenvolvimento dos \u00f3rg\u00e3os verdes e dos rebentos das plantas em situa\u00e7\u00f5es adversas. <\/p>\n","protected":false},"featured_media":16297,"comment_status":"open","ping_status":"closed","template":"","meta":{"_acf_changed":false},"product_brand":[],"product_cat":[724],"product_tag":[],"class_list":{"0":"post-19388","1":"product","2":"type-product","3":"status-publish","4":"has-post-thumbnail","6":"product_cat-growpunch-pt-pt","8":"first","9":"instock","10":"taxable","11":"shipping-taxable","12":"purchasable","13":"product-type-variable"},"acf":[],"_links":{"self":[{"href":"https:\/\/cultivers.es\/pt-pt\/wp-json\/wp\/v2\/product\/19388","targetHints":{"allow":["GET"]}}],"collection":[{"href":"https:\/\/cultivers.es\/pt-pt\/wp-json\/wp\/v2\/product"}],"about":[{"href":"https:\/\/cultivers.es\/pt-pt\/wp-json\/wp\/v2\/types\/product"}],"replies":[{"embeddable":true,"href":"https:\/\/cultivers.es\/pt-pt\/wp-json\/wp\/v2\/comments?post=19388"}],"wp:featuredmedia":[{"embeddable":true,"href":"https:\/\/cultivers.es\/pt-pt\/wp-json\/wp\/v2\/media\/16297"}],"wp:attachment":[{"href":"https:\/\/cultivers.es\/pt-pt\/wp-json\/wp\/v2\/media?parent=19388"}],"wp:term":[{"taxonomy":"product_brand","embeddable":true,"href":"https:\/\/cultivers.es\/pt-pt\/wp-json\/wp\/v2\/product_brand?post=19388"},{"taxonomy":"product_cat","embeddable":true,"href":"https:\/\/cultivers.es\/pt-pt\/wp-json\/wp\/v2\/product_cat?post=19388"},{"taxonomy":"product_tag","embeddable":true,"href":"https:\/\/cultivers.es\/pt-pt\/wp-json\/wp\/v2\/product_tag?post=19388"}],"curies":[{"name":"wp","href":"https:\/\/api.w.org\/{rel}","templated":true}]}}